{"id":227694,"date":"2019-09-01T14:52:26","date_gmt":"2019-09-01T14:52:26","guid":{"rendered":"http:\/\/beta.rctvintl.com\/?post_type=product&#038;p=227694"},"modified":"2024-05-09T21:45:24","modified_gmt":"2024-05-09T21:45:24","slug":"almasenpena","status":"publish","type":"product","link":"http:\/\/3.144.191.25\/en\/product\/almasenpena\/","title":{"rendered":"Almas En Pena"},"content":{"rendered":"<div style=\"width: 100%; min-height: 1px;\" id=\"vimeo-wc-video-6a022fa23f6f1\" data-js=\"vimeo-wc-video\" data-atts=\"{&quot;autopause&quot;:&quot;true&quot;,&quot;autoplay&quot;:false,&quot;background&quot;:false,&quot;byline&quot;:&quot;true&quot;,&quot;color&quot;:&quot;none&quot;,&quot;controls&quot;:&quot;true&quot;,&quot;dnt&quot;:&quot;true&quot;,&quot;height&quot;:&quot;none&quot;,&quot;id&quot;:false,&quot;loop&quot;:false,&quot;maxheight&quot;:&quot;none&quot;,&quot;maxwidth&quot;:&quot;none&quot;,&quot;muted&quot;:false,&quot;pip&quot;:false,&quot;playsinline&quot;:&quot;true&quot;,&quot;portrait&quot;:&quot;true&quot;,&quot;quality&quot;:&quot;auto&quot;,&quot;responsive&quot;:&quot;true&quot;,&quot;speed&quot;:false,&quot;texttrack&quot;:&quot;none&quot;,&quot;title&quot;:&quot;true&quot;,&quot;transparent&quot;:true,&quot;url&quot;:&quot;https:\\\/\\\/vimeo.com\\\/374004669&quot;,&quot;width&quot;:&quot;none&quot;}\"><\/div>","protected":false},"excerpt":{"rendered":"<p style=\"text-align: justify;\"><img decoding=\"async\" loading=\"lazy\" class=\"alignnone size-medium wp-image-230782\" src=\"\/wp-content\/uploads\/2019\/09\/claquetas-Corregidas-002-225x300.png\" alt=\"\" width=\"225\" height=\"300\" \/><\/p>\n<p><img decoding=\"async\" loading=\"lazy\" class=\"alignnone size-full wp-image-232350\" src=\"\/wp-content\/uploads\/2020\/10\/Sinopsis.png\" alt=\"\" width=\"125\" height=\"57\" \/><\/p>\n<p style=\"text-align: justify;\">Diez j\u00f3venes\u00a0<em>youtubers\u00a0<\/em>especialistas en<em>\u00a0thrillers<\/em>\u00a0y la cultura de la muerte, son invitados a descubrir la verdad detr\u00e1s de las historias de espantos y <strong>almas<\/strong><strong>\u00a0en pena<\/strong>.<\/p>\n<p style=\"text-align: justify;\">A partir de esa reuni\u00f3n se suscitan una serie de eventos sobrenaturales y otros muy mundanos, pero llenos de <strong>terror y misterio<\/strong>. Siete<em> influencers<\/em> resultan muertos y tres desaparecen sin dejar rastro.<\/p>\n<p style=\"text-align: justify;\">Una investigaci\u00f3n policial se inicia para tratar de descubrir cu\u00e1l es la relaci\u00f3n de estas muertes con las leyendas de las almas que no consiguieron el eterno descanso y est\u00e1n deambulando en la tierra.<\/p>\n<p style=\"text-align: justify;\">Una coproducci\u00f3n de RCTV y Jos\u00e9 Sim\u00f3n Escalona que marca el retorno exitoso a esta l\u00ednea de contenido, el terror y las leyendas latinoamericanas.\u00a0Una primera temporada de 13 episodios que te llevar\u00e1 a conocer a <strong>La Sayona<\/strong>,\u00a0<strong>El Tunche<\/strong> <strong>Maligno<\/strong>, <strong>Tunda: La Hija del Diablo<\/strong>,\u00a0entre otras almas que penan en la eternidad y pueden estar a tu lado sin que te des cuenta.<\/p>\n<p>&nbsp;<\/p>\n<p><img decoding=\"async\" loading=\"lazy\" class=\"alignnone size-full wp-image-231431\" src=\"\/wp-content\/uploads\/2020\/04\/deberias-saber-que.jpg\" alt=\"\" width=\"265\" height=\"39\" \/><\/p>\n<p style=\"text-align: justify;\">Gracias al \u00e9xito obtenido en su primera temporada, se encuentra en la preproducci\u00f3n de la segunda. Y es que <strong>RCTV<\/strong> cuenta entre sus t\u00edtulos varias producciones del g\u00e9nero del suspenso y terror. La serie <strong>Archivos del M\u00e1s All\u00e1<\/strong> y pel\u00edculas para la Tv como: <strong>La Llorona<\/strong>, <strong>El Carro Embrujado<\/strong>, <strong>Presagio<\/strong>, <strong>La mano<\/strong>, entre otros filmes, son algunas de las incursiones en este particular contenido.<\/p>\n<p style=\"text-align: justify;\">Una filmograf\u00eda impecable en la que destaca la m\u00fasica creada por <strong>Rudy La Scala<\/strong>, especialmente para esta serie.<\/p>","protected":false},"featured_media":231228,"template":"","meta":{"_et_pb_use_builder":"","_et_pb_old_content":"","_et_gb_content_width":""},"product_cat":[27],"product_tag":[325],"acf":[],"_links":{"self":[{"href":"http:\/\/3.144.191.25\/en\/wp-json\/wp\/v2\/product\/227694"}],"collection":[{"href":"http:\/\/3.144.191.25\/en\/wp-json\/wp\/v2\/product"}],"about":[{"href":"http:\/\/3.144.191.25\/en\/wp-json\/wp\/v2\/types\/product"}],"wp:featuredmedia":[{"embeddable":true,"href":"http:\/\/3.144.191.25\/en\/wp-json\/wp\/v2\/media\/231228"}],"wp:attachment":[{"href":"http:\/\/3.144.191.25\/en\/wp-json\/wp\/v2\/media?parent=227694"}],"wp:term":[{"taxonomy":"product_cat","embeddable":true,"href":"http:\/\/3.144.191.25\/en\/wp-json\/wp\/v2\/product_cat?post=227694"},{"taxonomy":"product_tag","embeddable":true,"href":"http:\/\/3.144.191.25\/en\/wp-json\/wp\/v2\/product_tag?post=227694"}],"curies":[{"name":"wp","href":"https:\/\/api.w.org\/{rel}","templated":true}]}}