{"id":227724,"date":"2019-08-04T17:11:50","date_gmt":"2019-08-04T17:11:50","guid":{"rendered":"http:\/\/beta.rctvintl.com\/?post_type=product&#038;p=227724"},"modified":"2025-05-08T00:44:05","modified_gmt":"2025-05-08T00:44:05","slug":"rubi-2","status":"publish","type":"product","link":"http:\/\/3.144.191.25\/en\/product\/rubi-2\/","title":{"rendered":"Rub\u00ed"},"content":{"rendered":"<p style=\"text-align: center;\"><div style=\"width: 100%; min-height: 1px;\" id=\"vimeo-wc-video-6a021518a4ffe\" data-js=\"vimeo-wc-video\" data-atts=\"{&quot;autopause&quot;:&quot;true&quot;,&quot;autoplay&quot;:false,&quot;background&quot;:false,&quot;byline&quot;:&quot;true&quot;,&quot;color&quot;:&quot;none&quot;,&quot;controls&quot;:&quot;true&quot;,&quot;dnt&quot;:&quot;true&quot;,&quot;height&quot;:&quot;none&quot;,&quot;id&quot;:false,&quot;loop&quot;:false,&quot;maxheight&quot;:&quot;none&quot;,&quot;maxwidth&quot;:&quot;none&quot;,&quot;muted&quot;:false,&quot;pip&quot;:false,&quot;playsinline&quot;:&quot;true&quot;,&quot;portrait&quot;:&quot;true&quot;,&quot;quality&quot;:&quot;auto&quot;,&quot;responsive&quot;:&quot;true&quot;,&quot;speed&quot;:false,&quot;texttrack&quot;:&quot;none&quot;,&quot;title&quot;:&quot;true&quot;,&quot;transparent&quot;:true,&quot;url&quot;:&quot;https:\\\/\\\/vimeo.com\\\/745549380\\\/519b7fde82&quot;,&quot;width&quot;:&quot;none&quot;}\"><\/div><\/p>\n<p>&nbsp;<\/p>\n<p>&nbsp;<\/p>\n<p style=\"text-align: justify;\">","protected":false},"excerpt":{"rendered":"<p><img decoding=\"async\" loading=\"lazy\" class=\"alignnone wp-image-231152 size-medium\" src=\"http:\/\/www.rctvinternational.com\/wp-content\/uploads\/2019\/08\/claquetas-Corregidas-16-225x300.png\" alt=\"\" width=\"225\" height=\"300\" \/><\/p>\n<p><img decoding=\"async\" loading=\"lazy\" class=\"alignnone size-full wp-image-232350\" src=\"http:\/\/www.rctvinternational.com\/wp-content\/uploads\/2020\/10\/Sinopsis.png\" alt=\"\" width=\"125\" height=\"57\" \/><\/p>\n<p style=\"text-align: justify;\" class=\"translation-block\">The story of a young newspaper seller, used to the hostility and fury of a city, will change after an incident, which will put her in front of the man who will mark her destiny.  Rub\u00ed (Mariela Alcal\u00e1) lives in a popular sector in great poverty.\nShe does not know her parents and is the victim of a woman who takes advantage of her for having picked her up on the street. Miraculously, she is saved from being run over by Victor Alfonso (Jaime Araque), a student from a wealthy, noble family with life and goals already mapped out.<\/p>\n<p style=\"text-align: justify;\">V\u00edctor Alfonso se encari\u00f1a con la inocente y rebelde muchacha y la lleva a su casa, donde comienza a trabajar como criada, con la finalidad de mejorar sus condiciones econ\u00f3micas.<\/p>\n<p style=\"text-align: justify;\" class=\"translation-block\">Rubi's stay at Miranda's house takes an unexpected turn as she becomes the heir to the family fortune, after Do\u00f1a Leonor, Victor Alfonso's grandmother makes a change in her will before she dies.<\/p>\n<p style=\"text-align: justify;\">Sin embargo, <strong>Rub\u00ed<\/strong> desconoce el nuevo ambiente en el cual deber\u00e1 desenvolverse y su car\u00e1cter indomable le juega una mala pasada. La joven tendr\u00e1 que sacar a relucir el valor y la determinaci\u00f3n que la ayudaron a sobrevivir en las calles, pero ahora con el objetivo de ganarse el respeto de todos y consolidar su relaci\u00f3n con V\u00edctor Alfonso.<\/p>\n<p><img decoding=\"async\" loading=\"lazy\" class=\"alignnone size-full wp-image-231431\" src=\"http:\/\/www.rctvinternational.com\/wp-content\/uploads\/2020\/04\/deberias-saber-que.jpg\" alt=\"\" width=\"265\" height=\"39\" \/><\/p>\n<p>M\u00e1s de 10 millones de personas se sentaron frente a sus televisores para observar el impactante final de <strong>Rub\u00ed<\/strong>.<\/p>\n<p>Esta producci\u00f3n de<strong> RCTV<\/strong> acapar\u00f3 la atenci\u00f3n de la teleaudiencia en los 26 pa\u00edses donde fue vista, entre ellos se encuentra: Panam\u00e1, Costa Rica, Guatemala, Turqu\u00eda, Italia, Bulgaria, EE. UU., Chile, Vietnam y Espa\u00f1a.<\/p>","protected":false},"featured_media":231218,"template":"","meta":{"_et_pb_use_builder":"","_et_pb_old_content":"","_et_gb_content_width":""},"product_cat":[22],"product_tag":[243,393,319,40],"acf":[],"_links":{"self":[{"href":"http:\/\/3.144.191.25\/en\/wp-json\/wp\/v2\/product\/227724"}],"collection":[{"href":"http:\/\/3.144.191.25\/en\/wp-json\/wp\/v2\/product"}],"about":[{"href":"http:\/\/3.144.191.25\/en\/wp-json\/wp\/v2\/types\/product"}],"wp:featuredmedia":[{"embeddable":true,"href":"http:\/\/3.144.191.25\/en\/wp-json\/wp\/v2\/media\/231218"}],"wp:attachment":[{"href":"http:\/\/3.144.191.25\/en\/wp-json\/wp\/v2\/media?parent=227724"}],"wp:term":[{"taxonomy":"product_cat","embeddable":true,"href":"http:\/\/3.144.191.25\/en\/wp-json\/wp\/v2\/product_cat?post=227724"},{"taxonomy":"product_tag","embeddable":true,"href":"http:\/\/3.144.191.25\/en\/wp-json\/wp\/v2\/product_tag?post=227724"}],"curies":[{"name":"wp","href":"https:\/\/api.w.org\/{rel}","templated":true}]}}