{"id":227738,"date":"2019-09-04T18:22:48","date_gmt":"2019-09-04T18:22:48","guid":{"rendered":"http:\/\/beta.rctvintl.com\/?post_type=product&#038;p=227738"},"modified":"2025-05-07T23:05:44","modified_gmt":"2025-05-07T23:05:44","slug":"la-mujer-de-judas-2","status":"publish","type":"product","link":"http:\/\/3.144.191.25\/en\/product\/la-mujer-de-judas-2\/","title":{"rendered":"La Mujer De Judas"},"content":{"rendered":"<p style=\"text-align: center;\"><div style=\"width: 100%; min-height: 1px;\" id=\"vimeo-wc-video-6a022fc6dd86b\" data-js=\"vimeo-wc-video\" data-atts=\"{&quot;autopause&quot;:&quot;true&quot;,&quot;autoplay&quot;:false,&quot;background&quot;:false,&quot;byline&quot;:&quot;true&quot;,&quot;color&quot;:&quot;none&quot;,&quot;controls&quot;:&quot;true&quot;,&quot;dnt&quot;:&quot;true&quot;,&quot;height&quot;:&quot;none&quot;,&quot;id&quot;:false,&quot;loop&quot;:false,&quot;maxheight&quot;:&quot;none&quot;,&quot;maxwidth&quot;:&quot;none&quot;,&quot;muted&quot;:false,&quot;pip&quot;:false,&quot;playsinline&quot;:&quot;true&quot;,&quot;portrait&quot;:&quot;true&quot;,&quot;quality&quot;:&quot;auto&quot;,&quot;responsive&quot;:&quot;true&quot;,&quot;speed&quot;:false,&quot;texttrack&quot;:&quot;none&quot;,&quot;title&quot;:&quot;true&quot;,&quot;transparent&quot;:true,&quot;url&quot;:&quot;https:\\\/\\\/vimeo.com\\\/709679917&quot;,&quot;width&quot;:&quot;none&quot;}\"><\/div><\/p>\n<p>&nbsp;<\/p>\n<p style=\"text-align: justify;\">","protected":false},"excerpt":{"rendered":"<p><img decoding=\"async\" loading=\"lazy\" class=\"alignnone wp-image-231170 size-medium\" src=\"http:\/\/www.rctvinternational.com\/wp-content\/uploads\/2019\/09\/claquetas-Corregidas-10-1-225x300.png\" alt=\"\" width=\"225\" height=\"300\" \/><\/p>\n<p><img decoding=\"async\" loading=\"lazy\" class=\"alignnone wp-image-232350 size-full\" src=\"http:\/\/www.rctvinternational.com\/wp-content\/uploads\/2020\/10\/Sinopsis.png\" alt=\"\" width=\"125\" height=\"57\" \/><\/p>\n<p style=\"text-align: justify;\">Un drama que conjuga la intriga y el misterio en la vida de <strong>Altagracia Del Toro<\/strong>, (Astrid Carolina Herrera), una mujer condenada a prisi\u00f3n por el presunto asesinato de un sacerdote.<\/p>\n<p style=\"text-align: justify;\">Cumplido el tiempo de la pena, la llamada <strong>\u201cMujer de Judas\u201d<\/strong> sale de la c\u00e1rcel decidida a vengarse de quienes la acusaron falsamente del crimen.<\/p>\n<p style=\"text-align: justify;\">Mientras, en el pueblo hay una gran conmoci\u00f3n ante la libertad de &#8216;la asesina&#8217;, la joven e inquieta <strong>Gloria Leal<\/strong> (Chantal Baudaux), aprovecha para elaborar un documental sobre el homicidio, una manera de impulsar su carrera como cineasta.<\/p>\n<p style=\"text-align: justify;\">Gloria recibe la inesperada ayuda de <strong>Salom\u00f3n Vaisman<\/strong> (Juan Carlos Garc\u00eda), un joven soltero, encargado de los negocios de su familia. Entre los dos van atando cabos sueltos en la investigaci\u00f3n mientras se fomenta una relaci\u00f3n amorosa.<\/p>\n<p style=\"text-align: justify;\">La tensi\u00f3n se incrementa cada vez que encuentran una pista del caso, hasta el punto que <strong>Gloria<\/strong> ya no piensa en su carrera, y solo la impulsa el deseo de conocer la verdad que se esconde detr\u00e1s de la misteriosa mujer, a pesar de los riesgos mortales que implica.<\/p>\n<p style=\"text-align: justify;\">La resoluci\u00f3n del homicidio del religioso se convierte en una carrera contra el tiempo que no solo esclarecer\u00e1 el turbio suceso, sino que influir\u00e1 en el amor y las posibilidades de que <strong>Gloria<\/strong> y <strong>Salom\u00f3n<\/strong> est\u00e9n juntos.<\/p>\n<p>&nbsp;<\/p>\n<p><img decoding=\"async\" loading=\"lazy\" class=\"alignnone wp-image-231431 size-full\" src=\"http:\/\/www.rctvinternational.com\/wp-content\/uploads\/2020\/04\/deberias-saber-que.jpg\" alt=\"\" width=\"265\" height=\"39\" \/><\/p>\n<p style=\"text-align: justify;\">El \u00e9xito que tuvo esta telenovela en 2002, provoc\u00f3 que se llevara a cabo una adaptaci\u00f3n que llev\u00f3 el mismo nombre para la TV Azteca en 2012.<\/p>\n<p style=\"text-align: justify;\">En ambos casos, el dram\u00e1tico estuvo bajo la responsabilidad de escritor <strong>Martin Hahn<\/strong>. El ingrediente de misterio, caracter\u00edstico en las obras de este autor venezolano, cal\u00f3 en la preferencia de millones de telespectadores en Latinoam\u00e9rica y Europa.<\/p>","protected":false},"featured_media":233177,"template":"","meta":{"_et_pb_use_builder":"","_et_pb_old_content":"","_et_gb_content_width":""},"product_cat":[23],"product_tag":[55,307,264,306,54,293],"acf":[],"_links":{"self":[{"href":"http:\/\/3.144.191.25\/en\/wp-json\/wp\/v2\/product\/227738"}],"collection":[{"href":"http:\/\/3.144.191.25\/en\/wp-json\/wp\/v2\/product"}],"about":[{"href":"http:\/\/3.144.191.25\/en\/wp-json\/wp\/v2\/types\/product"}],"wp:featuredmedia":[{"embeddable":true,"href":"http:\/\/3.144.191.25\/en\/wp-json\/wp\/v2\/media\/233177"}],"wp:attachment":[{"href":"http:\/\/3.144.191.25\/en\/wp-json\/wp\/v2\/media?parent=227738"}],"wp:term":[{"taxonomy":"product_cat","embeddable":true,"href":"http:\/\/3.144.191.25\/en\/wp-json\/wp\/v2\/product_cat?post=227738"},{"taxonomy":"product_tag","embeddable":true,"href":"http:\/\/3.144.191.25\/en\/wp-json\/wp\/v2\/product_tag?post=227738"}],"curies":[{"name":"wp","href":"https:\/\/api.w.org\/{rel}","templated":true}]}}