{"id":227929,"date":"2019-09-08T15:02:45","date_gmt":"2019-09-08T15:02:45","guid":{"rendered":"http:\/\/beta.rctvintl.com\/?post_type=product&#038;p=227929"},"modified":"2025-05-07T22:55:30","modified_gmt":"2025-05-07T22:55:30","slug":"calle-luna-calle-sol-2","status":"publish","type":"product","link":"http:\/\/3.144.191.25\/en\/product\/calle-luna-calle-sol-2\/","title":{"rendered":"Calle Luna, Calle Sol"},"content":{"rendered":"<p style=\"text-align: center;\"><div style=\"width: 100%; min-height: 1px;\" id=\"vimeo-wc-video-6a0222283d41d\" data-js=\"vimeo-wc-video\" data-atts=\"{&quot;autopause&quot;:&quot;true&quot;,&quot;autoplay&quot;:false,&quot;background&quot;:false,&quot;byline&quot;:&quot;true&quot;,&quot;color&quot;:&quot;none&quot;,&quot;controls&quot;:&quot;true&quot;,&quot;dnt&quot;:&quot;true&quot;,&quot;height&quot;:&quot;none&quot;,&quot;id&quot;:false,&quot;loop&quot;:false,&quot;maxheight&quot;:&quot;none&quot;,&quot;maxwidth&quot;:&quot;none&quot;,&quot;muted&quot;:false,&quot;pip&quot;:false,&quot;playsinline&quot;:&quot;true&quot;,&quot;portrait&quot;:&quot;true&quot;,&quot;quality&quot;:&quot;auto&quot;,&quot;responsive&quot;:&quot;true&quot;,&quot;speed&quot;:false,&quot;texttrack&quot;:&quot;none&quot;,&quot;title&quot;:&quot;true&quot;,&quot;transparent&quot;:true,&quot;url&quot;:&quot;https:\\\/\\\/vimeo.com\\\/778623965&quot;,&quot;width&quot;:&quot;none&quot;}\"><\/div><\/p>\n<p>&nbsp;<\/p>\n<p style=\"text-align: justify;\">","protected":false},"excerpt":{"rendered":"<p><img decoding=\"async\" loading=\"lazy\" class=\"alignnone wp-image-231163 size-medium\" src=\"http:\/\/www.rctvinternational.com\/wp-content\/uploads\/2019\/09\/claquetas-Corregidas-03-1-225x300.png\" alt=\"\" width=\"225\" height=\"300\" \/><\/p>\n<p style=\"text-align: justify;\"><img decoding=\"async\" loading=\"lazy\" class=\"alignnone size-full wp-image-232350\" src=\"http:\/\/www.rctvinternational.com\/wp-content\/uploads\/2020\/10\/Sinopsis.png\" alt=\"\" width=\"125\" height=\"57\" \/><\/p>\n<p style=\"text-align: justify;\">Mar\u00eda Esperanza\u00a0(M\u00f3nica Spear) est\u00e1 llena de ilusiones y deseos de superaci\u00f3n, sus limitados recursos econ\u00f3micos no se interponen en sus sue\u00f1os, hasta que es v\u00edctima de un penoso suceso que demanda todo su fortaleza para poder sobreponerse.<\/p>\n<p style=\"text-align: justify;\">Tiempo despu\u00e9s, y en medio del trauma, ella conoce a Manuel Augusto Mastronardi (<strong>Manuel Sosa<\/strong>), quien acaba de regresar de Inglaterra para tomar posesi\u00f3n de la empresa familiar.<\/p>\n<p style=\"text-align: justify;\">Con \u00e9l, Mar\u00eda Esperanza encuentra la inspiraci\u00f3n necesaria para retomar sus anhelos, mientras que Manuel Augusto rompe el compromiso de casamiento que ten\u00eda con Gabriela Bustamante.<\/p>\n<p style=\"text-align: justify;\">Pero el desenga\u00f1o llega nuevamente al coraz\u00f3n de Mar\u00eda Esperanza al descubrir que Manuel Augusto es hermano de Rafael Eduardo, la persona que a\u00f1os atr\u00e1s le caus\u00f3 gran da\u00f1o.<\/p>\n<p style=\"text-align: justify;\">Para que el amor que sienten el uno por el otro sobreviva, ser\u00e1 necesario afrontar un sin n\u00famero de trabas y marcados prejuicios sociales impulsados por quienes desean verlos separados, en especial por Cecilia Mastronardi, madre de Manuel Augusto.<\/p>\n<p>&nbsp;<\/p>\n<p><img decoding=\"async\" loading=\"lazy\" class=\"alignnone wp-image-231431 size-full\" src=\"http:\/\/www.rctvinternational.com\/wp-content\/uploads\/2020\/04\/deberias-saber-que.jpg\" alt=\"\" width=\"265\" height=\"39\" \/><\/p>\n<p style=\"text-align: justify;\">Se trata de una adaptaci\u00f3n llevada a cabo por Jos\u00e9 Vicente Quintana de la telenovela \u2018<strong>Marielena\u2019, <\/strong>una producci\u00f3n de <strong>RCTV<\/strong> del a\u00f1o 1980.<\/p>\n<p style=\"text-align: justify;\">Entre el 2010 y el 2018, m\u00e1s de 30 pa\u00edses adquirieron los derechos de transmisi\u00f3n. Estos son algunos de ellos: Espa\u00f1a, Puerto Rico, Chile, Nicaragua, Ecuador, Colombia, Canad\u00e1, M\u00e9xico, Bulgaria, Eslovenia, M\u00f3naco, Jap\u00f3n y Estados Unidos.<\/p>","protected":false},"featured_media":231269,"template":"","meta":{"_et_pb_use_builder":"","_et_pb_old_content":"","_et_gb_content_width":""},"product_cat":[23],"product_tag":[47,48,264,286,285],"acf":[],"_links":{"self":[{"href":"http:\/\/3.144.191.25\/en\/wp-json\/wp\/v2\/product\/227929"}],"collection":[{"href":"http:\/\/3.144.191.25\/en\/wp-json\/wp\/v2\/product"}],"about":[{"href":"http:\/\/3.144.191.25\/en\/wp-json\/wp\/v2\/types\/product"}],"wp:featuredmedia":[{"embeddable":true,"href":"http:\/\/3.144.191.25\/en\/wp-json\/wp\/v2\/media\/231269"}],"wp:attachment":[{"href":"http:\/\/3.144.191.25\/en\/wp-json\/wp\/v2\/media?parent=227929"}],"wp:term":[{"taxonomy":"product_cat","embeddable":true,"href":"http:\/\/3.144.191.25\/en\/wp-json\/wp\/v2\/product_cat?post=227929"},{"taxonomy":"product_tag","embeddable":true,"href":"http:\/\/3.144.191.25\/en\/wp-json\/wp\/v2\/product_tag?post=227929"}],"curies":[{"name":"wp","href":"https:\/\/api.w.org\/{rel}","templated":true}]}}