{"id":227957,"date":"2019-09-01T04:53:38","date_gmt":"2019-09-01T04:53:38","guid":{"rendered":"http:\/\/beta.rctvintl.com\/?post_type=product&#038;p=227957"},"modified":"2025-05-07T23:15:57","modified_gmt":"2025-05-07T23:15:57","slug":"carita-pintada-2","status":"publish","type":"product","link":"http:\/\/3.144.191.25\/en\/product\/carita-pintada-2\/","title":{"rendered":"Carita Pintada"},"content":{"rendered":"<p style=\"text-align: center;\"><div style=\"width: 100%; min-height: 1px;\" id=\"vimeo-wc-video-6a022fb5aa9f9\" data-js=\"vimeo-wc-video\" data-atts=\"{&quot;autopause&quot;:&quot;true&quot;,&quot;autoplay&quot;:false,&quot;background&quot;:false,&quot;byline&quot;:&quot;true&quot;,&quot;color&quot;:&quot;none&quot;,&quot;controls&quot;:&quot;true&quot;,&quot;dnt&quot;:&quot;true&quot;,&quot;height&quot;:&quot;none&quot;,&quot;id&quot;:false,&quot;loop&quot;:false,&quot;maxheight&quot;:&quot;none&quot;,&quot;maxwidth&quot;:&quot;none&quot;,&quot;muted&quot;:false,&quot;pip&quot;:false,&quot;playsinline&quot;:&quot;true&quot;,&quot;portrait&quot;:&quot;true&quot;,&quot;quality&quot;:&quot;auto&quot;,&quot;responsive&quot;:&quot;true&quot;,&quot;speed&quot;:false,&quot;texttrack&quot;:&quot;none&quot;,&quot;title&quot;:&quot;true&quot;,&quot;transparent&quot;:true,&quot;url&quot;:&quot;https:\\\/\\\/vimeo.com\\\/253487828&quot;,&quot;width&quot;:&quot;none&quot;}\"><\/div><\/p>\n<p>&nbsp;<\/p>\n<p style=\"text-align: justify;\">","protected":false},"excerpt":{"rendered":"<p><img decoding=\"async\" loading=\"lazy\" class=\"alignnone wp-image-231164 size-medium\" src=\"http:\/\/www.rctvinternational.com\/wp-content\/uploads\/2019\/09\/claquetas-Corregidas-04-1-225x300.png\" alt=\"\" width=\"225\" height=\"300\" \/><\/p>\n<p><img decoding=\"async\" loading=\"lazy\" class=\"alignnone size-full wp-image-232350\" src=\"http:\/\/www.rctvinternational.com\/wp-content\/uploads\/2020\/10\/Sinopsis.png\" alt=\"\" width=\"125\" height=\"57\" \/><\/p>\n<p style=\"text-align: justify;\">Aurora Pabuena (<strong>Catherine Correia<\/strong>) es una muchacha que hace voltear miradas por su belleza. Pero tambi\u00e9n es luchadora y emprendedora, virtudes que obtiene de Candelaria Pabuena quien la cri\u00f3 como una m\u00e1s de sus hijos, luego de encontrarla en circunstancias casi milagrosas.<\/p>\n<p style=\"text-align: justify;\">Es precisamente la hermosura de <strong>Aurora Pabuena<\/strong> lo que llama la atenci\u00f3n de <strong>Diego C\u00e1ceres <\/strong>y Rodrigo C\u00e1ceres (<strong>Sim\u00f3n Pestana<\/strong>), hermanos gemelos id\u00e9nticos, en la celebraci\u00f3n de las fiestas patronales que se realizan en el pueblo donde ella vive.<\/p>\n<p style=\"text-align: justify;\">A los hermanos solo los diferencia la actitud: <strong>Diego<\/strong> es un muchacho centrado en los estudios y el trabajo, mientras que a Rodrigo solo le interesa obtener todo cuanto pueda sin el mayor esfuerzo.<\/p>\n<p style=\"text-align: justify;\"><strong>Aurora y Diego<\/strong> comienzan su romance, pero Rodrigo planea arruinar esa relaci\u00f3n y usurpa la identidad de su hermano para abusar de ella, sin embargo, un pueblerino lo evita propin\u00e1ndole una golpiza que lo deja en estado de coma.<\/p>\n<p style=\"text-align: justify;\"><strong>Aurora<\/strong> huye a Caracas donde se reencuentra con <strong>Diego<\/strong>, dos a\u00f1os m\u00e1s tarde. Renuevan su relaci\u00f3n, pero Rodrigo de nuevo se hace pasar por su hermano, quien sale del pa\u00eds por negocios. <strong>Aurora <\/strong>cae en la trampa<strong>, <\/strong>se casa con la persona equivocada y empieza un largo sufrimiento.<\/p>\n<p style=\"text-align: justify;\">Cuando<strong> Diego<\/strong> regresa a casa, se entera del entramado organizado por su hermano y piensa que todo est\u00e1 perdido, pero su amor por <strong>Aurora<\/strong> lo alienta y se dispone, junto con ella, a superar las trabas que los mantienen separados.<\/p>\n<p>&nbsp;<\/p>\n<p style=\"text-align: justify;\"><img decoding=\"async\" loading=\"lazy\" class=\"alignnone wp-image-231431 size-full\" src=\"http:\/\/www.rctvinternational.com\/wp-content\/uploads\/2020\/04\/deberias-saber-que.jpg\" alt=\"\" width=\"265\" height=\"39\" \/><\/p>\n<p>&nbsp;<\/p>\n<p style=\"text-align: justify;\"><strong>Carita Pintada<\/strong> se adentra en el mercado europeo y pa\u00edses como Suiza, B\u00e9lgica, Estonia y Suecia, se interesan por difundir la producci\u00f3n de<strong> RCTV<\/strong>, donde se exhibe el paisaje natural venezolano.<\/p>\n<p style=\"text-align: justify;\">En Latinoam\u00e9rica existe este mismo inter\u00e9s y tiene gran receptividad en naciones como Colombia, Ecuador, Puerto Rico y Rep\u00fablica Dominicana, entre otros.<\/p>","protected":false},"featured_media":231224,"template":"","meta":{"_et_pb_use_builder":"","_et_pb_old_content":"","_et_gb_content_width":""},"product_cat":[23],"product_tag":[78,326,311],"acf":[],"_links":{"self":[{"href":"http:\/\/3.144.191.25\/en\/wp-json\/wp\/v2\/product\/227957"}],"collection":[{"href":"http:\/\/3.144.191.25\/en\/wp-json\/wp\/v2\/product"}],"about":[{"href":"http:\/\/3.144.191.25\/en\/wp-json\/wp\/v2\/types\/product"}],"wp:featuredmedia":[{"embeddable":true,"href":"http:\/\/3.144.191.25\/en\/wp-json\/wp\/v2\/media\/231224"}],"wp:attachment":[{"href":"http:\/\/3.144.191.25\/en\/wp-json\/wp\/v2\/media?parent=227957"}],"wp:term":[{"taxonomy":"product_cat","embeddable":true,"href":"http:\/\/3.144.191.25\/en\/wp-json\/wp\/v2\/product_cat?post=227957"},{"taxonomy":"product_tag","embeddable":true,"href":"http:\/\/3.144.191.25\/en\/wp-json\/wp\/v2\/product_tag?post=227957"}],"curies":[{"name":"wp","href":"https:\/\/api.w.org\/{rel}","templated":true}]}}