{"id":228042,"date":"2019-08-06T13:22:23","date_gmt":"2019-08-06T13:22:23","guid":{"rendered":"http:\/\/beta.rctvintl.com\/?post_type=product&#038;p=228042"},"modified":"2025-05-08T00:35:42","modified_gmt":"2025-05-08T00:35:42","slug":"pura-sangre-2","status":"publish","type":"product","link":"http:\/\/3.144.191.25\/en\/product\/pura-sangre-2\/","title":{"rendered":"Pura Sangre"},"content":{"rendered":"<p style=\"text-align: center;\"><div style=\"width: 100%; min-height: 1px;\" id=\"vimeo-wc-video-6a022fbe7ac54\" data-js=\"vimeo-wc-video\" data-atts=\"{&quot;autopause&quot;:&quot;true&quot;,&quot;autoplay&quot;:false,&quot;background&quot;:false,&quot;byline&quot;:&quot;true&quot;,&quot;color&quot;:&quot;none&quot;,&quot;controls&quot;:&quot;true&quot;,&quot;dnt&quot;:&quot;true&quot;,&quot;height&quot;:&quot;none&quot;,&quot;id&quot;:false,&quot;loop&quot;:false,&quot;maxheight&quot;:&quot;none&quot;,&quot;maxwidth&quot;:&quot;none&quot;,&quot;muted&quot;:false,&quot;pip&quot;:false,&quot;playsinline&quot;:&quot;true&quot;,&quot;portrait&quot;:&quot;true&quot;,&quot;quality&quot;:&quot;auto&quot;,&quot;responsive&quot;:&quot;true&quot;,&quot;speed&quot;:false,&quot;texttrack&quot;:&quot;none&quot;,&quot;title&quot;:&quot;true&quot;,&quot;transparent&quot;:true,&quot;url&quot;:&quot;https:\\\/\\\/vimeo.com\\\/743191205&quot;,&quot;width&quot;:&quot;none&quot;}\"><\/div><\/p>\n<p>&nbsp;<\/p>\n<p style=\"text-align: justify;\">","protected":false},"excerpt":{"rendered":"<p><img decoding=\"async\" loading=\"lazy\" class=\"alignnone wp-image-231153 size-medium\" src=\"http:\/\/www.rctvinternational.com\/wp-content\/uploads\/2019\/08\/claquetas-Corregidas-15-1-225x300.png\" alt=\"\" width=\"225\" height=\"300\" \/><\/p>\n<p><img decoding=\"async\" loading=\"lazy\" class=\"alignnone size-full wp-image-232350\" src=\"http:\/\/www.rctvinternational.com\/wp-content\/uploads\/2020\/10\/Sinopsis.png\" alt=\"\" width=\"125\" height=\"57\" \/><\/p>\n<p style=\"text-align: justify;\"><strong>Coraz\u00f3n Silvestre<\/strong> (Lilibeth Morillo) es una campesina de extraordinaria belleza y fuerte car\u00e1cter que, junto con <strong>Aar\u00f3n Paredes<\/strong> (Sim\u00f3n Pestana), forma parte de un tri\u00e1ngulo amoroso que completa <strong>Abraham Paredes<\/strong> (Carlos Villamizar), poderoso hacendado.<\/p>\n<p style=\"text-align: justify;\">La exuberante belleza de la sabana, que contrasta con la t\u00f3rrida rivalidad entre familias terratenientes, los Paredes y los Sarmiento, es el ambiente donde se desarrolla <strong>Pura Sangre<\/strong>.<\/p>\n<p style=\"text-align: justify;\"><strong>Aar\u00f3n Paredes<\/strong> se siente atra\u00eddo por la personalidad de la muchacha e intenta convertirse en una suerte de tutor, ante las pretensiones de Abraham que desea a <strong>Coraz\u00f3n Silvestre<\/strong>, pero como una m\u00e1s de sus m\u00faltiples conquistas.<\/p>\n<p style=\"text-align: justify;\">El acercamiento constante de <strong>Aar\u00f3n<\/strong> hacia <strong>Coraz\u00f3n Silvestre<\/strong> da pie, poco a poco, ese sentimiento que, con el tiempo, se hace evidente e insoslayable. Un amor capaz de erigirse en medio de una cruenta rivalidad entre familias incapaces de recordar el origen de la disputa.<\/p>\n<p style=\"text-align: justify;\">Abraham Paredes se vale de bajezas y chantajes para forzar un matrimonio con <strong>Coraz\u00f3n Silvestre: <\/strong>la quema de su vivienda, los estrictos pagos de las parcelas que posee en alquiler y el dinero que requiere con urgencia para costear la intervenci\u00f3n quir\u00fargica que necesita su madre son algunas de las artima\u00f1as que usa.<\/p>\n<p style=\"text-align: justify;\">Numa Pompilio Sarmiento, ac\u00e9rrimo enemigo de los Paredes, le otorga el dinero a <strong>Coraz\u00f3n<\/strong> y ella queda libre del compromiso. Pero Abraham no se queda de brazos cruzados. Mientras, <strong>Aar\u00f3n<\/strong> debe hacer frente a una situaci\u00f3n inesperada que afecta sentimentalmente a <strong>Coraz\u00f3n Silvestre<\/strong>.<\/p>\n<p style=\"text-align: justify;\">Ambos deben atravesar un sendero lleno de intrigas, odio y venganza para encontrar la felicidad y poner fin a un conflicto que solo ha dejado <strong>Pura Sangre<\/strong> a las dos familias por generaciones.<\/p>\n<p><img decoding=\"async\" loading=\"lazy\" class=\"alignnone wp-image-231431 size-full\" src=\"http:\/\/www.rctvinternational.com\/wp-content\/uploads\/2020\/04\/deberias-saber-que.jpg\" alt=\"\" width=\"265\" height=\"39\" \/><\/p>\n<p style=\"text-align: justify;\">Millones de personas en pa\u00edses como Estados Unidos, Canad\u00e1, Ecuador, Indonesia y Costa Rica, entre otros, han seguido la transmisi\u00f3n de \u2018<strong>Pura Sangre\u2019<\/strong> con fidelidad.<\/p>\n<p style=\"text-align: justify;\">Esta obra que exhibe impresionantes paisajes naturales venezolanos, es una adaptaci\u00f3n de la telenovela <strong>\u2018La Fiera\u2019<\/strong>, original del escritor <strong>Julio C\u00e9sar M\u00e1rmol<\/strong>, quien constituye un referente en producciones dram\u00e1ticas.<\/p>","protected":false},"featured_media":231219,"template":"","meta":{"_et_pb_use_builder":"","_et_pb_old_content":"","_et_gb_content_width":""},"product_cat":[22],"product_tag":[93,310,92,311],"acf":[],"_links":{"self":[{"href":"http:\/\/3.144.191.25\/en\/wp-json\/wp\/v2\/product\/228042"}],"collection":[{"href":"http:\/\/3.144.191.25\/en\/wp-json\/wp\/v2\/product"}],"about":[{"href":"http:\/\/3.144.191.25\/en\/wp-json\/wp\/v2\/types\/product"}],"wp:featuredmedia":[{"embeddable":true,"href":"http:\/\/3.144.191.25\/en\/wp-json\/wp\/v2\/media\/231219"}],"wp:attachment":[{"href":"http:\/\/3.144.191.25\/en\/wp-json\/wp\/v2\/media?parent=228042"}],"wp:term":[{"taxonomy":"product_cat","embeddable":true,"href":"http:\/\/3.144.191.25\/en\/wp-json\/wp\/v2\/product_cat?post=228042"},{"taxonomy":"product_tag","embeddable":true,"href":"http:\/\/3.144.191.25\/en\/wp-json\/wp\/v2\/product_tag?post=228042"}],"curies":[{"name":"wp","href":"https:\/\/api.w.org\/{rel}","templated":true}]}}