{"id":228434,"date":"2019-10-04T13:48:14","date_gmt":"2019-10-04T13:48:14","guid":{"rendered":"http:\/\/beta.rctvintl.com\/?post_type=product&#038;p=228434"},"modified":"2025-03-27T13:34:19","modified_gmt":"2025-03-27T13:34:19","slug":"la-senora-de-cardenas-2","status":"publish","type":"product","link":"http:\/\/3.144.191.25\/en\/product\/la-senora-de-cardenas-2\/","title":{"rendered":"La Se\u00f1ora De C\u00e1rdenas"},"content":{"rendered":"<p style=\"text-align: center;\"><div style=\"width: 100%; min-height: 1px;\" id=\"vimeo-wc-video-6a0221b474e93\" data-js=\"vimeo-wc-video\" data-atts=\"{&quot;autopause&quot;:&quot;true&quot;,&quot;autoplay&quot;:false,&quot;background&quot;:false,&quot;byline&quot;:&quot;true&quot;,&quot;color&quot;:&quot;none&quot;,&quot;controls&quot;:&quot;true&quot;,&quot;dnt&quot;:&quot;true&quot;,&quot;height&quot;:&quot;none&quot;,&quot;id&quot;:false,&quot;loop&quot;:false,&quot;maxheight&quot;:&quot;none&quot;,&quot;maxwidth&quot;:&quot;none&quot;,&quot;muted&quot;:false,&quot;pip&quot;:false,&quot;playsinline&quot;:&quot;true&quot;,&quot;portrait&quot;:&quot;true&quot;,&quot;quality&quot;:&quot;auto&quot;,&quot;responsive&quot;:&quot;true&quot;,&quot;speed&quot;:false,&quot;texttrack&quot;:&quot;none&quot;,&quot;title&quot;:&quot;true&quot;,&quot;transparent&quot;:true,&quot;url&quot;:&quot;https:\\\/\\\/vimeo.com\\\/369401364&quot;,&quot;width&quot;:&quot;none&quot;}\"><\/div><\/p>\n<p>&nbsp;<\/p>","protected":false},"excerpt":{"rendered":"<p><img decoding=\"async\" loading=\"lazy\" class=\"alignnone wp-image-232360 size-medium\" src=\"http:\/\/www.rctvinternational.com\/wp-content\/uploads\/2019\/10\/Se\u00f1ora-de-Cardenas--231x300.png\" alt=\"\" width=\"231\" height=\"300\" \/><\/p>\n<p><img decoding=\"async\" loading=\"lazy\" class=\"alignnone size-full wp-image-232350\" src=\"http:\/\/www.rctvinternational.com\/wp-content\/uploads\/2020\/10\/Sinopsis.png\" alt=\"\" width=\"125\" height=\"57\" \/><\/p>\n<p style=\"text-align: justify;\">El d\u00eda del feliz aniversario de bodas de <b>Pilar Rodr\u00edguez de C\u00e1rdenas<\/b>\u00a0descubre que su esposo\u00a0<b>Alberto <\/b>la enga\u00f1a con otra mujer; as\u00ed pues, repentinamente se encuentra en un entorno de pareja lleno de mentiras y desconfianza, por lo que el divorcio se presenta como la principal opci\u00f3n.<\/p>\n<p style=\"text-align: justify;\">A Pilar las dudas la embargan y se debate entre darle un nuevo rumbo a su vida, sustentarse econ\u00f3micamente y buscar de nuevo la felicidad, que pareciera ser lo indicado, y la insistencia de <b>Alberto,<\/b> que le asegura que solo fue un error, que la ama y que quiere mantener su hogar y su familia.<\/p>\n<p style=\"text-align: justify;\">Pilar se replantear\u00e1 una y otra vez cu\u00e1l es la mejor decisi\u00f3n, pues cualquiera que tome, ser\u00e1 una nueva etapa para su vida.<\/p>\n<p>&nbsp;<\/p>\n<p><img decoding=\"async\" loading=\"lazy\" class=\"alignnone wp-image-231431 size-full\" src=\"http:\/\/www.rctvinternational.com\/wp-content\/uploads\/2020\/04\/deberias-saber-que.jpg\" alt=\"\" width=\"265\" height=\"39\" \/><\/p>\n<p>&nbsp;<\/p>\n<p style=\"text-align: justify;\">Se trata de una adecuaci\u00f3n de una telenovela hom\u00f3nima producida por <strong>RCTV<\/strong> en el a\u00f1o 1977, protagonizada entonces por <strong>Doris Wells <\/strong>y<strong> Miguel \u00c1ngel Landa<\/strong>.<\/p>\n<p style=\"text-align: justify;\">Este dram\u00e1tico que marc\u00f3 las historia de las telenovelas fue llevado de manera exitosa al formato de pel\u00edcula para televisi\u00f3n con la adaptaci\u00f3n de Pilar Romero.<\/p>","protected":false},"featured_media":231289,"template":"","meta":{"_et_pb_use_builder":"","_et_pb_old_content":"","_et_gb_content_width":""},"product_cat":[24],"product_tag":[314,233,315,316,251,120],"acf":[],"_links":{"self":[{"href":"http:\/\/3.144.191.25\/en\/wp-json\/wp\/v2\/product\/228434"}],"collection":[{"href":"http:\/\/3.144.191.25\/en\/wp-json\/wp\/v2\/product"}],"about":[{"href":"http:\/\/3.144.191.25\/en\/wp-json\/wp\/v2\/types\/product"}],"wp:featuredmedia":[{"embeddable":true,"href":"http:\/\/3.144.191.25\/en\/wp-json\/wp\/v2\/media\/231289"}],"wp:attachment":[{"href":"http:\/\/3.144.191.25\/en\/wp-json\/wp\/v2\/media?parent=228434"}],"wp:term":[{"taxonomy":"product_cat","embeddable":true,"href":"http:\/\/3.144.191.25\/en\/wp-json\/wp\/v2\/product_cat?post=228434"},{"taxonomy":"product_tag","embeddable":true,"href":"http:\/\/3.144.191.25\/en\/wp-json\/wp\/v2\/product_tag?post=228434"}],"curies":[{"name":"wp","href":"https:\/\/api.w.org\/{rel}","templated":true}]}}