{"id":228450,"date":"2019-10-08T17:03:58","date_gmt":"2019-10-08T17:03:58","guid":{"rendered":"http:\/\/beta.rctvintl.com\/?post_type=product&#038;p=228450"},"modified":"2025-03-27T13:36:56","modified_gmt":"2025-03-27T13:36:56","slug":"maria-lionza-2","status":"publish","type":"product","link":"http:\/\/3.144.191.25\/en\/product\/maria-lionza-2\/","title":{"rendered":"Mar\u00eda Lionza"},"content":{"rendered":"<p style=\"text-align: center;\"><div style=\"width: 100%; min-height: 1px;\" id=\"vimeo-wc-video-6a022fba7bd8c\" data-js=\"vimeo-wc-video\" data-atts=\"{&quot;autopause&quot;:&quot;true&quot;,&quot;autoplay&quot;:false,&quot;background&quot;:false,&quot;byline&quot;:&quot;true&quot;,&quot;color&quot;:&quot;none&quot;,&quot;controls&quot;:&quot;true&quot;,&quot;dnt&quot;:&quot;true&quot;,&quot;height&quot;:&quot;none&quot;,&quot;id&quot;:false,&quot;loop&quot;:false,&quot;maxheight&quot;:&quot;none&quot;,&quot;maxwidth&quot;:&quot;none&quot;,&quot;muted&quot;:false,&quot;pip&quot;:false,&quot;playsinline&quot;:&quot;true&quot;,&quot;portrait&quot;:&quot;true&quot;,&quot;quality&quot;:&quot;auto&quot;,&quot;responsive&quot;:&quot;true&quot;,&quot;speed&quot;:false,&quot;texttrack&quot;:&quot;none&quot;,&quot;title&quot;:&quot;true&quot;,&quot;transparent&quot;:true,&quot;url&quot;:&quot;https:\\\/\\\/vimeo.com\\\/369933905&quot;,&quot;width&quot;:&quot;none&quot;}\"><\/div><\/p>","protected":false},"excerpt":{"rendered":"<p><img decoding=\"async\" loading=\"lazy\" class=\"alignnone wp-image-232357 size-medium\" src=\"http:\/\/www.rctvinternational.com\/wp-content\/uploads\/2019\/10\/Maria-lionza-231x300.png\" alt=\"\" width=\"231\" height=\"300\" \/><\/p>\n<p style=\"text-align: justify;\"><img decoding=\"async\" loading=\"lazy\" class=\"alignnone size-full wp-image-232350\" src=\"http:\/\/www.rctvinternational.com\/wp-content\/uploads\/2020\/10\/Sinopsis.png\" alt=\"\" width=\"125\" height=\"57\" \/><\/p>\n<p style=\"text-align: justify;\">La m\u00edtica figura de <strong>\u2018<\/strong><b>Mar\u00eda <\/b><b>Lionza<\/b><b>\u2019<\/b>\u00a0se convierte en enso\u00f1aci\u00f3n y casualidad constante en la vida de\u00a0<b>Yara<\/b>, quien en principio se muestra esc\u00e9ptica, hasta que no puede permanecer indiferente ante las visiones\u00a0reveladoras sobre la historia de la llamada diosa del culto latinoamericano.<\/p>\n<p style=\"text-align: justify;\">Y es que la divisi\u00f3n que vive su pa\u00eds, marcada por una fuerte politizaci\u00f3n, se asemeja a la leyenda del nacimiento de <strong>\u2018<\/strong><b>Mar\u00eda<\/b><b>\u00a0<\/b><b>Lionza<\/b><b>\u2019<\/b>\u00a0que, seg\u00fan cuenta la leyenda, se produjo en el a\u00f1o 1530 bajo caracter\u00edsticas un tanto similares a las que vive ahora Yara, casi quinientos a\u00f1os m\u00e1s tarde.<\/p>\n<p style=\"text-align: justify;\">En ese entonces, dos bandos de ind\u00edgenas estaban en disputa ante la figura de <strong>\u2018<\/strong><b>Mar\u00eda <\/b><b>Lionza<\/b><b>\u2019<\/b>, unos sent\u00edan repudio y otros la veneraban, pero su misi\u00f3n seg\u00fan la leyenda, era la armon\u00eda y la paz entre las tribus.<\/p>\n<p style=\"text-align: justify;\">Yara siente que la tarea de la m\u00edtica <strong>\u2018<\/strong><b>Maria <\/b><b>Lionza<\/b><b>\u2019, <\/b>ahora reposa sobre ella y ser\u00e1 reunificar a su pa\u00eds, en medio de los \u201cmilagros\u201d personales que le conceder\u00eda la reina.<\/p>\n<p>&nbsp;<\/p>\n<p><img decoding=\"async\" loading=\"lazy\" class=\"alignnone wp-image-231431 size-full\" src=\"http:\/\/www.rctvinternational.com\/wp-content\/uploads\/2020\/04\/deberias-saber-que.jpg\" alt=\"\" width=\"265\" height=\"39\" \/><\/p>\n<p style=\"text-align: justify;\"><strong>Maria<\/strong> <strong>Lionza\u00a0<\/strong>tambi\u00e9n representada en otras producciones por las actrices venezolanas Lila Morillo y Tatiana Capote, constituy\u00f3 un \u00e9xito en <em>rating<\/em> para <strong>RCTV<\/strong> el d\u00eda de su lanzamiento, convirtiendo la versi\u00f3n protagonizada por Ruddy Rodr\u00edguez en la de mayor aceptaci\u00f3n por la teleaudiencia.<\/p>","protected":false},"featured_media":231292,"template":"","meta":{"_et_pb_use_builder":"","_et_pb_old_content":"","_et_gb_content_width":""},"product_cat":[24],"product_tag":[324,284,123,280,274,124],"acf":[],"_links":{"self":[{"href":"http:\/\/3.144.191.25\/en\/wp-json\/wp\/v2\/product\/228450"}],"collection":[{"href":"http:\/\/3.144.191.25\/en\/wp-json\/wp\/v2\/product"}],"about":[{"href":"http:\/\/3.144.191.25\/en\/wp-json\/wp\/v2\/types\/product"}],"wp:featuredmedia":[{"embeddable":true,"href":"http:\/\/3.144.191.25\/en\/wp-json\/wp\/v2\/media\/231292"}],"wp:attachment":[{"href":"http:\/\/3.144.191.25\/en\/wp-json\/wp\/v2\/media?parent=228450"}],"wp:term":[{"taxonomy":"product_cat","embeddable":true,"href":"http:\/\/3.144.191.25\/en\/wp-json\/wp\/v2\/product_cat?post=228450"},{"taxonomy":"product_tag","embeddable":true,"href":"http:\/\/3.144.191.25\/en\/wp-json\/wp\/v2\/product_tag?post=228450"}],"curies":[{"name":"wp","href":"https:\/\/api.w.org\/{rel}","templated":true}]}}