{"id":228453,"date":"2019-10-08T17:14:38","date_gmt":"2019-10-08T17:14:38","guid":{"rendered":"http:\/\/beta.rctvintl.com\/?post_type=product&#038;p=228453"},"modified":"2024-05-28T20:00:54","modified_gmt":"2024-05-28T20:00:54","slug":"pension-amalia","status":"publish","type":"product","link":"http:\/\/3.144.191.25\/en\/product\/pension-amalia\/","title":{"rendered":"Pensi\u00f3n Amalia"},"content":{"rendered":"<div style=\"width: 100%; min-height: 1px;\" id=\"vimeo-wc-video-6a02224722ece\" data-js=\"vimeo-wc-video\" data-atts=\"{&quot;autopause&quot;:&quot;true&quot;,&quot;autoplay&quot;:false,&quot;background&quot;:false,&quot;byline&quot;:&quot;true&quot;,&quot;color&quot;:&quot;none&quot;,&quot;controls&quot;:&quot;true&quot;,&quot;dnt&quot;:&quot;true&quot;,&quot;height&quot;:&quot;none&quot;,&quot;id&quot;:false,&quot;loop&quot;:false,&quot;maxheight&quot;:&quot;none&quot;,&quot;maxwidth&quot;:&quot;none&quot;,&quot;muted&quot;:false,&quot;pip&quot;:false,&quot;playsinline&quot;:&quot;true&quot;,&quot;portrait&quot;:&quot;true&quot;,&quot;quality&quot;:&quot;auto&quot;,&quot;responsive&quot;:&quot;true&quot;,&quot;speed&quot;:false,&quot;texttrack&quot;:&quot;none&quot;,&quot;title&quot;:&quot;true&quot;,&quot;transparent&quot;:true,&quot;url&quot;:&quot;https:\\\/\\\/vimeo.com\\\/683925490&quot;,&quot;width&quot;:&quot;none&quot;}\"><\/div>","protected":false},"excerpt":{"rendered":"<p><img decoding=\"async\" loading=\"lazy\" class=\"alignnone wp-image-232356 size-medium\" src=\"http:\/\/www.rctvinternational.com\/wp-content\/uploads\/2019\/10\/Pension_Amalia-231x300.png\" alt=\"\" width=\"231\" height=\"300\" \/><\/p>\n<p><img decoding=\"async\" loading=\"lazy\" class=\"alignnone size-full wp-image-232350\" src=\"http:\/\/www.rctvinternational.com\/wp-content\/uploads\/2020\/10\/Sinopsis.png\" alt=\"\" width=\"125\" height=\"57\" \/><\/p>\n<p style=\"text-align: justify;\">La tragedia, las intrigas y hasta el amor se interpondr\u00e1 en la realizaci\u00f3n de los sue\u00f1os de <b>Cristina Gonz\u00e1lez, <\/b>una joven que aspira ser una reconocida dise\u00f1adora de modas.<\/p>\n<p style=\"text-align: justify;\">En su primera jornada de trabajo, Cristina conoce a <b>Gustavo Espinoza <\/b>y surge una potente atracci\u00f3n entre ambos; pero este d\u00eda aparentemente prometedor, se convertir\u00e1 en una desgracia, pues Cristina ser\u00e1 despedida intempestivamente por la novia de Gustavo y a\u00fan peor, porque su madre morir\u00e1 en un accidente automovil\u00edstico.<\/p>\n<p style=\"text-align: justify;\">Cristina jura hacer justicia con el conductor que irresponsablemente le quit\u00f3 la vida a su madre, sin saber que se trata del hombre que ahora intenta conquistarla. Gustavo se escudar\u00e1 en su poder econ\u00f3mico para evitar ser acusado del homicidio, mientras su familia se vale de artificios para obtener la \u201c<b>Pensi\u00f3n Amalia\u201d lugar <\/b>donde vive Cristina.<\/p>\n<p style=\"text-align: justify;\">Gustavo experimentar\u00e1 el amor y a pesar de ser un joven que ha tenido una vida f\u00e1cil, sin esfuerzos y sin responsabilidades, estar\u00e1 dispuesto a cambiar y luchar para conquistar el amor de Cristina.<\/p>\n<p>&nbsp;<\/p>\n<p><img decoding=\"async\" loading=\"lazy\" class=\"alignnone size-full wp-image-231431\" src=\"http:\/\/www.rctvinternational.com\/wp-content\/uploads\/2020\/04\/deberias-saber-que.jpg\" alt=\"\" width=\"265\" height=\"39\" \/><\/p>\n<p style=\"text-align: justify;\">Este largometraje es la adaptaci\u00f3n realizada por Jos\u00e9 Manuel Pelaez de la telenovela<strong> Pensi\u00f3n Amalia<\/strong>, producida en 1980 por<strong> RCTV<\/strong> y original de Salvador Garmendia. La actriz Tatiana Capote comparti\u00f3 el rol protag\u00f3nico con Renato Guti\u00e9rrez en dicha versi\u00f3n.<\/p>\n<p style=\"text-align: justify;\">Un <em>staff<\/em> de primeras figuras de la televisi\u00f3n particip\u00f3 en la versi\u00f3n unitaria dirigida por Otto Rodr\u00edguez.<\/p>","protected":false},"featured_media":231294,"template":"","meta":{"_et_pb_use_builder":"","_et_pb_old_content":"","_et_gb_content_width":""},"product_cat":[24],"product_tag":[118,119,117],"acf":[],"_links":{"self":[{"href":"http:\/\/3.144.191.25\/en\/wp-json\/wp\/v2\/product\/228453"}],"collection":[{"href":"http:\/\/3.144.191.25\/en\/wp-json\/wp\/v2\/product"}],"about":[{"href":"http:\/\/3.144.191.25\/en\/wp-json\/wp\/v2\/types\/product"}],"wp:featuredmedia":[{"embeddable":true,"href":"http:\/\/3.144.191.25\/en\/wp-json\/wp\/v2\/media\/231294"}],"wp:attachment":[{"href":"http:\/\/3.144.191.25\/en\/wp-json\/wp\/v2\/media?parent=228453"}],"wp:term":[{"taxonomy":"product_cat","embeddable":true,"href":"http:\/\/3.144.191.25\/en\/wp-json\/wp\/v2\/product_cat?post=228453"},{"taxonomy":"product_tag","embeddable":true,"href":"http:\/\/3.144.191.25\/en\/wp-json\/wp\/v2\/product_tag?post=228453"}],"curies":[{"name":"wp","href":"https:\/\/api.w.org\/{rel}","templated":true}]}}