{"id":228456,"date":"2019-10-08T17:17:33","date_gmt":"2019-10-08T17:17:33","guid":{"rendered":"http:\/\/beta.rctvintl.com\/?post_type=product&#038;p=228456"},"modified":"2025-03-27T13:37:40","modified_gmt":"2025-03-27T13:37:40","slug":"soltera-y-sin-compromiso-2","status":"publish","type":"product","link":"http:\/\/3.144.191.25\/en\/product\/soltera-y-sin-compromiso-2\/","title":{"rendered":"Soltera y Sin Compromiso"},"content":{"rendered":"<p style=\"text-align: center;\"><div style=\"width: 100%; min-height: 1px;\" id=\"vimeo-wc-video-6a0215e6450f4\" data-js=\"vimeo-wc-video\" data-atts=\"{&quot;autopause&quot;:&quot;true&quot;,&quot;autoplay&quot;:false,&quot;background&quot;:false,&quot;byline&quot;:&quot;true&quot;,&quot;color&quot;:&quot;none&quot;,&quot;controls&quot;:&quot;true&quot;,&quot;dnt&quot;:&quot;true&quot;,&quot;height&quot;:&quot;none&quot;,&quot;id&quot;:false,&quot;loop&quot;:false,&quot;maxheight&quot;:&quot;none&quot;,&quot;maxwidth&quot;:&quot;none&quot;,&quot;muted&quot;:false,&quot;pip&quot;:false,&quot;playsinline&quot;:&quot;true&quot;,&quot;portrait&quot;:&quot;true&quot;,&quot;quality&quot;:&quot;auto&quot;,&quot;responsive&quot;:&quot;true&quot;,&quot;speed&quot;:false,&quot;texttrack&quot;:&quot;none&quot;,&quot;title&quot;:&quot;true&quot;,&quot;transparent&quot;:true,&quot;url&quot;:&quot;https:\\\/\\\/vimeo.com\\\/368144700&quot;,&quot;width&quot;:&quot;none&quot;}\"><\/div><\/p>","protected":false},"excerpt":{"rendered":"<p><img decoding=\"async\" loading=\"lazy\" class=\"alignnone wp-image-228510 size-medium\" src=\"http:\/\/www.rctvinternational.com\/wp-content\/uploads\/2019\/10\/Soltera-232x300.png\" alt=\"\" width=\"232\" height=\"300\" \/><\/p>\n<p><img decoding=\"async\" loading=\"lazy\" class=\"alignnone size-full wp-image-232350\" src=\"http:\/\/www.rctvinternational.com\/wp-content\/uploads\/2020\/10\/Sinopsis.png\" alt=\"\" width=\"125\" height=\"57\" \/><\/p>\n<p style=\"text-align: justify;\"><b>Julia<\/b>\u00a0llega a los 30 a\u00f1os con su primera gran crisis de la edad adulta, decide quedarse sola tras descubrir que su novio embaraz\u00f3 a otra mujer.<\/p>\n<p style=\"text-align: justify;\">La inseguridad y el dolor la embargan hasta que conoce a\u00a0<b>Jaime Villalba<\/b>, un t\u00edpico conquistador de quien se enamora; pero pronto se dar\u00e1 cuenta de que las intenciones de su nuevo amor no est\u00e1n en sinton\u00eda con el tipo de relaci\u00f3n s\u00f3lida que ella desea.<\/p>\n<p style=\"text-align: justify;\">Julia no cuenta con las mejores referencias en materia de relaciones de pareja exitosas, pues la infidelidad ha sido un factor com\u00fan en todos los casos vistos en su entorno. La propia Julia ha sido v\u00edctima del enga\u00f1o, por lo que la posibilidad de permanecer <b>soltera y sin compromiso<\/b>\u00a0ya no se presenta como una idea tan descabellada.<\/p>\n<p><img decoding=\"async\" loading=\"lazy\" class=\"alignnone wp-image-231431 size-full\" src=\"http:\/\/www.rctvinternational.com\/wp-content\/uploads\/2020\/04\/deberias-saber-que.jpg\" alt=\"\" width=\"265\" height=\"39\" \/><\/p>\n<p style=\"text-align: justify;\">Es una adaptaci\u00f3n realizada por Sergio Jabl\u00f3n para pel\u00edcula de TV. La versi\u00f3n original, escrita por Jos\u00e9 Ignacio Cabrujas, Fausto Verdial, Pilar Romero e Ibsen Mart\u00ednez, cont\u00f3 con la participaci\u00f3n de figuras estelares de la televisi\u00f3n, en el rol protag\u00f3nico, como: <strong>Doris Wells<\/strong> y <strong>Miguel \u00c1ngel Landa<\/strong>.<\/p>\n<p style=\"text-align: justify;\">Esta producci\u00f3n de <strong>RCTV<\/strong> tuvo, en ambas oportunidades, la participaci\u00f3n del primer actor <strong>Gustavo Rodr\u00edguez<\/strong>. Adem\u00e1s, en el elenco se incluye a <strong>Marina Baura<\/strong> una de las actrices de mayor renombre en la historia de la televisi\u00f3n venezolana.<\/p>","protected":false},"featured_media":228458,"template":"","meta":{"_et_pb_use_builder":"","_et_pb_old_content":"","_et_gb_content_width":""},"product_cat":[24],"product_tag":[283,281,234,282,127],"acf":[],"_links":{"self":[{"href":"http:\/\/3.144.191.25\/en\/wp-json\/wp\/v2\/product\/228456"}],"collection":[{"href":"http:\/\/3.144.191.25\/en\/wp-json\/wp\/v2\/product"}],"about":[{"href":"http:\/\/3.144.191.25\/en\/wp-json\/wp\/v2\/types\/product"}],"wp:featuredmedia":[{"embeddable":true,"href":"http:\/\/3.144.191.25\/en\/wp-json\/wp\/v2\/media\/228458"}],"wp:attachment":[{"href":"http:\/\/3.144.191.25\/en\/wp-json\/wp\/v2\/media?parent=228456"}],"wp:term":[{"taxonomy":"product_cat","embeddable":true,"href":"http:\/\/3.144.191.25\/en\/wp-json\/wp\/v2\/product_cat?post=228456"},{"taxonomy":"product_tag","embeddable":true,"href":"http:\/\/3.144.191.25\/en\/wp-json\/wp\/v2\/product_tag?post=228456"}],"curies":[{"name":"wp","href":"https:\/\/api.w.org\/{rel}","templated":true}]}}