{"id":228502,"date":"2019-10-30T02:16:49","date_gmt":"2019-10-30T02:16:49","guid":{"rendered":"http:\/\/beta.rctvintl.com\/?post_type=product&#038;p=228502"},"modified":"2025-03-27T15:08:14","modified_gmt":"2025-03-27T15:08:14","slug":"natalia-de-8-a-9-u2","status":"publish","type":"product","link":"http:\/\/3.144.191.25\/en\/product\/natalia-de-8-a-9-u2\/","title":{"rendered":"Natalia De Ocho A Nueve"},"content":{"rendered":"<p style=\"text-align: center;\"><div style=\"width: 100%; min-height: 1px;\" id=\"vimeo-wc-video-6a022f9e9ee70\" data-js=\"vimeo-wc-video\" data-atts=\"{&quot;autopause&quot;:&quot;true&quot;,&quot;autoplay&quot;:false,&quot;background&quot;:false,&quot;byline&quot;:&quot;true&quot;,&quot;color&quot;:&quot;none&quot;,&quot;controls&quot;:&quot;true&quot;,&quot;dnt&quot;:&quot;true&quot;,&quot;height&quot;:&quot;none&quot;,&quot;id&quot;:false,&quot;loop&quot;:false,&quot;maxheight&quot;:&quot;none&quot;,&quot;maxwidth&quot;:&quot;none&quot;,&quot;muted&quot;:false,&quot;pip&quot;:false,&quot;playsinline&quot;:&quot;true&quot;,&quot;portrait&quot;:&quot;true&quot;,&quot;quality&quot;:&quot;auto&quot;,&quot;responsive&quot;:&quot;true&quot;,&quot;speed&quot;:false,&quot;texttrack&quot;:&quot;none&quot;,&quot;title&quot;:&quot;true&quot;,&quot;transparent&quot;:true,&quot;url&quot;:&quot;https:\\\/\\\/vimeo.com\\\/368132351&quot;,&quot;width&quot;:&quot;none&quot;}\"><\/div><\/p>\n<p>&nbsp;<\/p>","protected":false},"excerpt":{"rendered":"<p><img decoding=\"async\" loading=\"lazy\" class=\"alignnone wp-image-229570 size-medium\" src=\"http:\/\/www.rctvinternational.com\/wp-content\/uploads\/2019\/10\/natalia-de-8a9-08-231x300.png\" alt=\"\" width=\"231\" height=\"300\" \/><\/p>\n<p><img decoding=\"async\" loading=\"lazy\" class=\"alignnone wp-image-232350 size-full\" src=\"http:\/\/www.rctvinternational.com\/wp-content\/uploads\/2020\/10\/Sinopsis.png\" alt=\"\" width=\"125\" height=\"57\" \/><\/p>\n<p style=\"text-align: justify;\">El ajetreado ritmo de vida que llevan\u00a0Natalia<b> (Ruddy Rodr\u00edguez)<\/b>\u00a0y\u00a0Juan Carlos (<strong>Luis Fern\u00e1ndez<\/strong>)<b>,<\/b>\u00a0se ha convertido en una seria amenaza para la estabilidad de lo que hasta ahora consideran un buen matrimonio.<\/p>\n<p style=\"text-align: justify;\">Los diversos compromisos de esta pareja de exitosos profesionales, les deja un tiempo\u00a0muy limitado para compartir entre tazas de caf\u00e9 y un desayuno ligero.<\/p>\n<p style=\"text-align: justify;\"><b>Natalia<\/b>\u00a0hace lo posible por preservar la uni\u00f3n, pero <b>Juan Carlos<\/b> encuentra una escapatoria en los brazos de una hermosa y peligrosa mujer, sin medir las dr\u00e1sticas consecuencias para su matrimonio.<\/p>\n<p>&nbsp;<\/p>\n<p><img decoding=\"async\" loading=\"lazy\" class=\"alignnone size-full wp-image-231431\" src=\"http:\/\/www.rctvinternational.com\/wp-content\/uploads\/2020\/04\/deberias-saber-que.jpg\" alt=\"\" width=\"265\" height=\"39\" \/><\/p>\n<p style=\"text-align: justify;\"><strong>Natalia de 8 a 9<\/strong>\u00a0es una telenovela realizada por <strong>RCTV<\/strong> en el a\u00f1o 1980, escrita por Jos\u00e9 Ignacio Cabrujas, protagonizada por Marina Baura y Gustavo Rodr\u00edguez. Debido a su \u00e9xito, se realiz\u00f3 una adaptaci\u00f3n de manos de la escritora Rossana Negr\u00edn, para su exhibici\u00f3n en formato de pel\u00edcula para tv.<\/p>","protected":false},"featured_media":231544,"template":"","meta":{"_et_pb_use_builder":"","_et_pb_old_content":"","_et_gb_content_width":""},"product_cat":[24],"product_tag":[264,278,279,280],"acf":[],"_links":{"self":[{"href":"http:\/\/3.144.191.25\/en\/wp-json\/wp\/v2\/product\/228502"}],"collection":[{"href":"http:\/\/3.144.191.25\/en\/wp-json\/wp\/v2\/product"}],"about":[{"href":"http:\/\/3.144.191.25\/en\/wp-json\/wp\/v2\/types\/product"}],"wp:featuredmedia":[{"embeddable":true,"href":"http:\/\/3.144.191.25\/en\/wp-json\/wp\/v2\/media\/231544"}],"wp:attachment":[{"href":"http:\/\/3.144.191.25\/en\/wp-json\/wp\/v2\/media?parent=228502"}],"wp:term":[{"taxonomy":"product_cat","embeddable":true,"href":"http:\/\/3.144.191.25\/en\/wp-json\/wp\/v2\/product_cat?post=228502"},{"taxonomy":"product_tag","embeddable":true,"href":"http:\/\/3.144.191.25\/en\/wp-json\/wp\/v2\/product_tag?post=228502"}],"curies":[{"name":"wp","href":"https:\/\/api.w.org\/{rel}","templated":true}]}}