{"id":228506,"date":"2019-10-30T02:23:56","date_gmt":"2019-10-30T02:23:56","guid":{"rendered":"http:\/\/beta.rctvintl.com\/?post_type=product&#038;p=228506"},"modified":"2024-05-28T20:52:11","modified_gmt":"2024-05-28T20:52:11","slug":"silvia-rivas-divorciada-2","status":"publish","type":"product","link":"http:\/\/3.144.191.25\/en\/product\/silvia-rivas-divorciada-2\/","title":{"rendered":"Silvia Rivas Divorciada"},"content":{"rendered":"<p style=\"text-align: center;\"><div style=\"width: 100%; min-height: 1px;\" id=\"vimeo-wc-video-6a0223310b789\" data-js=\"vimeo-wc-video\" data-atts=\"{&quot;autopause&quot;:&quot;true&quot;,&quot;autoplay&quot;:false,&quot;background&quot;:false,&quot;byline&quot;:&quot;true&quot;,&quot;color&quot;:&quot;none&quot;,&quot;controls&quot;:&quot;true&quot;,&quot;dnt&quot;:&quot;true&quot;,&quot;height&quot;:&quot;none&quot;,&quot;id&quot;:false,&quot;loop&quot;:false,&quot;maxheight&quot;:&quot;none&quot;,&quot;maxwidth&quot;:&quot;none&quot;,&quot;muted&quot;:false,&quot;pip&quot;:false,&quot;playsinline&quot;:&quot;true&quot;,&quot;portrait&quot;:&quot;true&quot;,&quot;quality&quot;:&quot;auto&quot;,&quot;responsive&quot;:&quot;true&quot;,&quot;speed&quot;:false,&quot;texttrack&quot;:&quot;none&quot;,&quot;title&quot;:&quot;true&quot;,&quot;transparent&quot;:true,&quot;url&quot;:&quot;https:\\\/\\\/vimeo.com\\\/368136254&quot;,&quot;width&quot;:&quot;none&quot;}\"><\/div><\/p>\n<p>&nbsp;<\/p>\n<p style=\"text-align: justify;\">","protected":false},"excerpt":{"rendered":"<p><img decoding=\"async\" loading=\"lazy\" class=\"alignnone wp-image-228508 size-medium\" src=\"http:\/\/www.rctvinternational.com\/wp-content\/uploads\/2019\/10\/Silvia-Rivas-Divorciada-231x300.png\" alt=\"\" width=\"231\" height=\"300\" \/><\/p>\n<p><img decoding=\"async\" loading=\"lazy\" class=\"alignnone size-full wp-image-232350\" src=\"http:\/\/www.rctvinternational.com\/wp-content\/uploads\/2020\/10\/Sinopsis.png\" alt=\"\" width=\"125\" height=\"57\" \/><\/p>\n<p><b>Silvia Rivas, <\/b>una mujer divorciada, que luego de un matrimonio tormentoso intenta abrirse paso por su cuenta y junto a su hijo, con la firme convicci\u00f3n de no enamorarse nuevamente.<\/p>\n<p style=\"text-align: justify;\">En el andar de la vida cotidiana, Silvia se topar\u00e1 con <b>Ricardo<\/b>, con quien comienza una relaci\u00f3n, sin saber que est\u00e1 casado y tiene una hija que padece un problema de salud.<\/p>\n<p style=\"text-align: justify;\">Benigno, exesposo de Silvia, hace todo lo posible por intentar recuperarla y utiliza al hijo de ambos como pretexto para alcanzar su objetivo.<\/p>\n<p style=\"text-align: justify;\">Silvia se encontrar\u00e1 en una gran disyuntiva, abrirse a la posibilidad de un nuevo amor o volver a una vida de malos tratos con su exesposo, por el aparente \u201cbien de su hijo\u201d.<\/p>\n<p><img decoding=\"async\" loading=\"lazy\" class=\"alignnone size-full wp-image-231431\" src=\"http:\/\/www.rctvinternational.com\/wp-content\/uploads\/2020\/04\/deberias-saber-que.jpg\" alt=\"\" width=\"265\" height=\"39\" \/><\/p>\n<p style=\"text-align: justify;\"><strong>Silvia Rivas Divorciada<\/strong> fue una telenovela de gran \u00e9xito que se estren\u00f3 en septiembre de 1977. Escrita originalmente por Jos\u00e9 Ignacio Cabrujas, cont\u00f3 con la participaci\u00f3n en rol protag\u00f3nico de la pareja de dram\u00e1ticos del momento: Marina Baura y Jos\u00e9 Bardina.<\/p>\n<p style=\"text-align: justify;\">La adaptaci\u00f3n llevada a cabo por la escritora Cristina Policastro, tambi\u00e9n cuenta con una remasterizaci\u00f3n realizada con la tecnolog\u00eda m\u00e1s avanzada, para el mayor disfrute en formato de pel\u00edcula para TV.<\/p>","protected":false},"featured_media":228507,"template":"","meta":{"_et_pb_use_builder":"","_et_pb_old_content":"","_et_gb_content_width":""},"product_cat":[24],"product_tag":[244,284,176],"acf":[],"_links":{"self":[{"href":"http:\/\/3.144.191.25\/en\/wp-json\/wp\/v2\/product\/228506"}],"collection":[{"href":"http:\/\/3.144.191.25\/en\/wp-json\/wp\/v2\/product"}],"about":[{"href":"http:\/\/3.144.191.25\/en\/wp-json\/wp\/v2\/types\/product"}],"wp:featuredmedia":[{"embeddable":true,"href":"http:\/\/3.144.191.25\/en\/wp-json\/wp\/v2\/media\/228507"}],"wp:attachment":[{"href":"http:\/\/3.144.191.25\/en\/wp-json\/wp\/v2\/media?parent=228506"}],"wp:term":[{"taxonomy":"product_cat","embeddable":true,"href":"http:\/\/3.144.191.25\/en\/wp-json\/wp\/v2\/product_cat?post=228506"},{"taxonomy":"product_tag","embeddable":true,"href":"http:\/\/3.144.191.25\/en\/wp-json\/wp\/v2\/product_tag?post=228506"}],"curies":[{"name":"wp","href":"https:\/\/api.w.org\/{rel}","templated":true}]}}