{"id":230033,"date":"2019-07-31T16:23:38","date_gmt":"2019-07-31T16:23:38","guid":{"rendered":"http:\/\/rctvinternational.com\/?post_type=product&#038;p=230033"},"modified":"2025-05-07T23:16:55","modified_gmt":"2025-05-07T23:16:55","slug":"amantes","status":"publish","type":"product","link":"http:\/\/3.144.191.25\/en\/product\/amantes\/","title":{"rendered":"Amantes"},"content":{"rendered":"<p style=\"text-align: center;\"><div style=\"width: 100%; min-height: 1px;\" id=\"vimeo-wc-video-6a022fc62033d\" data-js=\"vimeo-wc-video\" data-atts=\"{&quot;autopause&quot;:&quot;true&quot;,&quot;autoplay&quot;:false,&quot;background&quot;:false,&quot;byline&quot;:&quot;true&quot;,&quot;color&quot;:&quot;none&quot;,&quot;controls&quot;:&quot;true&quot;,&quot;dnt&quot;:&quot;true&quot;,&quot;height&quot;:&quot;none&quot;,&quot;id&quot;:false,&quot;loop&quot;:false,&quot;maxheight&quot;:&quot;none&quot;,&quot;maxwidth&quot;:&quot;none&quot;,&quot;muted&quot;:false,&quot;pip&quot;:false,&quot;playsinline&quot;:&quot;true&quot;,&quot;portrait&quot;:&quot;true&quot;,&quot;quality&quot;:&quot;auto&quot;,&quot;responsive&quot;:&quot;true&quot;,&quot;speed&quot;:false,&quot;texttrack&quot;:&quot;none&quot;,&quot;title&quot;:&quot;true&quot;,&quot;transparent&quot;:true,&quot;url&quot;:&quot;https:\\\/\\\/vimeo.com\\\/686387480&quot;,&quot;width&quot;:&quot;none&quot;}\"><\/div><\/p>\n<p>&nbsp;<\/p>\n<p>&nbsp;<\/p>","protected":false},"excerpt":{"rendered":"<p><img decoding=\"async\" loading=\"lazy\" class=\"alignnone wp-image-231161 size-medium\" src=\"http:\/\/www.rctvinternational.com\/wp-content\/uploads\/2019\/07\/claquetas-Amantes-20-20-1-225x300.png\" alt=\"\" width=\"225\" height=\"300\" \/><\/p>\n<p><img decoding=\"async\" loading=\"lazy\" class=\"alignnone size-full wp-image-232350\" src=\"http:\/\/www.rctvinternational.com\/wp-content\/uploads\/2020\/10\/Sinopsis.png\" alt=\"\" width=\"125\" height=\"57\" \/><\/p>\n<p style=\"text-align: justify;\">El amor de Isabel (<strong>Chantal Baudaux<\/strong>) y Camilo (<strong>Juan Carlos Alarc\u00f3n<\/strong>) es tan grande e impetuoso como el llano venezolano donde se desarrolla. Ellos solo desean estar juntos, pero Sa\u00fal Bejarano (<strong>Aroldo Betancourt<\/strong>), un temido terrateniente obsesionado con Isabel, se vale de artima\u00f1as y de su gran poder econ\u00f3mico para casarse con ella.<\/p>\n<p style=\"text-align: justify;\">Bejarano convence a Virgilio Sarmiento, padre de Isabel, de ser el culpable de un asesinato que no cometi\u00f3, por eso Isabel se sacrifica y acepta contraer nupcias con Bejarano. Camilo, con el coraz\u00f3n roto, se aleja, pero desconoce que Isabel espera un hijo suyo.<\/p>\n<p style=\"text-align: justify;\">Camilo culmina sus estudios de medicina en la ciudad, donde tambi\u00e9n conoce a Erika Hoffman, una hermosa mujer con quien se casa, aunque los intereses de ella se centran en las finanzas de su nuevo esposo.<\/p>\n<p style=\"text-align: justify;\">Tiempo despu\u00e9s, Camilo regresa para vender las tierras de su padre, pero descubre que su amor por Isabel permanece intacto y ella siente lo mismo por \u00e9l. Entonces proceden a dar riendas sueltas a la pasi\u00f3n, con encuentros furtivos, incluso en la casa del peligroso Sa\u00fal Bejarano.<\/p>\n<p style=\"text-align: justify;\">Es el nacimiento del siglo XX, en medio de una transici\u00f3n hist\u00f3rica que abre las puertas a la modernidad y al primer conflicto a escala mundial, Isabel y Camilo deben hacer frente a innumerables obst\u00e1culos para mantener la llama de la pasi\u00f3n encendida, aunque para estar juntos deban convertirse en <strong>Amantes.<\/strong><\/p>\n<p>&nbsp;<\/p>\n<p style=\"text-align: justify;\"><img decoding=\"async\" loading=\"lazy\" class=\"alignnone wp-image-231431 size-full\" src=\"http:\/\/www.rctvinternational.com\/wp-content\/uploads\/2020\/04\/deberias-saber-que.jpg\" alt=\"\" width=\"265\" height=\"39\" \/><\/p>\n<p>&nbsp;<\/p>\n<p style=\"text-align: justify;\"><strong>RCTV<\/strong> se ha destacado en la producci\u00f3n de telenovelas de \u00e9poca. T\u00edtulos como: <strong>Pobre Negro<\/strong>, <strong>Do\u00f1a B\u00e1rbara, <\/strong><strong>Sangre Azul,<\/strong> entre otros, han contado con gran aceptaci\u00f3n de la teleaudiencia y se han convertido en referencia tanto por la calidad como por los temas que aborda. Tal es el caso de <strong>Amantes<\/strong>, producci\u00f3n que ocup\u00f3 los primeros lugares de sinton\u00eda en Venezuela y Estados Unidos, con un repunte significativo en ambos pa\u00edses cuando se transmiti\u00f3 el cap\u00edtulo final, cuya duraci\u00f3n fue de dos horas.<\/p>","protected":false},"featured_media":231201,"template":"","meta":{"_et_pb_use_builder":"","_et_pb_old_content":"","_et_gb_content_width":""},"product_cat":[23],"product_tag":[199,270,264,304,305],"acf":[],"_links":{"self":[{"href":"http:\/\/3.144.191.25\/en\/wp-json\/wp\/v2\/product\/230033"}],"collection":[{"href":"http:\/\/3.144.191.25\/en\/wp-json\/wp\/v2\/product"}],"about":[{"href":"http:\/\/3.144.191.25\/en\/wp-json\/wp\/v2\/types\/product"}],"wp:featuredmedia":[{"embeddable":true,"href":"http:\/\/3.144.191.25\/en\/wp-json\/wp\/v2\/media\/231201"}],"wp:attachment":[{"href":"http:\/\/3.144.191.25\/en\/wp-json\/wp\/v2\/media?parent=230033"}],"wp:term":[{"taxonomy":"product_cat","embeddable":true,"href":"http:\/\/3.144.191.25\/en\/wp-json\/wp\/v2\/product_cat?post=230033"},{"taxonomy":"product_tag","embeddable":true,"href":"http:\/\/3.144.191.25\/en\/wp-json\/wp\/v2\/product_tag?post=230033"}],"curies":[{"name":"wp","href":"https:\/\/api.w.org\/{rel}","templated":true}]}}