{"id":230038,"date":"2019-05-06T16:31:19","date_gmt":"2019-05-06T16:31:19","guid":{"rendered":"http:\/\/rctvinternational.com\/?post_type=product&#038;p=230038"},"modified":"2025-05-07T23:19:38","modified_gmt":"2025-05-07T23:19:38","slug":"la-soberana","status":"publish","type":"product","link":"http:\/\/3.144.191.25\/en\/product\/la-soberana\/","title":{"rendered":"La Soberana"},"content":{"rendered":"<div style=\"width: 100%; min-height: 1px;\" id=\"vimeo-wc-video-6a022fdd72c22\" data-js=\"vimeo-wc-video\" data-atts=\"{&quot;autopause&quot;:&quot;true&quot;,&quot;autoplay&quot;:false,&quot;background&quot;:false,&quot;byline&quot;:&quot;true&quot;,&quot;color&quot;:&quot;none&quot;,&quot;controls&quot;:&quot;true&quot;,&quot;dnt&quot;:&quot;true&quot;,&quot;height&quot;:&quot;none&quot;,&quot;id&quot;:false,&quot;loop&quot;:false,&quot;maxheight&quot;:&quot;none&quot;,&quot;maxwidth&quot;:&quot;none&quot;,&quot;muted&quot;:false,&quot;pip&quot;:false,&quot;playsinline&quot;:&quot;true&quot;,&quot;portrait&quot;:&quot;true&quot;,&quot;quality&quot;:&quot;auto&quot;,&quot;responsive&quot;:&quot;true&quot;,&quot;speed&quot;:false,&quot;texttrack&quot;:&quot;none&quot;,&quot;title&quot;:&quot;true&quot;,&quot;transparent&quot;:true,&quot;url&quot;:&quot;https:\\\/\\\/vimeo.com\\\/371978500&quot;,&quot;width&quot;:&quot;none&quot;}\"><\/div>","protected":false},"excerpt":{"rendered":"<p><img decoding=\"async\" loading=\"lazy\" class=\"alignnone wp-image-231145 size-medium\" src=\"http:\/\/www.rctvinternational.com\/wp-content\/uploads\/2019\/05\/claquetas-Corregidas-21-225x300.png\" alt=\"\" width=\"225\" height=\"300\" \/><\/p>\n<p><img decoding=\"async\" loading=\"lazy\" class=\"alignnone size-full wp-image-232350\" src=\"http:\/\/www.rctvinternational.com\/wp-content\/uploads\/2020\/10\/Sinopsis.png\" alt=\"\" width=\"125\" height=\"57\" \/><\/p>\n<p style=\"text-align: justify;\">Ana Ozores (<strong>Eileen Abad<\/strong>) es la heredera de la cuantiosa fortuna del poderoso hacendado Emiliano Ozores, sin embargo, vive sumida en la pobreza gracias a la manipulaci\u00f3n de sus t\u00edas, quienes la humillan con frecuencia y la tildan de bastarda. El amor que siente por \u00c1lvaro Mes\u00edas (<strong>Albi De Abreu<\/strong>) es su \u00fanico consuelo.<\/p>\n<p style=\"text-align: justify;\">Los deseos de superaci\u00f3n de \u00c1lvaro lo llevan a cursar estudios en el exterior, esperanzado de que a su regreso pueda unir definitivamente su vida a la de Ana. Sin embargo, su partida solo sirve para recrudecer el odio de las t\u00edas hacia Ana y ella cede ante las intenciones matrimoniales de Don V\u00edctor Quintana, un hombre de gran poder econ\u00f3mico en la poblaci\u00f3n de Vetusta.<\/p>\n<p style=\"text-align: justify;\">Las cosas no resultan como lo esperaba Ana y su matrimonio es un caos, aunque se las arregla para evitar cumplir con su deber conyugal. Entre tanto, \u00c1lvaro se entera de esa uni\u00f3n y jura tomar venganza. Chery Benavides es una misteriosa mujer citadina que al llegar al pueblo demuestra gran inter\u00e9s en \u00c1lvaro.<\/p>\n<p style=\"text-align: justify;\">Ana tambi\u00e9n debe hacer frente a \u00c1ngel, un seminarista que aparentemente es su hermanastro, pero su intenci\u00f3n es arrebatarle la herencia. En medio de ese ambiente hostil que se desarrolla en el pueblo andino de Vetusta, Ana debe sobreponerse a la hipocres\u00eda provinciana imperante para convertirse en <strong>La Soberana<\/strong>.<\/p>\n<p><img decoding=\"async\" loading=\"lazy\" class=\"alignnone size-full wp-image-231431\" src=\"http:\/\/www.rctvinternational.com\/wp-content\/uploads\/2020\/04\/deberias-saber-que.jpg\" alt=\"\" width=\"265\" height=\"39\" \/><\/p>\n<p style=\"text-align: justify;\"><strong>La Soberana<\/strong> es una telenovela que fue transmitida por <strong>RCTV<\/strong> en el a\u00f1o 2001. La historia pertenece a la escritora Xiomara Moreno, pero est\u00e1 basada en la novela La Regenta del autor espa\u00f1ol Leopoldo Alas Clar\u00edn.<\/p>","protected":false},"featured_media":231189,"template":"","meta":{"_et_pb_use_builder":"","_et_pb_old_content":"","_et_gb_content_width":""},"product_cat":[23],"product_tag":[309,308,190],"acf":[],"_links":{"self":[{"href":"http:\/\/3.144.191.25\/en\/wp-json\/wp\/v2\/product\/230038"}],"collection":[{"href":"http:\/\/3.144.191.25\/en\/wp-json\/wp\/v2\/product"}],"about":[{"href":"http:\/\/3.144.191.25\/en\/wp-json\/wp\/v2\/types\/product"}],"wp:featuredmedia":[{"embeddable":true,"href":"http:\/\/3.144.191.25\/en\/wp-json\/wp\/v2\/media\/231189"}],"wp:attachment":[{"href":"http:\/\/3.144.191.25\/en\/wp-json\/wp\/v2\/media?parent=230038"}],"wp:term":[{"taxonomy":"product_cat","embeddable":true,"href":"http:\/\/3.144.191.25\/en\/wp-json\/wp\/v2\/product_cat?post=230038"},{"taxonomy":"product_tag","embeddable":true,"href":"http:\/\/3.144.191.25\/en\/wp-json\/wp\/v2\/product_tag?post=230038"}],"curies":[{"name":"wp","href":"https:\/\/api.w.org\/{rel}","templated":true}]}}