{"id":230077,"date":"2019-12-31T21:43:27","date_gmt":"2019-12-31T21:43:27","guid":{"rendered":"http:\/\/rctvinternational.com\/?post_type=product&#038;p=230077"},"modified":"2025-06-04T22:48:34","modified_gmt":"2025-06-04T22:48:34","slug":"la-inolvidable","status":"publish","type":"product","link":"http:\/\/3.144.191.25\/en\/product\/la-inolvidable\/","title":{"rendered":"The Unforgettable (La Inolvidable)"},"content":{"rendered":"<p style=\"text-align: center;\"><div style=\"width: 100%; min-height: 1px;\" id=\"vimeo-wc-video-6a02151af2f8f\" data-js=\"vimeo-wc-video\" data-atts=\"{&quot;autopause&quot;:&quot;true&quot;,&quot;autoplay&quot;:false,&quot;background&quot;:false,&quot;byline&quot;:&quot;true&quot;,&quot;color&quot;:&quot;none&quot;,&quot;controls&quot;:&quot;true&quot;,&quot;dnt&quot;:&quot;true&quot;,&quot;height&quot;:&quot;none&quot;,&quot;id&quot;:false,&quot;loop&quot;:false,&quot;maxheight&quot;:&quot;none&quot;,&quot;maxwidth&quot;:&quot;none&quot;,&quot;muted&quot;:false,&quot;pip&quot;:false,&quot;playsinline&quot;:&quot;true&quot;,&quot;portrait&quot;:&quot;true&quot;,&quot;quality&quot;:&quot;auto&quot;,&quot;responsive&quot;:&quot;true&quot;,&quot;speed&quot;:false,&quot;texttrack&quot;:&quot;none&quot;,&quot;title&quot;:&quot;true&quot;,&quot;transparent&quot;:true,&quot;url&quot;:&quot;https:\\\/\\\/vimeo.com\\\/374234637&quot;,&quot;width&quot;:&quot;none&quot;}\"><\/div><\/p>\n<p>&nbsp;<\/p>\n<p>&nbsp;<\/p>\n<p style=\"text-align: justify;\">","protected":false},"excerpt":{"rendered":"<p><img decoding=\"async\" loading=\"lazy\" class=\"alignnone wp-image-230259 size-medium\" src=\"http:\/\/www.rctvinternational.com\/wp-content\/uploads\/2019\/12\/claquetas-Corregidas-22-225x300.png\" alt=\"\" width=\"225\" height=\"300\" \/><\/p>\n<p><img decoding=\"async\" loading=\"lazy\" class=\"alignnone size-full wp-image-232350\" src=\"http:\/\/www.rctvinternational.com\/wp-content\/uploads\/2020\/10\/Sinopsis.png\" alt=\"\" width=\"125\" height=\"57\" \/><\/p>\n<p style=\"text-align: justify;\" class=\"translation-block\">Sim\u00f3n Leal  (<strong>Rafael Romero<\/strong>) returns from Europe as the main attraction of a show company. He is a devoted escape artist who, on his return to the country, finds love personified in Maria Teresa Montero (<strong>Christianne Gout<\/strong>) while discovering his parents' murderers.<\/p>\n<p style=\"text-align: justify;\">Sim\u00f3n no tuvo la oportunidad de conocer a sus progenitores porque fueron cruelmente asesinados, cuando \u00e9l acababa de nacer. Los detalles del suceso quedaron grabados en una pel\u00edcula que logra obtener y donde se evidencia al verdadero culpable: el Coronel Maximiliano Montero, padre de Mar\u00eda Teresa.<\/p>\n<p style=\"text-align: justify;\">Gracias a sus habilidades histri\u00f3nicas, Sim\u00f3n realiza otra pel\u00edcula en la que desenmascara a los homicidas, pero, ir\u00f3nicamente, cuenta con Mar\u00eda Teresa como la protagonista del filme.<\/p>\n<p style=\"text-align: justify;\">Maximiliano Montero intervenes and uses all the resources at his disposal to separate his daughter from Sim\u00f3n. He, therefore, resorts to lies and plans an attack with which he intends to frame Simon. His plans succeed and Maria Teresa marries a man she does not love.<\/p>\n<p style=\"text-align: justify;\" class=\"translation-block\">However, no trick can be imposed before the force of love. That is why Simon Leal must use all his abilities to achieve the most important goal of his life: to stay with Maria Theresa... <strong>the unforgettable<\/strong>.<\/p>\n<p>&nbsp;<\/p>\n<p><img decoding=\"async\" loading=\"lazy\" class=\"alignnone wp-image-231431 size-full\" src=\"http:\/\/www.rctvinternational.com\/wp-content\/uploads\/2020\/04\/deberias-saber-que.jpg\" alt=\"\" width=\"265\" height=\"39\" \/><\/p>\n<p style=\"text-align: justify;\">El actor <strong>Rafael Romero<\/strong> se estren\u00f3 como protagonista en esta producci\u00f3n de <strong>RCTV<\/strong>, mientras que la actriz mexicana <strong>Christianne Gout<\/strong> incursion\u00f3 por primera vez en la televisi\u00f3n venezolana. Se trata de otra de las producciones emblem\u00e1ticas que ha dejado huella tanto en Venezuela como en los pa\u00edses donde se ha exhibido.<\/p>\n<p style=\"text-align: justify;\">El mercado latinoamericano se ha mostrado insistentemente interesado en adquirir los derechos de transmisi\u00f3n de esta producci\u00f3n de <strong>RCTV<\/strong>, al igual que en Europa, donde se ha exhibido en pa\u00edses como: Holanda, Rusia, Armenia, B\u00e9lgica, Alemania y Francia, por mencionar algunos.<\/p>","protected":false},"featured_media":233156,"template":"","meta":{"_et_pb_use_builder":"off","_et_pb_old_content":"","_et_gb_content_width":""},"product_cat":[22],"product_tag":[266,184,265],"acf":[],"_links":{"self":[{"href":"http:\/\/3.144.191.25\/en\/wp-json\/wp\/v2\/product\/230077"}],"collection":[{"href":"http:\/\/3.144.191.25\/en\/wp-json\/wp\/v2\/product"}],"about":[{"href":"http:\/\/3.144.191.25\/en\/wp-json\/wp\/v2\/types\/product"}],"wp:featuredmedia":[{"embeddable":true,"href":"http:\/\/3.144.191.25\/en\/wp-json\/wp\/v2\/media\/233156"}],"wp:attachment":[{"href":"http:\/\/3.144.191.25\/en\/wp-json\/wp\/v2\/media?parent=230077"}],"wp:term":[{"taxonomy":"product_cat","embeddable":true,"href":"http:\/\/3.144.191.25\/en\/wp-json\/wp\/v2\/product_cat?post=230077"},{"taxonomy":"product_tag","embeddable":true,"href":"http:\/\/3.144.191.25\/en\/wp-json\/wp\/v2\/product_tag?post=230077"}],"curies":[{"name":"wp","href":"https:\/\/api.w.org\/{rel}","templated":true}]}}