{"id":231049,"date":"2020-03-19T22:02:51","date_gmt":"2020-03-19T22:02:51","guid":{"rendered":"http:\/\/rctvinternational.com\/?post_type=product&#038;p=231049"},"modified":"2025-05-08T00:16:42","modified_gmt":"2025-05-08T00:16:42","slug":"nina-mimada","status":"publish","type":"product","link":"http:\/\/3.144.191.25\/en\/product\/nina-mimada\/","title":{"rendered":"Ni\u00f1a Mimada"},"content":{"rendered":"<p style=\"text-align: center;\"><div style=\"width: 100%; min-height: 1px;\" id=\"vimeo-wc-video-6a021540737e6\" data-js=\"vimeo-wc-video\" data-atts=\"{&quot;autopause&quot;:&quot;true&quot;,&quot;autoplay&quot;:false,&quot;background&quot;:false,&quot;byline&quot;:&quot;true&quot;,&quot;color&quot;:&quot;none&quot;,&quot;controls&quot;:&quot;true&quot;,&quot;dnt&quot;:&quot;true&quot;,&quot;height&quot;:&quot;none&quot;,&quot;id&quot;:false,&quot;loop&quot;:false,&quot;maxheight&quot;:&quot;none&quot;,&quot;maxwidth&quot;:&quot;none&quot;,&quot;muted&quot;:false,&quot;pip&quot;:false,&quot;playsinline&quot;:&quot;true&quot;,&quot;portrait&quot;:&quot;true&quot;,&quot;quality&quot;:&quot;auto&quot;,&quot;responsive&quot;:&quot;true&quot;,&quot;speed&quot;:false,&quot;texttrack&quot;:&quot;none&quot;,&quot;title&quot;:&quot;true&quot;,&quot;transparent&quot;:true,&quot;url&quot;:&quot;https:\\\/\\\/vimeo.com\\\/475197505&quot;,&quot;width&quot;:&quot;none&quot;}\"><\/div><\/p>\n<p>&nbsp;<\/p>","protected":false},"excerpt":{"rendered":"<p><img decoding=\"async\" loading=\"lazy\" class=\"alignnone wp-image-231138 size-medium\" src=\"http:\/\/www.rctvinternational.com\/wp-content\/uploads\/2020\/03\/claquetas-ni\u00f1a-mimada-225x300.png\" alt=\"\" width=\"225\" height=\"300\" \/><\/p>\n<p><img decoding=\"async\" loading=\"lazy\" class=\"alignnone size-full wp-image-232350\" src=\"http:\/\/www.rctvinternational.com\/wp-content\/uploads\/2020\/10\/Sinopsis.png\" alt=\"\" width=\"125\" height=\"57\" \/><\/p>\n<p>Patricia Echegaray (<strong>Eileen Abad<\/strong>) bella y consentida, siempre ha sido el centro de atenci\u00f3n de todos, hasta de Joaqu\u00edn Iriarte, un hombre infame, de turbios negocios, que desea conquistarla.<\/p>\n<p>Iriarte est\u00e1 en la capacidad de destruir la compa\u00f1\u00eda de los Echegaray y la \u00fanica manera de evitarlo es que Patricia se case con \u00e9l. A pesar del desprecio que siente, ella acepta la propuesta, pero todav\u00eda le queda una jugada.<\/p>\n<p>Una vez que su padre tiene los documentos que resguardan la compa\u00f1\u00eda, Patricia huye de la iglesia y deja plantado a Joaqu\u00edn. En su huida conoce a \u00c1ngel Mogoll\u00f3n (<strong>Marcelo Cez\u00e1n<\/strong>) quien, sin dudarlo, la socorre. Ella finge amnesia y se hace pasar por humilde mientras se instala en la casa de su salvador.<\/p>\n<p>Las amenazas de Joaqu\u00edn comienzan a hacer mella en las finanzas del Consorcio Echegaray y Patricia decide regresar a pesar del amor que ya siente por \u00c1ngel. Joaqu\u00edn desea darle otra oportunidad, pero ella le reitera su desprecio.<\/p>\n<p>Entre tanto, \u00c1ngel descubre todo lo que le hab\u00eda ocultado Patricia y el amor se convierte en odio. Pero a \u00e9l le esperan muchas m\u00e1s sorpresas que cambiar\u00e1n su vida, entre ellas el inesperado v\u00ednculo que tiene con su inesperado benefactor incondicional: Joaqu\u00edn Iriarte.<\/p>\n<p>Patricia debe ayudar a su padre a recuperar la compa\u00f1\u00eda que con tanto esfuerzo levant\u00f3 y convencer a \u00c1ngel del amor que realmente siente por \u00e9l.<\/p>\n<p><img decoding=\"async\" loading=\"lazy\" class=\"alignnone size-full wp-image-231431\" src=\"http:\/\/www.rctvinternational.com\/wp-content\/uploads\/2020\/04\/deberias-saber-que.jpg\" alt=\"\" width=\"265\" height=\"39\" \/><\/p>\n<p>La teleaudiencia latinoamericana le dio repetidamente su preferencia a\u00a0<strong>Ni\u00f1a Mimada<\/strong>. Los derechos de este dram\u00e1tico fueron negociados con \u00e9xito en m\u00e1s de 40 oportunidades, destacando M\u00e9xico que los obtuvo hasta en cuatro ocasiones en los a\u00f1os 1999 (dos veces), 2000, y 2002. Tambi\u00e9n en Indonesia e Italia\u00a0 pudieron apreciar la calidad de la telenovela venezolana realizada por\u00a0<strong>RCTV<\/strong>.<\/p>","protected":false},"featured_media":231293,"template":"","meta":{"_et_pb_use_builder":"","_et_pb_old_content":"","_et_gb_content_width":""},"product_cat":[22],"product_tag":[240,238,239],"acf":[],"_links":{"self":[{"href":"http:\/\/3.144.191.25\/en\/wp-json\/wp\/v2\/product\/231049"}],"collection":[{"href":"http:\/\/3.144.191.25\/en\/wp-json\/wp\/v2\/product"}],"about":[{"href":"http:\/\/3.144.191.25\/en\/wp-json\/wp\/v2\/types\/product"}],"wp:featuredmedia":[{"embeddable":true,"href":"http:\/\/3.144.191.25\/en\/wp-json\/wp\/v2\/media\/231293"}],"wp:attachment":[{"href":"http:\/\/3.144.191.25\/en\/wp-json\/wp\/v2\/media?parent=231049"}],"wp:term":[{"taxonomy":"product_cat","embeddable":true,"href":"http:\/\/3.144.191.25\/en\/wp-json\/wp\/v2\/product_cat?post=231049"},{"taxonomy":"product_tag","embeddable":true,"href":"http:\/\/3.144.191.25\/en\/wp-json\/wp\/v2\/product_tag?post=231049"}],"curies":[{"name":"wp","href":"https:\/\/api.w.org\/{rel}","templated":true}]}}