{"id":231123,"date":"2020-09-04T01:16:40","date_gmt":"2020-09-04T01:16:40","guid":{"rendered":"http:\/\/rctvinternational.com\/?post_type=product&#038;p=231123"},"modified":"2025-05-08T00:27:53","modified_gmt":"2025-05-08T00:27:53","slug":"aunque-me-cueste-la-vida","status":"publish","type":"product","link":"http:\/\/3.144.191.25\/en\/product\/aunque-me-cueste-la-vida\/","title":{"rendered":"Aunque me cueste la vida"},"content":{"rendered":"<p style=\"text-align: center;\"><div style=\"width: 100%; min-height: 1px;\" id=\"vimeo-wc-video-6a0215cf63554\" data-js=\"vimeo-wc-video\" data-atts=\"{&quot;autopause&quot;:&quot;true&quot;,&quot;autoplay&quot;:false,&quot;background&quot;:false,&quot;byline&quot;:&quot;true&quot;,&quot;color&quot;:&quot;none&quot;,&quot;controls&quot;:&quot;true&quot;,&quot;dnt&quot;:&quot;true&quot;,&quot;height&quot;:&quot;none&quot;,&quot;id&quot;:false,&quot;loop&quot;:false,&quot;maxheight&quot;:&quot;none&quot;,&quot;maxwidth&quot;:&quot;none&quot;,&quot;muted&quot;:false,&quot;pip&quot;:false,&quot;playsinline&quot;:&quot;true&quot;,&quot;portrait&quot;:&quot;true&quot;,&quot;quality&quot;:&quot;auto&quot;,&quot;responsive&quot;:&quot;true&quot;,&quot;speed&quot;:false,&quot;texttrack&quot;:&quot;none&quot;,&quot;title&quot;:&quot;true&quot;,&quot;transparent&quot;:true,&quot;url&quot;:&quot;https:\\\/\\\/vimeo.com\\\/396547102&quot;,&quot;width&quot;:&quot;none&quot;}\"><\/div><\/p>\n<p>&nbsp;<\/p>\n<p>&nbsp;<\/p>","protected":false},"excerpt":{"rendered":"<p><img decoding=\"async\" loading=\"lazy\" class=\"alignnone size-medium wp-image-234305\" src=\"http:\/\/www.rctvinternational.com\/wp-content\/uploads\/2020\/09\/claquetas-Corregidas-27-1-225x300.png\" alt=\"\" width=\"225\" height=\"300\" \/><\/p>\n<p><img decoding=\"async\" loading=\"lazy\" class=\"alignnone size-full wp-image-232350\" src=\"http:\/\/www.rctvinternational.com\/wp-content\/uploads\/2020\/10\/Sinopsis.png\" alt=\"\" width=\"125\" height=\"57\" \/><\/p>\n<p style=\"text-align: justify;\">Teresa Larrazabal (<strong>Roxanna D\u00edaz<\/strong>) se enamora perdidamente de Vicente Valbuena Michelena (<strong>Carlos Montilla<\/strong>) gracias a una especie de hechizo que recibi\u00f3 cuando una lluvia de estrellas cay\u00f3 sobre ella, en forma de polvo, durante una noche m\u00e1gica en medio del bosque.<\/p>\n<p style=\"text-align: justify;\">Julia, hermana de Teresa, tambi\u00e9n enloquece de amor por Vicente para conformar un peligroso tri\u00e1ngulo amoroso. Pero las dificultades para Teresa, y en especial para Vicente, apenas comienzan puesto que B\u00e9lgica Michelena, madre de Vicente, alberga fuertes deseos de venganza contra Te\u00f3filo Larrazabal, padre de su amada Teresa.<\/p>\n<p style=\"text-align: justify;\">Adem\u00e1s del odio entre las familias, se interpone entre ellos una fuerza sobrenatural, proveniente del hechizo, que los mantiene separados a pesar de sus deseos. Se trata de un poder tan peligroso que causar\u00eda la muerte de Vicente al instante en caso de que ambos pudieran consumar su amor.<\/p>\n<p style=\"text-align: justify;\">Por eso, para poder estar juntos definitivamente y superar ese embrujo, los dos se ven forzados a internarse en lo profundo del bosque m\u00e1gico para encontrar sendos pu\u00f1ales clavados en forma de cruz al pie de un \u00e1rbol, una vez desenterrados podr\u00e1n disfrutar de la felicidad que les espera hasta el fin de sus d\u00edas.<\/p>\n<p><img decoding=\"async\" loading=\"lazy\" class=\"alignnone wp-image-231431 size-full\" src=\"http:\/\/www.rctvinternational.com\/wp-content\/uploads\/2020\/04\/deberias-saber-que.jpg\" alt=\"\" width=\"265\" height=\"39\" \/><\/p>\n<div>En 2004 Europa Oriental se rindi\u00f3 ante la calidad de la telenovela Aunque Me Cueste La Vida, producci\u00f3n de <strong>RCTV Internationa<\/strong>l. Ucrania, Rusia, Uzbekist\u00e1n, Kazajist\u00e1n, Azerbaiy\u00e1n, Estonia y Bielorrusia fueron algunos de los pa\u00edses que transmitieron las incidencias del dram\u00e1tico venezolano realizado por <strong>RCTV<\/strong>.<\/div>","protected":false},"featured_media":231310,"template":"","meta":{"_et_pb_use_builder":"","_et_pb_old_content":"","_et_gb_content_width":""},"product_cat":[22],"product_tag":[338,312,339],"acf":[],"_links":{"self":[{"href":"http:\/\/3.144.191.25\/en\/wp-json\/wp\/v2\/product\/231123"}],"collection":[{"href":"http:\/\/3.144.191.25\/en\/wp-json\/wp\/v2\/product"}],"about":[{"href":"http:\/\/3.144.191.25\/en\/wp-json\/wp\/v2\/types\/product"}],"wp:featuredmedia":[{"embeddable":true,"href":"http:\/\/3.144.191.25\/en\/wp-json\/wp\/v2\/media\/231310"}],"wp:attachment":[{"href":"http:\/\/3.144.191.25\/en\/wp-json\/wp\/v2\/media?parent=231123"}],"wp:term":[{"taxonomy":"product_cat","embeddable":true,"href":"http:\/\/3.144.191.25\/en\/wp-json\/wp\/v2\/product_cat?post=231123"},{"taxonomy":"product_tag","embeddable":true,"href":"http:\/\/3.144.191.25\/en\/wp-json\/wp\/v2\/product_tag?post=231123"}],"curies":[{"name":"wp","href":"https:\/\/api.w.org\/{rel}","templated":true}]}}