{"id":231125,"date":"2019-03-28T10:14:19","date_gmt":"2019-03-28T10:14:19","guid":{"rendered":"http:\/\/rctvinternational.com\/?post_type=product&#038;p=231125"},"modified":"2025-03-27T15:32:55","modified_gmt":"2025-03-27T15:32:55","slug":"hoy-te-vi","status":"publish","type":"product","link":"http:\/\/3.144.191.25\/en\/product\/hoy-te-vi\/","title":{"rendered":"Hoy Te Vi"},"content":{"rendered":"<div style=\"width: 100%; min-height: 1px;\" id=\"vimeo-wc-video-6a020a1eea19f\" data-js=\"vimeo-wc-video\" data-atts=\"{&quot;autopause&quot;:&quot;true&quot;,&quot;autoplay&quot;:false,&quot;background&quot;:false,&quot;byline&quot;:&quot;true&quot;,&quot;color&quot;:&quot;none&quot;,&quot;controls&quot;:&quot;true&quot;,&quot;dnt&quot;:&quot;true&quot;,&quot;height&quot;:&quot;none&quot;,&quot;id&quot;:false,&quot;loop&quot;:false,&quot;maxheight&quot;:&quot;none&quot;,&quot;maxwidth&quot;:&quot;none&quot;,&quot;muted&quot;:false,&quot;pip&quot;:false,&quot;playsinline&quot;:&quot;true&quot;,&quot;portrait&quot;:&quot;true&quot;,&quot;quality&quot;:&quot;auto&quot;,&quot;responsive&quot;:&quot;true&quot;,&quot;speed&quot;:false,&quot;texttrack&quot;:&quot;none&quot;,&quot;title&quot;:&quot;true&quot;,&quot;transparent&quot;:true,&quot;url&quot;:&quot;https:\\\/\\\/vimeo.com\\\/396547701&quot;,&quot;width&quot;:&quot;none&quot;}\"><\/div>","protected":false},"excerpt":{"rendered":"<p><img decoding=\"async\" loading=\"lazy\" class=\"alignnone wp-image-231698 size-medium\" src=\"http:\/\/www.rctvinternational.com\/wp-content\/uploads\/2020\/07\/claquetas_Hoy-te-vi-28-225x300.png\" alt=\"\" width=\"225\" height=\"300\" \/><\/p>\n<p><img decoding=\"async\" loading=\"lazy\" class=\"alignnone size-full wp-image-232350\" src=\"http:\/\/www.rctvinternational.com\/wp-content\/uploads\/2020\/10\/Sinopsis.png\" alt=\"\" width=\"125\" height=\"57\" \/><\/p>\n<p style=\"text-align: justify;\">Nicol\u00e1s (<strong>Sandy Olivares<\/strong>) es uno de los integrantes de la agrupaci\u00f3n musical llamada <strong>M\u00e1ximo Nivel<\/strong> conformada adem\u00e1s por: Iv\u00e1n, Ricardo, Napole\u00f3n y Gerardo. Cinco j\u00f3venes que, con su talento, sue\u00f1an con conquistar la industria de la m\u00fasica para alcanzar la fama y el estrellato.<\/p>\n<p style=\"text-align: justify;\">J\u00e9ssica Linares Urdaneta (<strong>Chantal Baudaux<\/strong>) forma parte del s\u00e9quito que incondicionalmente acompa\u00f1a a la agrupaci\u00f3n. La atracci\u00f3n entre ella y Nicol\u00e1s es evidente y, junto con el resto de la banda, comparten las aventuras, desventuras, triunfos y las locuras t\u00edpicas de la etapa de la adolescencia.<\/p>\n<p style=\"text-align: justify;\">Con el \u00e9xito como norte, los j\u00f3venes deben perseverar ante muchas adversidades como la actitud negativa de quienes les rodean, incluso de familiares, que se valdr\u00e1n de cualquier artima\u00f1a para separarlos. Pero el anhelo es m\u00e1s fuerte y, adem\u00e1s, cuentan con una persona que conf\u00eda en el talento de los muchachos y los ayuda a mantener el sue\u00f1o vivo.<\/p>\n<p style=\"text-align: justify;\">La qu\u00edmica que existe en el quinteto, esa suerte de conexi\u00f3n que se produce de manera natural, sin esfuerzos, constituye la clave para alcanzar el triunfo. Son j\u00f3venes que sienten una gran pasi\u00f3n por lo que hacen, pero tambi\u00e9n entienden que la fama a veces no es lo que se imaginaban y en el \u00ednterin obtienen una gran lecci\u00f3n de madurez y crecimiento.<\/p>\n<p><img decoding=\"async\" loading=\"lazy\" class=\"alignnone wp-image-231431 size-full\" src=\"http:\/\/www.rctvinternational.com\/wp-content\/uploads\/2020\/04\/deberias-saber-que.jpg\" alt=\"\" width=\"265\" height=\"39\" \/><\/p>\n<p style=\"text-align: justify;\">En el a\u00f1o 2006<strong>\u00a0Hoy Te Vi<\/strong>\u00a0se dio un paseo por el Medio Oriente y el norte de \u00c1frica acaparando con rotundo \u00e9xito la teleaudiencia de Turqu\u00eda, Ir\u00e1n, Kuwait, Dubai, Israel, L\u00edbano, Jordania, Chipre, Palestina, Irak y Egipto, entre muchos otros.<\/p>","protected":false},"featured_media":231311,"template":"","meta":{"_et_pb_use_builder":"","_et_pb_old_content":"","_et_gb_content_width":""},"product_cat":[27],"product_tag":[264,262,263],"acf":[],"_links":{"self":[{"href":"http:\/\/3.144.191.25\/en\/wp-json\/wp\/v2\/product\/231125"}],"collection":[{"href":"http:\/\/3.144.191.25\/en\/wp-json\/wp\/v2\/product"}],"about":[{"href":"http:\/\/3.144.191.25\/en\/wp-json\/wp\/v2\/types\/product"}],"wp:featuredmedia":[{"embeddable":true,"href":"http:\/\/3.144.191.25\/en\/wp-json\/wp\/v2\/media\/231311"}],"wp:attachment":[{"href":"http:\/\/3.144.191.25\/en\/wp-json\/wp\/v2\/media?parent=231125"}],"wp:term":[{"taxonomy":"product_cat","embeddable":true,"href":"http:\/\/3.144.191.25\/en\/wp-json\/wp\/v2\/product_cat?post=231125"},{"taxonomy":"product_tag","embeddable":true,"href":"http:\/\/3.144.191.25\/en\/wp-json\/wp\/v2\/product_tag?post=231125"}],"curies":[{"name":"wp","href":"https:\/\/api.w.org\/{rel}","templated":true}]}}