{"id":231130,"date":"2019-09-06T10:19:37","date_gmt":"2019-09-06T10:19:37","guid":{"rendered":"http:\/\/rctvinternational.com\/?post_type=product&#038;p=231130"},"modified":"2025-05-07T23:07:26","modified_gmt":"2025-05-07T23:07:26","slug":"que-buena-se-puso-lola","status":"publish","type":"product","link":"http:\/\/3.144.191.25\/en\/product\/que-buena-se-puso-lola\/","title":{"rendered":"\u00a1Qu\u00e9 Buena Se Puso Lola!"},"content":{"rendered":"<p style=\"text-align: center;\"><div style=\"width: 100%; min-height: 1px;\" id=\"vimeo-wc-video-6a0223448776f\" data-js=\"vimeo-wc-video\" data-atts=\"{&quot;autopause&quot;:&quot;true&quot;,&quot;autoplay&quot;:false,&quot;background&quot;:false,&quot;byline&quot;:&quot;true&quot;,&quot;color&quot;:&quot;none&quot;,&quot;controls&quot;:&quot;true&quot;,&quot;dnt&quot;:&quot;true&quot;,&quot;height&quot;:&quot;none&quot;,&quot;id&quot;:false,&quot;loop&quot;:false,&quot;maxheight&quot;:&quot;none&quot;,&quot;maxwidth&quot;:&quot;none&quot;,&quot;muted&quot;:false,&quot;pip&quot;:false,&quot;playsinline&quot;:&quot;true&quot;,&quot;portrait&quot;:&quot;true&quot;,&quot;quality&quot;:&quot;auto&quot;,&quot;responsive&quot;:&quot;true&quot;,&quot;speed&quot;:false,&quot;texttrack&quot;:&quot;none&quot;,&quot;title&quot;:&quot;true&quot;,&quot;transparent&quot;:true,&quot;url&quot;:&quot;https:\\\/\\\/vimeo.com\\\/257569337&quot;,&quot;width&quot;:&quot;none&quot;}\"><\/div><\/p>\n<p>&nbsp;<\/p>\n<p>&nbsp;<\/p>\n<p>&nbsp;<\/p>","protected":false},"excerpt":{"rendered":"<p><img decoding=\"async\" loading=\"lazy\" class=\"alignnone size-medium wp-image-231135\" src=\"http:\/\/rctvinternational.com\/wp-content\/uploads\/2020\/03\/claquetas-QBSPL-225x300.png\" alt=\"\" width=\"225\" height=\"300\" \/><\/p>\n<p><img decoding=\"async\" loading=\"lazy\" class=\"alignnone size-full wp-image-232350\" src=\"http:\/\/www.rctvinternational.com\/wp-content\/uploads\/2020\/10\/Sinopsis.png\" alt=\"\" width=\"125\" height=\"57\" \/><\/p>\n<p style=\"text-align: justify;\">Dolores Estrella (<strong>Roxana D\u00edaz<\/strong>) se desempe\u00f1a como enfermera en un ambulatorio. Cualquiera podr\u00eda considerar que a su belleza f\u00edsica es m\u00e1s que suficiente, pero su vida da un vuelco inesperado cuando conoce a Jorge Avellaneda (<strong>Jer\u00f3nimo Gil<\/strong>) un afamado cirujano que destaca en el mejor centro est\u00e9tico del pa\u00eds.<\/p>\n<p style=\"text-align: justify;\">Luego de un tiempo surge el amor entre ellos y deciden contraer matrimonio. Sin embargo, la obsesi\u00f3n perfeccionista de Jorge se presenta como uno de los problemas que la pareja enfrenta con mayor recurrencia.<\/p>\n<p style=\"text-align: justify;\">Finalmente, el m\u00e9dico no resiste la imperiosa necesidad de convertir a su esposa en la mujer perfecta, intenta convencerla pero Dolores reiteradamente se niega. Por eso, bajo enga\u00f1o, la ingresa al quir\u00f3fano y all\u00ed comienza a transformarla tal y como lo so\u00f1\u00f3.<\/p>\n<p style=\"text-align: justify;\">Dolores al darse cuenta se siente vilmente traicionada. Avellaneda, una vez que se da cuenta de su error, comienza el tortuoso camino para recuperar su amor pues se encuentra sumamente enamorado de ella.<\/p>\n<p style=\"text-align: justify;\">Por donde pasa todos comentan \u00a1Qu\u00e9 buena se puso Lola! expresi\u00f3n que le causa gran pesar a Jorge quien no desiste en reconquistar a su esposa.<\/p>\n<p><img decoding=\"async\" loading=\"lazy\" class=\"alignnone size-full wp-image-231431\" src=\"http:\/\/rctvinternational.com\/wp-content\/uploads\/2020\/04\/deberias-saber-que.jpg\" alt=\"\" width=\"265\" height=\"39\" \/><\/p>\n<p style=\"text-align: justify;\">La producci\u00f3n de<strong> RCTV, Qu\u00e9 buena se puso Lola<\/strong> incursion\u00f3 con \u00e9xito en distintos mercados m\u00e1s all\u00e1 de las fronteras venezolanas. Solamente en el continente americano sus derechos fueron adquiridos por al menos 10 pa\u00edses entre los que se encuentran: EE.UU., Ecuador, Puerto Rico y Rep\u00fablica Dominicana. Mientras que en Europa los pa\u00edses que se deleitaron con las incidencias de la telenovela fueron: Espa\u00f1a, Bulgaria, Serbia, Montenegro y Eslovenia, entre muchos otros.<\/p>","protected":false},"featured_media":233437,"template":"","meta":{"_et_pb_use_builder":"","_et_pb_old_content":"","_et_gb_content_width":""},"product_cat":[23],"product_tag":[261,260,251],"acf":[],"_links":{"self":[{"href":"http:\/\/3.144.191.25\/en\/wp-json\/wp\/v2\/product\/231130"}],"collection":[{"href":"http:\/\/3.144.191.25\/en\/wp-json\/wp\/v2\/product"}],"about":[{"href":"http:\/\/3.144.191.25\/en\/wp-json\/wp\/v2\/types\/product"}],"wp:featuredmedia":[{"embeddable":true,"href":"http:\/\/3.144.191.25\/en\/wp-json\/wp\/v2\/media\/233437"}],"wp:attachment":[{"href":"http:\/\/3.144.191.25\/en\/wp-json\/wp\/v2\/media?parent=231130"}],"wp:term":[{"taxonomy":"product_cat","embeddable":true,"href":"http:\/\/3.144.191.25\/en\/wp-json\/wp\/v2\/product_cat?post=231130"},{"taxonomy":"product_tag","embeddable":true,"href":"http:\/\/3.144.191.25\/en\/wp-json\/wp\/v2\/product_tag?post=231130"}],"curies":[{"name":"wp","href":"https:\/\/api.w.org\/{rel}","templated":true}]}}