{"id":231715,"date":"2020-08-10T09:14:53","date_gmt":"2020-08-10T09:14:53","guid":{"rendered":"http:\/\/rctvinternational.com\/?post_type=product&#038;p=231715"},"modified":"2025-03-27T14:09:29","modified_gmt":"2025-03-27T14:09:29","slug":"chupacabra","status":"publish","type":"product","link":"http:\/\/3.144.191.25\/en\/product\/chupacabra\/","title":{"rendered":"Chupacabra"},"content":{"rendered":"<div style=\"width: 100%; min-height: 1px;\" id=\"vimeo-wc-video-6a0221f0e6302\" data-js=\"vimeo-wc-video\" data-atts=\"{&quot;autopause&quot;:&quot;true&quot;,&quot;autoplay&quot;:false,&quot;background&quot;:false,&quot;byline&quot;:&quot;true&quot;,&quot;color&quot;:&quot;none&quot;,&quot;controls&quot;:&quot;true&quot;,&quot;dnt&quot;:&quot;true&quot;,&quot;height&quot;:&quot;none&quot;,&quot;id&quot;:false,&quot;loop&quot;:false,&quot;maxheight&quot;:&quot;none&quot;,&quot;maxwidth&quot;:&quot;none&quot;,&quot;muted&quot;:false,&quot;pip&quot;:false,&quot;playsinline&quot;:&quot;true&quot;,&quot;portrait&quot;:&quot;true&quot;,&quot;quality&quot;:&quot;auto&quot;,&quot;responsive&quot;:&quot;true&quot;,&quot;speed&quot;:false,&quot;texttrack&quot;:&quot;none&quot;,&quot;title&quot;:&quot;true&quot;,&quot;transparent&quot;:true,&quot;url&quot;:&quot;https:\\\/\\\/vimeo.com\\\/709674531&quot;,&quot;width&quot;:&quot;none&quot;}\"><\/div>","protected":false},"excerpt":{"rendered":"<p style=\"text-align: justify;\"><strong><img decoding=\"async\" loading=\"lazy\" class=\"alignnone wp-image-232540 size-medium\" src=\"http:\/\/www.rctvinternational.com\/wp-content\/uploads\/2020\/08\/Nuevas-Claquetas-18-240x300.png\" alt=\"\" width=\"240\" height=\"300\" \/><\/strong><\/p>\n<p style=\"text-align: justify;\"><img decoding=\"async\" loading=\"lazy\" class=\"alignnone size-full wp-image-232350\" src=\"http:\/\/www.rctvinternational.com\/wp-content\/uploads\/2020\/10\/Sinopsis.png\" alt=\"\" width=\"125\" height=\"57\" \/><\/p>\n<p style=\"text-align: justify;\">Luis To\u00f1ac (<strong>Carlos Arreaza<\/strong>), un reconocido cient\u00edfico e investigador, se dirige a un poblado, junto con la antrop\u00f3loga Amelia (<strong>Ligia Petit<\/strong>) para investigar la aparici\u00f3n de animales muertos sin una gota de sangre en su organismo.<\/p>\n<p style=\"text-align: justify;\">Una criatura que llaman <strong>El Chupacabra<\/strong> ser\u00eda el responsable de esos extra\u00f1os fallecimientos. El cient\u00edfico le resta importancia consider\u00e1ndolo como parte de la mitolog\u00eda local, al igual que a la leyenda de la muerte de una princesa precolombina que habr\u00eda reencarnado en su compa\u00f1era de trabajo.<\/p>\n<p style=\"text-align: justify;\">De acuerdo con el mito, la princesa prefiri\u00f3 perder la vida antes de ceder a las intenciones de un monje, quien es condenado por los dioses a pasar la eternidad en las sombras. Pero establece un pacto diab\u00f3lico que le permite vivir al alimentarse de sangre.<\/p>\n<p style=\"text-align: justify;\">Al llegar al lugar, la vida de <strong>To\u00f1ac<\/strong> cambia por completo. Sobre el esc\u00e9ptico galeno cae una maldici\u00f3n que lo convierte en el horrendo <strong>Chupacabra<\/strong>\u00a0durante las noches de luna nueva.<\/p>\n<p style=\"text-align: justify;\">En adelante, su existencia se ve envuelta en una constante lucha contra seres malignos como la Sayona, el Silb\u00f3n, el Coco y el Monje Vampiro, entre muchos otros, que azotan la comunidad.<\/p>\n<p style=\"text-align: justify;\">No obstante, su n\u00e9mesis, el verdadero responsable de todos los decesos, es el Chupacabras Negro, su peor enemigo. <strong>To\u00f1ac<\/strong> debe enfrentarlo y demostrar ante todos que \u00e9l no es el autor de las muertes en el poblado.<\/p>\n<p><img decoding=\"async\" loading=\"lazy\" class=\"alignnone size-full wp-image-231431\" src=\"http:\/\/www.rctvinternational.com\/wp-content\/uploads\/2020\/04\/deberias-saber-que.jpg\" alt=\"\" width=\"265\" height=\"39\" \/><\/p>\n<p>A pesar de que la historia tiene un fuerte arraigo latinoamericano, por los mitos y cuentos de aparecidos, el p\u00fablico estadounidense se interes\u00f3 por la trama, por lo que <strong>El Chupacabra<\/strong>\u00a0lleg\u00f3 a territorio norteamericano para invadir las pantallas de sus televisores.<\/p>","protected":false},"featured_media":231716,"template":"","meta":{"_et_pb_use_builder":"","_et_pb_old_content":"","_et_gb_content_width":""},"product_cat":[24],"product_tag":[349],"acf":[],"_links":{"self":[{"href":"http:\/\/3.144.191.25\/en\/wp-json\/wp\/v2\/product\/231715"}],"collection":[{"href":"http:\/\/3.144.191.25\/en\/wp-json\/wp\/v2\/product"}],"about":[{"href":"http:\/\/3.144.191.25\/en\/wp-json\/wp\/v2\/types\/product"}],"wp:featuredmedia":[{"embeddable":true,"href":"http:\/\/3.144.191.25\/en\/wp-json\/wp\/v2\/media\/231716"}],"wp:attachment":[{"href":"http:\/\/3.144.191.25\/en\/wp-json\/wp\/v2\/media?parent=231715"}],"wp:term":[{"taxonomy":"product_cat","embeddable":true,"href":"http:\/\/3.144.191.25\/en\/wp-json\/wp\/v2\/product_cat?post=231715"},{"taxonomy":"product_tag","embeddable":true,"href":"http:\/\/3.144.191.25\/en\/wp-json\/wp\/v2\/product_tag?post=231715"}],"curies":[{"name":"wp","href":"https:\/\/api.w.org\/{rel}","templated":true}]}}