{"id":231722,"date":"2018-02-16T15:50:39","date_gmt":"2018-02-16T15:50:39","guid":{"rendered":"http:\/\/rctvinternational.com\/?post_type=product&#038;p=231722"},"modified":"2024-10-15T18:14:21","modified_gmt":"2024-10-15T18:14:21","slug":"archivos-del-mas-alla","status":"publish","type":"product","link":"http:\/\/3.144.191.25\/en\/product\/archivos-del-mas-alla\/","title":{"rendered":"Archivos Del M\u00e1s All\u00e1"},"content":{"rendered":"<div style=\"width: 100%; min-height: 1px;\" id=\"vimeo-wc-video-6a020aca8e1cf\" data-js=\"vimeo-wc-video\" data-atts=\"{&quot;autopause&quot;:&quot;true&quot;,&quot;autoplay&quot;:false,&quot;background&quot;:false,&quot;byline&quot;:&quot;true&quot;,&quot;color&quot;:&quot;none&quot;,&quot;controls&quot;:&quot;true&quot;,&quot;dnt&quot;:&quot;true&quot;,&quot;height&quot;:&quot;none&quot;,&quot;id&quot;:false,&quot;loop&quot;:false,&quot;maxheight&quot;:&quot;none&quot;,&quot;maxwidth&quot;:&quot;none&quot;,&quot;muted&quot;:false,&quot;pip&quot;:false,&quot;playsinline&quot;:&quot;true&quot;,&quot;portrait&quot;:&quot;true&quot;,&quot;quality&quot;:&quot;auto&quot;,&quot;responsive&quot;:&quot;true&quot;,&quot;speed&quot;:false,&quot;texttrack&quot;:&quot;none&quot;,&quot;title&quot;:&quot;true&quot;,&quot;transparent&quot;:true,&quot;url&quot;:&quot;https:\\\/\\\/vimeo.com\\\/442160828&quot;,&quot;width&quot;:&quot;none&quot;}\"><\/div>","protected":false},"excerpt":{"rendered":"<p><img decoding=\"async\" loading=\"lazy\" class=\"alignnone wp-image-232305 size-medium\" src=\"https:\/\/www.rctvinternational.com\/wp-content\/uploads\/2020\/10\/claquetas-Corregidas_ArchivosMasAlla-29-225x300.png\" alt=\"\" width=\"225\" height=\"300\" \/><\/p>\n<p><img decoding=\"async\" loading=\"lazy\" class=\"alignnone size-full wp-image-232350\" src=\"http:\/\/www.rctvinternational.com\/wp-content\/uploads\/2020\/10\/Sinopsis.png\" alt=\"\" width=\"125\" height=\"57\" \/><\/p>\n<p style=\"text-align: justify;\">Elena, luego de sufrir un grave accidente automovil\u00edstico, es recluida de emergencia en un centro asistencial donde los m\u00e9dicos la declaran muerta, sin embargo, misteriosamente despierta en la morgue dejando at\u00f3nitos a todos los presentes.<\/p>\n<p style=\"text-align: justify;\">Al salir del centro hospitalario, Elena nota que posee una habilidad tan extra\u00f1a como aterradora, y es que, con tan solo tener contacto con las manos de otra persona es capaz de predecir su futuro inmediato, pero todos son tr\u00e1gicos.<\/p>\n<p style=\"text-align: justify;\">Misterio, terror y suspenso, con un final inesperado, como en el caso de Elena, es lo que ofrece Archivos del M\u00e1s all\u00e1. Se trata de un compendio de historias escalofriantes que pueden pasarle a cualquier persona, en cualquier momento, cambiando de manera dr\u00e1stica sus vidas. Cuarenta cr\u00f3nicas independientes que te har\u00e1n adicto a los hechos sobrenaturales.<\/p>\n<p style=\"text-align: justify;\">En cada cap\u00edtulo de <strong>Archivos del M\u00e1s all\u00e1 <\/strong>se desvela el v\u00ednculo entre el plano real y lo oculto, lo paranormal que a menudo intentamos ignorar pero que muy dentro de cada uno de nosotros sabemos que est\u00e1 all\u00ed, que existe, que est\u00e1 cerca\u2026 al acecho.<\/p>\n<p style=\"text-align: justify;\"><strong><img decoding=\"async\" loading=\"lazy\" class=\"alignnone wp-image-231431 size-full\" src=\"https:\/\/www.rctvinternational.com\/wp-content\/uploads\/2020\/04\/deberias-saber-que.jpg\" alt=\"\" width=\"265\" height=\"39\" \/><\/strong><\/p>\n<p><strong>Archivos del m\u00e1s all\u00e1<\/strong> es una compilaci\u00f3n de historias terror\u00edficas que fue distribuida en buena parte de Latinoam\u00e9rica, Estados Unidos y Espa\u00f1a, luego de su exhibici\u00f3n exitosa en Venezuela.<\/p>","protected":false},"featured_media":232306,"template":"","meta":{"_et_pb_use_builder":"","_et_pb_old_content":"","_et_gb_content_width":""},"product_cat":[27],"product_tag":[358],"acf":[],"_links":{"self":[{"href":"http:\/\/3.144.191.25\/en\/wp-json\/wp\/v2\/product\/231722"}],"collection":[{"href":"http:\/\/3.144.191.25\/en\/wp-json\/wp\/v2\/product"}],"about":[{"href":"http:\/\/3.144.191.25\/en\/wp-json\/wp\/v2\/types\/product"}],"wp:featuredmedia":[{"embeddable":true,"href":"http:\/\/3.144.191.25\/en\/wp-json\/wp\/v2\/media\/232306"}],"wp:attachment":[{"href":"http:\/\/3.144.191.25\/en\/wp-json\/wp\/v2\/media?parent=231722"}],"wp:term":[{"taxonomy":"product_cat","embeddable":true,"href":"http:\/\/3.144.191.25\/en\/wp-json\/wp\/v2\/product_cat?post=231722"},{"taxonomy":"product_tag","embeddable":true,"href":"http:\/\/3.144.191.25\/en\/wp-json\/wp\/v2\/product_tag?post=231722"}],"curies":[{"name":"wp","href":"https:\/\/api.w.org\/{rel}","templated":true}]}}