{"id":231735,"date":"2019-09-07T22:44:14","date_gmt":"2019-09-07T22:44:14","guid":{"rendered":"http:\/\/rctvinternational.com\/?post_type=product&#038;p=231735"},"modified":"2025-05-07T22:55:56","modified_gmt":"2025-05-07T22:55:56","slug":"nadie-me-dira-como-quererte","status":"publish","type":"product","link":"http:\/\/3.144.191.25\/en\/product\/nadie-me-dira-como-quererte\/","title":{"rendered":"Nadie Me Dir\u00e1 C\u00f3mo Quererte"},"content":{"rendered":"<div style=\"width: 100%; min-height: 1px;\" id=\"vimeo-wc-video-6a022fbab175b\" data-js=\"vimeo-wc-video\" data-atts=\"{&quot;autopause&quot;:&quot;true&quot;,&quot;autoplay&quot;:false,&quot;background&quot;:false,&quot;byline&quot;:&quot;true&quot;,&quot;color&quot;:&quot;none&quot;,&quot;controls&quot;:&quot;true&quot;,&quot;dnt&quot;:&quot;true&quot;,&quot;height&quot;:&quot;none&quot;,&quot;id&quot;:false,&quot;loop&quot;:false,&quot;maxheight&quot;:&quot;none&quot;,&quot;maxwidth&quot;:&quot;none&quot;,&quot;muted&quot;:false,&quot;pip&quot;:false,&quot;playsinline&quot;:&quot;true&quot;,&quot;portrait&quot;:&quot;true&quot;,&quot;quality&quot;:&quot;auto&quot;,&quot;responsive&quot;:&quot;true&quot;,&quot;speed&quot;:false,&quot;texttrack&quot;:&quot;none&quot;,&quot;title&quot;:&quot;true&quot;,&quot;transparent&quot;:true,&quot;url&quot;:&quot;https:\\\/\\\/vimeo.com\\\/447677841&quot;,&quot;width&quot;:&quot;none&quot;}\"><\/div>\n<p>&nbsp;<\/p>","protected":false},"excerpt":{"rendered":"<p><img decoding=\"async\" loading=\"lazy\" class=\"alignnone size-medium wp-image-233857\" src=\"http:\/\/www.rctvinternational.com\/wp-content\/uploads\/2019\/09\/Claquetas_NMDCQ_2022-12-229x300.png\" alt=\"\" width=\"229\" height=\"300\" \/><\/p>\n<p style=\"text-align: justify;\"><img decoding=\"async\" loading=\"lazy\" class=\"alignnone size-full wp-image-232350\" src=\"http:\/\/www.rctvinternational.com\/wp-content\/uploads\/2020\/10\/Sinopsis.png\" alt=\"\" width=\"125\" height=\"57\" \/><\/p>\n<p style=\"text-align: justify;\">Con ideas innovadoras, producto de una larga estad\u00eda en Europa, Mar\u00eda Eugenia Alfonso <strong>(Marianela Gonz\u00e1lez)<\/strong> regresa a su pueblo natal tras la muerte de su padre. Al llegar se entera de que se encuentra en la ruina y que todo lo que le perteneci\u00f3 est\u00e1 en manos de su t\u00edo.<\/p>\n<p style=\"text-align: justify;\">Mar\u00eda Eugenia, acostumbrada a la vida francesa, considera aberrante que en algunas sociedades todav\u00eda la mujer est\u00e9 subyugada a los designios del hombre. Su f\u00e9rreo car\u00e1cter le ha producido no pocos inconvenientes, sin embargo, encuentra en Gabriel Olmedo (Hugo V\u00e1zquez) adem\u00e1s de un aliado, que comulga con sus conceptos, a un gran amor.<\/p>\n<p style=\"text-align: justify;\">El gran sue\u00f1o de Mar\u00eda Eugenia es que la mujer obtenga en la sociedad el puesto que se merece y, para lograrlo, comenzar\u00e1 a escribir una columna en un reconocido peri\u00f3dico del pueblo, con el seud\u00f3nimo de Ifigenia. No obstante, a pesar de sus principios y convicciones, sucumbe ante las imposiciones sociales.<\/p>\n<p style=\"text-align: justify;\">Esas presiones hacen que Mar\u00eda Eugenia y Gabriel se casen con personas que no quieren. Pero Mar\u00eda est\u00e1 lejos de darse por vencida y, en su determinaci\u00f3n de estar con la persona que ama, har\u00e1 temblar los cimientos de una sociedad que les neg\u00f3 la felicidad.<\/p>\n<p style=\"text-align: justify;\"><img decoding=\"async\" loading=\"lazy\" class=\"alignnone wp-image-231431 size-full\" src=\"http:\/\/www.rctvinternational.com\/wp-content\/uploads\/2020\/04\/deberias-saber-que.jpg\" alt=\"\" width=\"265\" height=\"39\" \/><\/p>\n<p style=\"text-align: justify;\">Esta telenovela, inspirada en la novela Ifigenia de la escritora venezolana, Teresa de La Parra, tuvo una excelente aceptaci\u00f3n en Latinoam\u00e9rica, espec\u00edficamente en Panam\u00e1, Rep\u00fablica Dominicana y El Salvador, lo que la llev\u00f3 a incursionar con \u00e9xito en el mercado de Estados Unidos, Egipto, Sud\u00e1n e Irak.<\/p>","protected":false},"featured_media":231736,"template":"","meta":{"_et_pb_use_builder":"","_et_pb_old_content":"","_et_gb_content_width":""},"product_cat":[23],"product_tag":[357,356,355],"acf":[],"_links":{"self":[{"href":"http:\/\/3.144.191.25\/en\/wp-json\/wp\/v2\/product\/231735"}],"collection":[{"href":"http:\/\/3.144.191.25\/en\/wp-json\/wp\/v2\/product"}],"about":[{"href":"http:\/\/3.144.191.25\/en\/wp-json\/wp\/v2\/types\/product"}],"wp:featuredmedia":[{"embeddable":true,"href":"http:\/\/3.144.191.25\/en\/wp-json\/wp\/v2\/media\/231736"}],"wp:attachment":[{"href":"http:\/\/3.144.191.25\/en\/wp-json\/wp\/v2\/media?parent=231735"}],"wp:term":[{"taxonomy":"product_cat","embeddable":true,"href":"http:\/\/3.144.191.25\/en\/wp-json\/wp\/v2\/product_cat?post=231735"},{"taxonomy":"product_tag","embeddable":true,"href":"http:\/\/3.144.191.25\/en\/wp-json\/wp\/v2\/product_tag?post=231735"}],"curies":[{"name":"wp","href":"https:\/\/api.w.org\/{rel}","templated":true}]}}