{"id":232297,"date":"2018-01-17T15:55:39","date_gmt":"2018-01-17T15:55:39","guid":{"rendered":"http:\/\/www.rctvintl.com\/?post_type=product&#038;p=232297"},"modified":"2025-03-27T15:35:48","modified_gmt":"2025-03-27T15:35:48","slug":"la-pandilla-de-los-7","status":"publish","type":"product","link":"http:\/\/3.144.191.25\/en\/product\/la-pandilla-de-los-7\/","title":{"rendered":"La Pandilla De Los Siete"},"content":{"rendered":"<p style=\"text-align: center;\"><div style=\"width: 100%; min-height: 1px;\" id=\"vimeo-wc-video-6a0214acbd5b5\" data-js=\"vimeo-wc-video\" data-atts=\"{&quot;autopause&quot;:&quot;true&quot;,&quot;autoplay&quot;:false,&quot;background&quot;:false,&quot;byline&quot;:&quot;true&quot;,&quot;color&quot;:&quot;none&quot;,&quot;controls&quot;:&quot;true&quot;,&quot;dnt&quot;:&quot;true&quot;,&quot;height&quot;:&quot;none&quot;,&quot;id&quot;:false,&quot;loop&quot;:false,&quot;maxheight&quot;:&quot;none&quot;,&quot;maxwidth&quot;:&quot;none&quot;,&quot;muted&quot;:false,&quot;pip&quot;:false,&quot;playsinline&quot;:&quot;true&quot;,&quot;portrait&quot;:&quot;true&quot;,&quot;quality&quot;:&quot;auto&quot;,&quot;responsive&quot;:&quot;true&quot;,&quot;speed&quot;:false,&quot;texttrack&quot;:&quot;none&quot;,&quot;title&quot;:&quot;true&quot;,&quot;transparent&quot;:true,&quot;url&quot;:&quot;https:\\\/\\\/vimeo.com\\\/447677668&quot;,&quot;width&quot;:&quot;none&quot;}\"><\/div><\/p>\n<p>&nbsp;<\/p>","protected":false},"excerpt":{"rendered":"<p><img decoding=\"async\" loading=\"lazy\" class=\"alignnone size-medium wp-image-234595\" src=\"http:\/\/www.rctvinternational.com\/wp-content\/uploads\/2018\/01\/Claquetas-La-pandilla-de-los-7-01-254x300.png\" alt=\"\" width=\"254\" height=\"300\" \/><\/p>\n<p><img decoding=\"async\" loading=\"lazy\" class=\"alignnone size-full wp-image-232350\" src=\"http:\/\/www.rctvinternational.com\/wp-content\/uploads\/2020\/10\/Sinopsis.png\" alt=\"\" width=\"125\" height=\"57\" \/><\/p>\n<p style=\"text-align: justify;\">La ciudad siempre abarrotada de gente, generalmente de adultos que deambulan en distintas direcciones, tambi\u00e9n es lugar de inocentes sue\u00f1os, con los m\u00e1s peque\u00f1os como protagonistas. Entre las gigantescas estructuras de hormig\u00f3n, destaca una que se convierte en el albergue de las m\u00e1s alocadas aventuras de unos jovencitos que conforman <strong>La Pandilla de los 7<\/strong>.<\/p>\n<p style=\"text-align: justify;\">Entre los escondrijos de un viejo edificio, los infantes establecieron su centro de comando, luego de llevar a cabo un juramento que los unir\u00eda para siempre. Nic (<strong>Servando Primera<\/strong>) y sus compa\u00f1eros cuentan con el apoyo de Almina y Memo Rand\u00fan, unos seres m\u00e1gicos provenientes de Mag\u00edn que se convierten en sus amigos y ayudantes.<\/p>\n<p style=\"text-align: justify;\">Pero no todo es tan sencillo, los siete deben hacer frente a Fulgencio y Cirilo. Ellos, junto con la conserje gru\u00f1ona, har\u00e1n todo lo posible por evitar que la pandilla se re\u00fana para hacer sus travesuras. Sin embargo, ellos tambi\u00e9n cuentan con Romeo, un adulto con inclinaciones art\u00edsticas y que, al parecer, es el \u00fanico que los entiende.<\/p>\n<p style=\"text-align: justify;\">Los dem\u00e1s integrantes del grupo son Vanessa, ella sue\u00f1a con ser una actriz reconocida; Jaime Juli\u00e1n (JJ), experto en finanzas, lleva las cuentas de las golosinas; Gaby ama y defienda la naturaleza; Alonso es el cient\u00edfico; Carlota, met\u00f3dica y calculadora, posee una gran sensibilidad que llega a todos y To\u00f1ito es el m\u00e1s peque\u00f1o y so\u00f1ador de la tropa.<\/p>\n<p style=\"text-align: justify;\">Las hist\u00f3ricas aventuras de estos ni\u00f1os se llevan a cabo entre la fantas\u00eda y la realidad. Todos ellos componen la mezcla perfecta para ofrecer al p\u00fablico infantil una serie plena de sano entretenimiento.<\/p>\n<p><img decoding=\"async\" loading=\"lazy\" class=\"alignnone size-full wp-image-231431\" src=\"http:\/\/www.rctvinternational.com\/wp-content\/uploads\/2020\/04\/deberias-saber-que.jpg\" alt=\"\" width=\"265\" height=\"39\" \/><\/p>\n<p style=\"text-align: justify;\"><strong>La Pandilla de los 7, <\/strong>que se constituy\u00f3 en una de las primeras producciones audiovisuales de Servando Primera, present\u00f3 excelentes n\u00fameros de <em>rating<\/em> en Latinoam\u00e9rica y Estados Unidos.\u00a0 Tambi\u00e9n tuvo gran acogida en lugares como Egipto, Irak y Sud\u00e1n.<\/p>\n<p>&nbsp;<\/p>\n<p>&nbsp;<\/p>","protected":false},"featured_media":232298,"template":"","meta":{"_et_pb_use_builder":"","_et_pb_old_content":"","_et_gb_content_width":""},"product_cat":[27],"product_tag":[384,385],"acf":[],"_links":{"self":[{"href":"http:\/\/3.144.191.25\/en\/wp-json\/wp\/v2\/product\/232297"}],"collection":[{"href":"http:\/\/3.144.191.25\/en\/wp-json\/wp\/v2\/product"}],"about":[{"href":"http:\/\/3.144.191.25\/en\/wp-json\/wp\/v2\/types\/product"}],"wp:featuredmedia":[{"embeddable":true,"href":"http:\/\/3.144.191.25\/en\/wp-json\/wp\/v2\/media\/232298"}],"wp:attachment":[{"href":"http:\/\/3.144.191.25\/en\/wp-json\/wp\/v2\/media?parent=232297"}],"wp:term":[{"taxonomy":"product_cat","embeddable":true,"href":"http:\/\/3.144.191.25\/en\/wp-json\/wp\/v2\/product_cat?post=232297"},{"taxonomy":"product_tag","embeddable":true,"href":"http:\/\/3.144.191.25\/en\/wp-json\/wp\/v2\/product_tag?post=232297"}],"curies":[{"name":"wp","href":"https:\/\/api.w.org\/{rel}","templated":true}]}}