{"id":232379,"date":"2019-08-05T14:00:42","date_gmt":"2019-08-05T14:00:42","guid":{"rendered":"http:\/\/www.rctvintl.com\/?post_type=product&#038;p=232379"},"modified":"2025-05-08T00:43:36","modified_gmt":"2025-05-08T00:43:36","slug":"caribe","status":"publish","type":"product","link":"http:\/\/3.144.191.25\/en\/product\/caribe\/","title":{"rendered":"Caribe"},"content":{"rendered":"<div style=\"width: 100%; min-height: 1px;\" id=\"vimeo-wc-video-6a0215449aff5\" data-js=\"vimeo-wc-video\" data-atts=\"{&quot;autopause&quot;:&quot;true&quot;,&quot;autoplay&quot;:false,&quot;background&quot;:false,&quot;byline&quot;:&quot;true&quot;,&quot;color&quot;:&quot;none&quot;,&quot;controls&quot;:&quot;true&quot;,&quot;dnt&quot;:&quot;true&quot;,&quot;height&quot;:&quot;none&quot;,&quot;id&quot;:false,&quot;loop&quot;:false,&quot;maxheight&quot;:&quot;none&quot;,&quot;maxwidth&quot;:&quot;none&quot;,&quot;muted&quot;:false,&quot;pip&quot;:false,&quot;playsinline&quot;:&quot;true&quot;,&quot;portrait&quot;:&quot;true&quot;,&quot;quality&quot;:&quot;auto&quot;,&quot;responsive&quot;:&quot;true&quot;,&quot;speed&quot;:false,&quot;texttrack&quot;:&quot;none&quot;,&quot;title&quot;:&quot;true&quot;,&quot;transparent&quot;:true,&quot;url&quot;:&quot;https:\\\/\\\/vimeo.com\\\/574485903&quot;,&quot;width&quot;:&quot;none&quot;}\"><\/div>\n<p>&nbsp;<\/p>","protected":false},"excerpt":{"rendered":"<p><img decoding=\"async\" loading=\"lazy\" class=\"alignnone wp-image-232522 size-medium\" src=\"http:\/\/www.rctvinternational.com\/wp-content\/uploads\/2020\/11\/Nuevas-Claquetas-15-240x300.png\" alt=\"\" width=\"240\" height=\"300\" \/><\/p>\n<p><img decoding=\"async\" loading=\"lazy\" class=\"alignnone wp-image-232350 size-full\" src=\"http:\/\/www.rctvinternational.com\/wp-content\/uploads\/2020\/10\/Sinopsis.png\" alt=\"\" width=\"125\" height=\"57\" \/><\/p>\n<p style=\"text-align: justify;\">Manolita Contreras (<strong>Carolina Perpetuo<\/strong>) vive en Isla Caribe, un lugar ubicado en el oc\u00e9ano Atl\u00e1ntico, poseedor de una exuberante belleza pero, regentado con reciedumbre dictatorial por Eleazar y Margot Bustamante, art\u00edfices de un atroz crimen cometido d\u00e9cadas atr\u00e1s y que todav\u00eda les consume la conciencia.<\/p>\n<p style=\"text-align: justify;\">Luis Alfredo (<strong>Miguel de Le\u00f3n<\/strong>), enamorado de Manolita, se convierte en su incondicional apoyo moral. En ese amor ella encuentra la inspiraci\u00f3n para enfrentar la dureza e injusticia impuesta por los Bustamante sobre los habitantes de la isla.<\/p>\n<p style=\"text-align: justify;\">Manolita tiene la firme determinaci\u00f3n de ayudar a su pueblo a emanciparse del inclemente yugo que padecen. Por eso, con la ayuda de Luis Alfredo, inicia una exhaustiva investigaci\u00f3n en la que descubre el oscuro pasado de los opresores de la isla.<\/p>\n<p style=\"text-align: justify;\">Se da cuenta de que es una gran oportunidad para liberar a su gente. Entonces se dispone a utilizar sus habilidades como escritora y periodista, para mostrar ante todos la verdad sobre los Bustamante.<\/p>\n<p style=\"text-align: justify;\">Pero no todo es tan f\u00e1cil, los gobernantes ostentan gran poder y lo usar\u00e1n para evitar que su obscuro secreto sea desvelado, permanecer al frente de la isla y destruir a Manolita.<\/p>\n<p><img decoding=\"async\" loading=\"lazy\" class=\"alignleft wp-image-231431 size-full\" src=\"http:\/\/www.rctvinternational.com\/wp-content\/uploads\/2020\/04\/deberias-saber-que.jpg\" alt=\"\" width=\"265\" height=\"39\" \/><\/p>\n<p>&nbsp;<\/p>\n<p style=\"text-align: justify;\"><strong>Caribe<\/strong>, luego de ser vista en gran n\u00famero de pa\u00edses, desde Canad\u00e1 hasta Argentina, hizo el gran salto hacia Europa, donde fue vista en Suiza, Italia, Francia y Polonia.<\/p>\n<p>&nbsp;<\/p>","protected":false},"featured_media":232380,"template":"","meta":{"_et_pb_use_builder":"","_et_pb_old_content":"","_et_gb_content_width":""},"product_cat":[22],"product_tag":[414,415,416,388],"acf":[],"_links":{"self":[{"href":"http:\/\/3.144.191.25\/en\/wp-json\/wp\/v2\/product\/232379"}],"collection":[{"href":"http:\/\/3.144.191.25\/en\/wp-json\/wp\/v2\/product"}],"about":[{"href":"http:\/\/3.144.191.25\/en\/wp-json\/wp\/v2\/types\/product"}],"wp:featuredmedia":[{"embeddable":true,"href":"http:\/\/3.144.191.25\/en\/wp-json\/wp\/v2\/media\/232380"}],"wp:attachment":[{"href":"http:\/\/3.144.191.25\/en\/wp-json\/wp\/v2\/media?parent=232379"}],"wp:term":[{"taxonomy":"product_cat","embeddable":true,"href":"http:\/\/3.144.191.25\/en\/wp-json\/wp\/v2\/product_cat?post=232379"},{"taxonomy":"product_tag","embeddable":true,"href":"http:\/\/3.144.191.25\/en\/wp-json\/wp\/v2\/product_tag?post=232379"}],"curies":[{"name":"wp","href":"https:\/\/api.w.org\/{rel}","templated":true}]}}