{"id":232381,"date":"2019-08-06T20:08:03","date_gmt":"2019-08-06T20:08:03","guid":{"rendered":"http:\/\/www.rctvintl.com\/?post_type=product&#038;p=232381"},"modified":"2025-05-08T00:37:44","modified_gmt":"2025-05-08T00:37:44","slug":"de-mujeres","status":"publish","type":"product","link":"http:\/\/3.144.191.25\/en\/product\/de-mujeres\/","title":{"rendered":"De Mujeres"},"content":{"rendered":"<div style=\"width: 100%; min-height: 1px;\" id=\"vimeo-wc-video-6a0221e09ee70\" data-js=\"vimeo-wc-video\" data-atts=\"{&quot;autopause&quot;:&quot;true&quot;,&quot;autoplay&quot;:false,&quot;background&quot;:false,&quot;byline&quot;:&quot;true&quot;,&quot;color&quot;:&quot;none&quot;,&quot;controls&quot;:&quot;true&quot;,&quot;dnt&quot;:&quot;true&quot;,&quot;height&quot;:&quot;none&quot;,&quot;id&quot;:false,&quot;loop&quot;:false,&quot;maxheight&quot;:&quot;none&quot;,&quot;maxwidth&quot;:&quot;none&quot;,&quot;muted&quot;:false,&quot;pip&quot;:false,&quot;playsinline&quot;:&quot;true&quot;,&quot;portrait&quot;:&quot;true&quot;,&quot;quality&quot;:&quot;auto&quot;,&quot;responsive&quot;:&quot;true&quot;,&quot;speed&quot;:false,&quot;texttrack&quot;:&quot;none&quot;,&quot;title&quot;:&quot;true&quot;,&quot;transparent&quot;:true,&quot;url&quot;:&quot;https:\\\/\\\/vimeo.com\\\/373228751&quot;,&quot;width&quot;:&quot;none&quot;}\"><\/div>\n<p>&nbsp;<\/p>\n<p>&nbsp;<\/p>","protected":false},"excerpt":{"rendered":"<p><img decoding=\"async\" loading=\"lazy\" class=\"alignnone wp-image-232444 size-medium\" src=\"http:\/\/www.rctvinternational.com\/wp-content\/uploads\/2020\/11\/Claquetas-de-mujeres-11-240x300.png\" alt=\"\" width=\"240\" height=\"300\" \/><\/p>\n<p><img decoding=\"async\" loading=\"lazy\" class=\"alignnone wp-image-232350\" src=\"http:\/\/www.rctvinternational.com\/wp-content\/uploads\/2020\/10\/Sinopsis.png\" alt=\"\" width=\"125\" height=\"57\" \/><\/p>\n<p style=\"text-align: justify;\">Antonieta<strong> (Mim\u00ed Lazo)<\/strong> es la mayor de las hermanas Marcano, es casada, con dos hijos; luchadora, pero un tanto ingenua. Finalmente, descubre la infidelidad de su esposo, Luis Fernando<strong> (Carlos Olivier)<\/strong>, con su mejor amiga. Despu\u00e9s de 17 a\u00f1os de matrimonio decide pedir el divorcio, pero los tr\u00e1mites son tan deprimentes como el mismo enga\u00f1o.<\/p>\n<p style=\"text-align: justify;\">La segunda de las Marcano es Adela, una mujer de car\u00e1cter fuerte, que no se deja embaucar f\u00e1cilmente. Sin embargo, justamente el d\u00eda de su boda, descubre un turbio secreto sobre su ahora esposo. A partir de entonces, la desconfianza produce muchos altibajos en la relaci\u00f3n.<\/p>\n<p style=\"text-align: justify;\">Aurora, la menor, es la t\u00edpica joven que irradia alegr\u00eda y optimismo. Con entusiasmo se dedica a la carrera que ama: el periodismo. Pero bajo esa capa externa de supuestas perfecciones, se esconde un gran temor hacia los hombres. El juego de la intimidad le aterra como consecuencia, quiz\u00e1, de las experiencias no muy gratas de sus hermanas.<\/p>\n<p><img decoding=\"async\" loading=\"lazy\" class=\"alignleft wp-image-231431 size-full\" src=\"http:\/\/www.rctvinternational.com\/wp-content\/uploads\/2020\/04\/deberias-saber-que.jpg\" alt=\"\" width=\"265\" height=\"39\" \/><\/p>\n<p>&nbsp;<\/p>\n<p style=\"text-align: justify;\">La telenovela <strong>De Mujeres<\/strong> tuvo un gran rendimiento en pa\u00edses hispanoparlantes. Luego se proyect\u00f3 hacia el mercado norteamericano donde mostr\u00f3 excelentes n\u00fameros de audiencia.<\/p>","protected":false},"featured_media":232382,"template":"","meta":{"_et_pb_use_builder":"","_et_pb_old_content":"","_et_gb_content_width":""},"product_cat":[22],"product_tag":[422,420,421,388],"acf":[],"_links":{"self":[{"href":"http:\/\/3.144.191.25\/en\/wp-json\/wp\/v2\/product\/232381"}],"collection":[{"href":"http:\/\/3.144.191.25\/en\/wp-json\/wp\/v2\/product"}],"about":[{"href":"http:\/\/3.144.191.25\/en\/wp-json\/wp\/v2\/types\/product"}],"wp:featuredmedia":[{"embeddable":true,"href":"http:\/\/3.144.191.25\/en\/wp-json\/wp\/v2\/media\/232382"}],"wp:attachment":[{"href":"http:\/\/3.144.191.25\/en\/wp-json\/wp\/v2\/media?parent=232381"}],"wp:term":[{"taxonomy":"product_cat","embeddable":true,"href":"http:\/\/3.144.191.25\/en\/wp-json\/wp\/v2\/product_cat?post=232381"},{"taxonomy":"product_tag","embeddable":true,"href":"http:\/\/3.144.191.25\/en\/wp-json\/wp\/v2\/product_tag?post=232381"}],"curies":[{"name":"wp","href":"https:\/\/api.w.org\/{rel}","templated":true}]}}