{"id":232385,"date":"2019-08-05T17:00:06","date_gmt":"2019-08-05T17:00:06","guid":{"rendered":"http:\/\/www.rctvintl.com\/?post_type=product&#038;p=232385"},"modified":"2025-05-08T00:38:12","modified_gmt":"2025-05-08T00:38:12","slug":"dulce-ilusion","status":"publish","type":"product","link":"http:\/\/3.144.191.25\/en\/product\/dulce-ilusion\/","title":{"rendered":"Dulce Ilusi\u00f3n"},"content":{"rendered":"<div style=\"width: 100%; min-height: 1px;\" id=\"vimeo-wc-video-6a02154b6c1f5\" data-js=\"vimeo-wc-video\" data-atts=\"{&quot;autopause&quot;:&quot;true&quot;,&quot;autoplay&quot;:false,&quot;background&quot;:false,&quot;byline&quot;:&quot;true&quot;,&quot;color&quot;:&quot;none&quot;,&quot;controls&quot;:&quot;true&quot;,&quot;dnt&quot;:&quot;true&quot;,&quot;height&quot;:&quot;none&quot;,&quot;id&quot;:false,&quot;loop&quot;:false,&quot;maxheight&quot;:&quot;none&quot;,&quot;maxwidth&quot;:&quot;none&quot;,&quot;muted&quot;:false,&quot;pip&quot;:false,&quot;playsinline&quot;:&quot;true&quot;,&quot;portrait&quot;:&quot;true&quot;,&quot;quality&quot;:&quot;auto&quot;,&quot;responsive&quot;:&quot;true&quot;,&quot;speed&quot;:false,&quot;texttrack&quot;:&quot;none&quot;,&quot;title&quot;:&quot;true&quot;,&quot;transparent&quot;:true,&quot;url&quot;:&quot;https:\\\/\\\/vimeo.com\\\/334762585&quot;,&quot;width&quot;:&quot;none&quot;}\"><\/div>\n<p>&nbsp;<\/p>\n<p>&nbsp;<\/p>","protected":false},"excerpt":{"rendered":"<p><img decoding=\"async\" loading=\"lazy\" class=\"alignnone wp-image-232534 size-medium\" src=\"https:\/\/www.rctvinternational.com\/wp-content\/uploads\/2020\/11\/Nuevas-Claquetas-17-239x300.png\" alt=\"\" width=\"239\" height=\"300\" \/><\/p>\n<p><img decoding=\"async\" loading=\"lazy\" class=\"alignnone size-full wp-image-232350\" src=\"https:\/\/www.rctvinternational.com\/wp-content\/uploads\/2020\/10\/Sinopsis.png\" alt=\"\" width=\"125\" height=\"57\" \/><\/p>\n<p style=\"text-align: justify;\">Dulce Mar\u00eda (<strong>Coraima Torres<\/strong>) posee una cuantiosa fortuna y gran cantidad de tierras, pero solo viste harapos y transcurre sus d\u00edas realizando diversos quehaceres bajo el mando de Zarina a quien le sirve en todo momento.<\/p>\n<p style=\"text-align: justify;\">Juan Francisco Corona (<strong>Gabriel Fern\u00e1ndez<\/strong>) desde la infancia ha sentido atracci\u00f3n por Dulce Mar\u00eda, ese sentimiento nunca ha cambiado y el romance entre ellos es evidente. Ambos se disponen a luchar para que Dulce Mar\u00eda recupere la fortuna que ilegalmente est\u00e1 en manos de Zarina y sus dos hijas.<\/p>\n<p style=\"text-align: justify;\">Para alcanzar ese objetivo, Dulce Mar\u00eda cuenta con grandes amigos, algunos imaginarios como: Homero, el lagartijo; Prometeo, el tuc\u00e1n; y Alicia, una canaria y de la gente del pueblo, especialmente un joven que la considera particularmente atractiva, la ayuda haciendo uso de unos extra\u00f1os poderes.<\/p>\n<p><img decoding=\"async\" loading=\"lazy\" class=\"alignleft wp-image-231431 size-full\" src=\"https:\/\/www.rctvinternational.com\/wp-content\/uploads\/2020\/04\/deberias-saber-que.jpg\" alt=\"\" width=\"265\" height=\"39\" \/><\/p>\n<p>&nbsp;<\/p>\n<p style=\"text-align: justify;\"><strong>Dulce ilusi\u00f3n<\/strong>, una adaptaci\u00f3n moderna de La Cenicienta, acapar\u00f3 el rating en varios pa\u00edses latinoamericanos y de los Estados Unidos, en los diversos horarios en los que se exhibi\u00f3.<\/p>","protected":false},"featured_media":235080,"template":"","meta":{"_et_pb_use_builder":"","_et_pb_old_content":"","_et_gb_content_width":""},"product_cat":[22],"product_tag":[412,423,424,388],"acf":[],"_links":{"self":[{"href":"http:\/\/3.144.191.25\/en\/wp-json\/wp\/v2\/product\/232385"}],"collection":[{"href":"http:\/\/3.144.191.25\/en\/wp-json\/wp\/v2\/product"}],"about":[{"href":"http:\/\/3.144.191.25\/en\/wp-json\/wp\/v2\/types\/product"}],"wp:featuredmedia":[{"embeddable":true,"href":"http:\/\/3.144.191.25\/en\/wp-json\/wp\/v2\/media\/235080"}],"wp:attachment":[{"href":"http:\/\/3.144.191.25\/en\/wp-json\/wp\/v2\/media?parent=232385"}],"wp:term":[{"taxonomy":"product_cat","embeddable":true,"href":"http:\/\/3.144.191.25\/en\/wp-json\/wp\/v2\/product_cat?post=232385"},{"taxonomy":"product_tag","embeddable":true,"href":"http:\/\/3.144.191.25\/en\/wp-json\/wp\/v2\/product_tag?post=232385"}],"curies":[{"name":"wp","href":"https:\/\/api.w.org\/{rel}","templated":true}]}}