{"id":232387,"date":"2020-01-02T20:54:33","date_gmt":"2020-01-02T20:54:33","guid":{"rendered":"http:\/\/www.rctvintl.com\/?post_type=product&#038;p=232387"},"modified":"2025-05-08T00:32:05","modified_gmt":"2025-05-08T00:32:05","slug":"cambio-de-piel","status":"publish","type":"product","link":"http:\/\/3.144.191.25\/en\/product\/cambio-de-piel\/","title":{"rendered":"Cambio De Piel"},"content":{"rendered":"<div style=\"width: 100%; min-height: 1px;\" id=\"vimeo-wc-video-6a0221bfbf21b\" data-js=\"vimeo-wc-video\" data-atts=\"{&quot;autopause&quot;:&quot;true&quot;,&quot;autoplay&quot;:false,&quot;background&quot;:false,&quot;byline&quot;:&quot;true&quot;,&quot;color&quot;:&quot;none&quot;,&quot;controls&quot;:&quot;true&quot;,&quot;dnt&quot;:&quot;true&quot;,&quot;height&quot;:&quot;none&quot;,&quot;id&quot;:false,&quot;loop&quot;:false,&quot;maxheight&quot;:&quot;none&quot;,&quot;maxwidth&quot;:&quot;none&quot;,&quot;muted&quot;:false,&quot;pip&quot;:false,&quot;playsinline&quot;:&quot;true&quot;,&quot;portrait&quot;:&quot;true&quot;,&quot;quality&quot;:&quot;auto&quot;,&quot;responsive&quot;:&quot;true&quot;,&quot;speed&quot;:false,&quot;texttrack&quot;:&quot;none&quot;,&quot;title&quot;:&quot;true&quot;,&quot;transparent&quot;:true,&quot;url&quot;:&quot;https:\\\/\\\/vimeo.com\\\/266555233&quot;,&quot;width&quot;:&quot;none&quot;}\"><\/div>\n<p>&nbsp;<\/p>","protected":false},"excerpt":{"rendered":"<p><img decoding=\"async\" loading=\"lazy\" class=\"alignnone wp-image-232510 size-medium\" src=\"http:\/\/www.rctvinternational.com\/wp-content\/uploads\/2020\/11\/Nuevas-Claquetas-13-239x300.png\" alt=\"\" width=\"239\" height=\"300\" \/><\/p>\n<p><img decoding=\"async\" loading=\"lazy\" class=\"alignnone wp-image-232350 size-full\" src=\"http:\/\/www.rctvinternational.com\/wp-content\/uploads\/2020\/10\/Sinopsis.png\" alt=\"\" width=\"125\" height=\"57\" \/><\/p>\n<p style=\"text-align: justify;\">Daniella Mart\u00ednez (<strong>Coraima Torres<\/strong>) quiere convertirse en una gran actriz. Esa constante b\u00fasqueda la lleva a conocer a Jos\u00e9 Ignacio Quintana (<strong>Eduardo Serrano<\/strong>), un hombre atractivo, poderoso econ\u00f3micamente, casado y sin hijos.<\/p>\n<p style=\"text-align: justify;\">Daniella se enamora casi de inmediato, mientras que Ignacio, infiel por costumbre, reconoce en ella el verdadero amor y se entrega a ese irrefrenable sentimiento que le inspira la jovencita, que reci\u00e9n conoce.<\/p>\n<p style=\"text-align: justify;\">Pero el resentimiento est\u00e1 a la vuelta de la esquina. Ella, v\u00edctima de una falsa acusaci\u00f3n, deber\u00e1 pagar con c\u00e1rcel un delito que no es su responsabilidad. Jos\u00e9 Ignacio se convierte en su m\u00e1s fiero verdugo, al sentirse traicionado.<\/p>\n<p style=\"text-align: justify;\">Daniella, encerrada y con los sue\u00f1os rotos, se llena de rencor y los deseos de venganza contra Ignacio se incrementan inevitablemente.<\/p>\n<p style=\"text-align: justify;\">Luego de varios a\u00f1os, Ignacio asegura odiarla. Pero cuando se produce el reencuentro, afloran los verdaderos sentimientos y entre ellos emerge esa atracci\u00f3n dormida por mucho tiempo.<\/p>\n<p style=\"text-align: justify;\">Entre ambos se despertar\u00e1 un c\u00famulo de pasiones que llevar\u00e1 esta relaci\u00f3n a situaciones reveladoras e inesperadas, tanto para ellos como para los personajes que giran a su alrededor.<\/p>\n<p><img decoding=\"async\" loading=\"lazy\" class=\"alignleft wp-image-231431 size-full\" src=\"http:\/\/www.rctvinternational.com\/wp-content\/uploads\/2020\/04\/deberias-saber-que.jpg\" alt=\"\" width=\"265\" height=\"39\" \/><\/p>\n<p>&nbsp;<\/p>\n<p style=\"text-align: justify;\">Despu\u00e9s de arrasar en los horarios estelares de pa\u00edses latinoamericanos como Ecuador, Rep\u00fablica Dominicana, Guatemala, Nicaragua y Honduras, esta producci\u00f3n conquist\u00f3 al p\u00fablico de Afganist\u00e1n, Armenia y Bulgaria.<\/p>","protected":false},"featured_media":232388,"template":"","meta":{"_et_pb_use_builder":"","_et_pb_old_content":"","_et_gb_content_width":""},"product_cat":[22],"product_tag":[411,412,413,388],"acf":[],"_links":{"self":[{"href":"http:\/\/3.144.191.25\/en\/wp-json\/wp\/v2\/product\/232387"}],"collection":[{"href":"http:\/\/3.144.191.25\/en\/wp-json\/wp\/v2\/product"}],"about":[{"href":"http:\/\/3.144.191.25\/en\/wp-json\/wp\/v2\/types\/product"}],"wp:featuredmedia":[{"embeddable":true,"href":"http:\/\/3.144.191.25\/en\/wp-json\/wp\/v2\/media\/232388"}],"wp:attachment":[{"href":"http:\/\/3.144.191.25\/en\/wp-json\/wp\/v2\/media?parent=232387"}],"wp:term":[{"taxonomy":"product_cat","embeddable":true,"href":"http:\/\/3.144.191.25\/en\/wp-json\/wp\/v2\/product_cat?post=232387"},{"taxonomy":"product_tag","embeddable":true,"href":"http:\/\/3.144.191.25\/en\/wp-json\/wp\/v2\/product_tag?post=232387"}],"curies":[{"name":"wp","href":"https:\/\/api.w.org\/{rel}","templated":true}]}}