{"id":232395,"date":"2019-05-01T16:07:31","date_gmt":"2019-05-01T16:07:31","guid":{"rendered":"http:\/\/www.rctvintl.com\/?post_type=product&#038;p=232395"},"modified":"2025-05-07T23:21:52","modified_gmt":"2025-05-07T23:21:52","slug":"amanda-hay-amores-que-matan","status":"publish","type":"product","link":"http:\/\/3.144.191.25\/en\/product\/amanda-hay-amores-que-matan\/","title":{"rendered":"Amanda, Hay Amores Que Matan"},"content":{"rendered":"<div style=\"width: 100%; min-height: 1px;\" id=\"vimeo-wc-video-6a022fcb3a51f\" data-js=\"vimeo-wc-video\" data-atts=\"{&quot;autopause&quot;:&quot;true&quot;,&quot;autoplay&quot;:false,&quot;background&quot;:false,&quot;byline&quot;:&quot;true&quot;,&quot;color&quot;:&quot;none&quot;,&quot;controls&quot;:&quot;true&quot;,&quot;dnt&quot;:&quot;true&quot;,&quot;height&quot;:&quot;none&quot;,&quot;id&quot;:false,&quot;loop&quot;:false,&quot;maxheight&quot;:&quot;none&quot;,&quot;maxwidth&quot;:&quot;none&quot;,&quot;muted&quot;:false,&quot;pip&quot;:false,&quot;playsinline&quot;:&quot;true&quot;,&quot;portrait&quot;:&quot;true&quot;,&quot;quality&quot;:&quot;auto&quot;,&quot;responsive&quot;:&quot;true&quot;,&quot;speed&quot;:false,&quot;texttrack&quot;:&quot;none&quot;,&quot;title&quot;:&quot;true&quot;,&quot;transparent&quot;:true,&quot;url&quot;:&quot;https:\\\/\\\/vimeo.com\\\/757208434&quot;,&quot;width&quot;:&quot;none&quot;}\"><\/div>\n<p>&nbsp;<\/p>","protected":false},"excerpt":{"rendered":"<p><img decoding=\"async\" loading=\"lazy\" class=\"alignnone wp-image-232432 size-medium\" src=\"http:\/\/www.rctvinternational.com\/wp-content\/uploads\/2020\/11\/Claquetas-AHAQM-06-06-1-239x300.png\" alt=\"\" width=\"239\" height=\"300\" \/><\/p>\n<p><img decoding=\"async\" loading=\"lazy\" class=\"alignnone wp-image-232350 size-full\" src=\"http:\/\/www.rctvinternational.com\/wp-content\/uploads\/2020\/10\/Sinopsis.png\" alt=\"\" width=\"125\" height=\"57\" \/><\/p>\n<p style=\"text-align: justify;\"><strong>Amanda<\/strong> (Carolina Tejera) buscaba con desespero una direcci\u00f3n, pero encontr\u00f3 el amor en <strong>C\u00e9sar Augusto<\/strong> (Luis Fern\u00e1ndez) aunque bajo condiciones sumamente adversas. Ese d\u00eda, el p\u00e1rroco Francisco Tejedor muere luego de un atentado orquestado por Gumersindo Montenegro, padre de C\u00e9sar Augusto.<\/p>\n<p style=\"text-align: justify;\">El cl\u00e9rigo, quien crio a Amanda, ten\u00eda evidencias que involucran al Viceministro de Estado, Gumersindo Montenegro, en diversas actividades il\u00edcitas, adem\u00e1s de ser el autor intelectual del asesinato de una mujer en estado de gravidez hace muchos a\u00f1os.<\/p>\n<p style=\"text-align: justify;\">Entre las pruebas recabadas por el cura Francisco Tejedor, hay una que lo relaciona con la desaparici\u00f3n de varios periodistas que investigaban su participaci\u00f3n en hechos de corrupci\u00f3n.<\/p>\n<p style=\"text-align: justify;\">Por eso invierte su tiempo y atenci\u00f3n en evitar ser descubierto, afectando su entorno m\u00e1s \u00edntimo: M\u00f3nica Montenegro, su esposa, sostiene un t\u00f3rrido romance fuera del matrimonio.<\/p>\n<p style=\"text-align: justify;\">A pesar del gran amor que Amanda siente por C\u00e9sar Augusto, no puede calmar su sed de venganza y se dispone a desenmascarar a Gumersindo para que pague por todo el dolor causado. C\u00e9sar, en medio de la tormenta, se refugia en Lucia Castro-Le\u00f3n, con quien solo se divierte.<\/p>\n<p style=\"text-align: justify;\">Pero Amanda, entre las pruebas, descubre el secreto mejor guardado del padre Francisco. Un hallazgo que provocar\u00e1 un giro dr\u00e1stico en su vida y que ser\u00e1 determinante es su relaci\u00f3n con Augusto.<\/p>\n<p><img decoding=\"async\" loading=\"lazy\" class=\"alignnone wp-image-231431 size-full\" src=\"http:\/\/www.rctvinternational.com\/wp-content\/uploads\/2020\/04\/deberias-saber-que.jpg\" alt=\"\" width=\"265\" height=\"39\" \/><\/p>\n<p style=\"text-align: justify;\"><strong>Amanda, Hay amores que matan,<\/strong> tuvo un excelente rendimiento tanto dentro como fuera de Venezuela. En Chile destac\u00f3 y de all\u00ed se extendi\u00f3 con \u00e9xito por varios pa\u00edses de la regi\u00f3n, entre los que se encuentran: Ecuador, Rep\u00fablica Dominicana, Costa Rica, Honduras y Nicaragua.<\/p>","protected":false},"featured_media":232421,"template":"","meta":{"_et_pb_use_builder":"","_et_pb_old_content":"","_et_gb_content_width":""},"product_cat":[23],"product_tag":[403,400,278,388],"acf":[],"_links":{"self":[{"href":"http:\/\/3.144.191.25\/en\/wp-json\/wp\/v2\/product\/232395"}],"collection":[{"href":"http:\/\/3.144.191.25\/en\/wp-json\/wp\/v2\/product"}],"about":[{"href":"http:\/\/3.144.191.25\/en\/wp-json\/wp\/v2\/types\/product"}],"wp:featuredmedia":[{"embeddable":true,"href":"http:\/\/3.144.191.25\/en\/wp-json\/wp\/v2\/media\/232421"}],"wp:attachment":[{"href":"http:\/\/3.144.191.25\/en\/wp-json\/wp\/v2\/media?parent=232395"}],"wp:term":[{"taxonomy":"product_cat","embeddable":true,"href":"http:\/\/3.144.191.25\/en\/wp-json\/wp\/v2\/product_cat?post=232395"},{"taxonomy":"product_tag","embeddable":true,"href":"http:\/\/3.144.191.25\/en\/wp-json\/wp\/v2\/product_tag?post=232395"}],"curies":[{"name":"wp","href":"https:\/\/api.w.org\/{rel}","templated":true}]}}