{"id":232403,"date":"2019-08-05T15:00:20","date_gmt":"2019-08-05T15:00:20","guid":{"rendered":"http:\/\/www.rctvintl.com\/?post_type=product&#038;p=232403"},"modified":"2025-05-08T00:42:33","modified_gmt":"2025-05-08T00:42:33","slug":"carmen-querida","status":"publish","type":"product","link":"http:\/\/3.144.191.25\/en\/product\/carmen-querida\/","title":{"rendered":"Carmen Querida"},"content":{"rendered":"<div style=\"width: 100%; min-height: 1px;\" id=\"vimeo-wc-video-6a0214ac45457\" data-js=\"vimeo-wc-video\" data-atts=\"{&quot;autopause&quot;:&quot;true&quot;,&quot;autoplay&quot;:false,&quot;background&quot;:false,&quot;byline&quot;:&quot;true&quot;,&quot;color&quot;:&quot;none&quot;,&quot;controls&quot;:&quot;true&quot;,&quot;dnt&quot;:&quot;true&quot;,&quot;height&quot;:&quot;none&quot;,&quot;id&quot;:false,&quot;loop&quot;:false,&quot;maxheight&quot;:&quot;none&quot;,&quot;maxwidth&quot;:&quot;none&quot;,&quot;muted&quot;:false,&quot;pip&quot;:false,&quot;playsinline&quot;:&quot;true&quot;,&quot;portrait&quot;:&quot;true&quot;,&quot;quality&quot;:&quot;auto&quot;,&quot;responsive&quot;:&quot;true&quot;,&quot;speed&quot;:false,&quot;texttrack&quot;:&quot;none&quot;,&quot;title&quot;:&quot;true&quot;,&quot;transparent&quot;:true,&quot;url&quot;:&quot;https:\\\/\\\/vimeo.com\\\/839835056&quot;,&quot;width&quot;:&quot;none&quot;}\"><\/div>\n<p>&nbsp;<\/p>","protected":false},"excerpt":{"rendered":"<p><img decoding=\"async\" loading=\"lazy\" class=\"alignnone wp-image-232549 size-medium\" src=\"https:\/\/www.rctvinternational.com\/wp-content\/uploads\/2020\/11\/Nuevas-Claquetas-08-239x300.png\" alt=\"\" width=\"239\" height=\"300\" \/><\/p>\n<p><img decoding=\"async\" loading=\"lazy\" class=\"alignnone wp-image-232350 size-full\" src=\"https:\/\/www.rctvinternational.com\/wp-content\/uploads\/2020\/10\/Sinopsis.png\" alt=\"\" width=\"125\" height=\"57\" \/><\/p>\n<p style=\"text-align: justify;\">Carmen Cecilia (<strong>Mar\u00eda Alejandra Mart\u00edn<\/strong>) se enamora de Arturo (<strong>Carlos Montilla<\/strong>) y r\u00e1pidamente queda embarazada y abandonada. Le aguarda el mismo destino de su mam\u00e1 Carmen Luisa y de su abuela Carmen Teresa: el desamor y una maternidad siendo soltera.<\/p>\n<p style=\"text-align: justify;\">Carmen Teresa comenz\u00f3 con la tradici\u00f3n. A ella le toc\u00f3 levantarse sola, en la calle, con su hija en los brazos. Su amor obsesivo no cont\u00f3 con la respuesta que ella esperaba y a\u00f1os despu\u00e9s, le toca ver con dolor como la historia se repite en su hija y su nieta.<\/p>\n<p style=\"text-align: justify;\">Luego le toc\u00f3 el turno a Carmen Luisa quien se fija en un dirigente sindical y comienza un t\u00f3rrido romance con \u00e9l. Igualmente tuvo que hacerse cargo de su hija sola. Madre y abuela ven el mismo patr\u00f3n que se repite en la Carmen Cecilia y le advierten sobre el sombr\u00edo futuro que le espera.<\/p>\n<p style=\"text-align: justify;\">Tres generaciones de mujeres que llevan el mismo nombre y comparten el mismo destino: El desamor y la maternidad solitaria, aunque no pierden la esperanza de un final distinto.<\/p>\n<p><img decoding=\"async\" loading=\"lazy\" class=\"alignleft wp-image-231431 size-full\" src=\"https:\/\/www.rctvinternational.com\/wp-content\/uploads\/2020\/04\/deberias-saber-que.jpg\" alt=\"\" width=\"265\" height=\"39\" \/><\/p>\n<p>&nbsp;<\/p>\n<p style=\"text-align: justify;\">La teleaudiencia de Latinoam\u00e9rica estuvo complacida con las incidencias de <strong>Carmen Querida<\/strong>. Varios pa\u00edses, como Estados Unidos, Panam\u00e1 y Per\u00fa obtuvieron, en m\u00e1s de una ocasi\u00f3n, los derechos de transmisi\u00f3n. En Espa\u00f1a tambi\u00e9n disfrutaron de esta realizaci\u00f3n de <strong>RCTV<\/strong>.<\/p>\n<p>&nbsp;<\/p>","protected":false},"featured_media":232404,"template":"","meta":{"_et_pb_use_builder":"","_et_pb_old_content":"","_et_gb_content_width":""},"product_cat":[22],"product_tag":[312,417,418,388],"acf":[],"_links":{"self":[{"href":"http:\/\/3.144.191.25\/en\/wp-json\/wp\/v2\/product\/232403"}],"collection":[{"href":"http:\/\/3.144.191.25\/en\/wp-json\/wp\/v2\/product"}],"about":[{"href":"http:\/\/3.144.191.25\/en\/wp-json\/wp\/v2\/types\/product"}],"wp:featuredmedia":[{"embeddable":true,"href":"http:\/\/3.144.191.25\/en\/wp-json\/wp\/v2\/media\/232404"}],"wp:attachment":[{"href":"http:\/\/3.144.191.25\/en\/wp-json\/wp\/v2\/media?parent=232403"}],"wp:term":[{"taxonomy":"product_cat","embeddable":true,"href":"http:\/\/3.144.191.25\/en\/wp-json\/wp\/v2\/product_cat?post=232403"},{"taxonomy":"product_tag","embeddable":true,"href":"http:\/\/3.144.191.25\/en\/wp-json\/wp\/v2\/product_tag?post=232403"}],"curies":[{"name":"wp","href":"https:\/\/api.w.org\/{rel}","templated":true}]}}