{"id":232585,"date":"2021-02-12T19:59:46","date_gmt":"2021-02-12T19:59:46","guid":{"rendered":"http:\/\/rctvinternational.com\/?post_type=product&#038;p=232585"},"modified":"2025-05-08T00:16:34","modified_gmt":"2025-05-08T00:16:34","slug":"mariu","status":"publish","type":"product","link":"http:\/\/3.144.191.25\/en\/product\/mariu\/","title":{"rendered":"Mari\u00fa"},"content":{"rendered":"<p style=\"text-align: center;\"><div style=\"width: 100%; min-height: 1px;\" id=\"vimeo-wc-video-6a02154778d12\" data-js=\"vimeo-wc-video\" data-atts=\"{&quot;autopause&quot;:&quot;true&quot;,&quot;autoplay&quot;:false,&quot;background&quot;:false,&quot;byline&quot;:&quot;true&quot;,&quot;color&quot;:&quot;none&quot;,&quot;controls&quot;:&quot;true&quot;,&quot;dnt&quot;:&quot;true&quot;,&quot;height&quot;:&quot;none&quot;,&quot;id&quot;:false,&quot;loop&quot;:false,&quot;maxheight&quot;:&quot;none&quot;,&quot;maxwidth&quot;:&quot;none&quot;,&quot;muted&quot;:false,&quot;pip&quot;:false,&quot;playsinline&quot;:&quot;true&quot;,&quot;portrait&quot;:&quot;true&quot;,&quot;quality&quot;:&quot;auto&quot;,&quot;responsive&quot;:&quot;true&quot;,&quot;speed&quot;:false,&quot;texttrack&quot;:&quot;none&quot;,&quot;title&quot;:&quot;true&quot;,&quot;transparent&quot;:true,&quot;url&quot;:&quot;https:\\\/\\\/vimeo.com\\\/288784246&quot;,&quot;width&quot;:&quot;none&quot;}\"><\/div><\/p>\n<p>&nbsp;<\/p>","protected":false},"excerpt":{"rendered":"<p><img decoding=\"async\" loading=\"lazy\" class=\"alignnone wp-image-232632 size-medium\" src=\"http:\/\/www.rctvinternational.com\/wp-content\/uploads\/2021\/01\/claqueta-35-35-225x300.png\" alt=\"\" width=\"225\" height=\"300\" \/><\/p>\n<p><img decoding=\"async\" loading=\"lazy\" class=\"alignnone wp-image-232350 size-full\" src=\"http:\/\/www.rctvinternational.com\/wp-content\/uploads\/2020\/10\/Sinopsis.png\" alt=\"\" width=\"125\" height=\"57\" \/><\/p>\n<p style=\"text-align: justify;\">Mari\u00fa (<strong>Daniela Alvarado<\/strong>) apenas tiene para sobrevivir d\u00eda a d\u00eda. Cualquier eventualidad significa caer en la hecatombe y esta ocurri\u00f3. Un repentino ataque de asma de su madre llev\u00f3 a todos a la desesperaci\u00f3n, al punto de que Heriberto, eterno enamorado de Mari\u00fa, decidi\u00f3 robar los medicamentos en una farmacia, pero la fatalidad enred\u00f3 a\u00fan m\u00e1s la ya terrible situaci\u00f3n, la esposa de un polic\u00eda resulta muerta cuando intentan huir en medio de una balacera.<\/p>\n<p style=\"text-align: justify;\">Emiliano G\u00e1lvez (<strong>Carlos Montilla<\/strong>) emprende una ardua investigaci\u00f3n para dar con los responsables del asesinato de su esposa Coralia. Las evidencias contra Mari\u00fa son contundentes: en su casa, los funcionarios policiales encontr\u00f3 las medicinas robadas y el arma homicida.<\/p>\n<p style=\"text-align: justify;\">Y es que Heriberto y su c\u00f3mplice, en medio de la huida, entregaron las medicinas y el arma a Mari\u00fa quien, sin quererlo, qued\u00f3 identificada como la tercera integrante de la banda. Al no poder mostrar su inocencia escapa de los detectives, pero se lleva a Juan de Dios, un ni\u00f1o v\u00edctima del maltrato de su madre Tibizaida y de la indolencia de su padre Heriberto.<\/p>\n<p style=\"text-align: justify;\">Emiliano comienza una incansable b\u00fasqueda de Mari\u00fa hasta que la encuentra. Sin embargo, no la reconoce pues, ella se someti\u00f3 a cambios tanto f\u00edsicos, como de identidad. Con el tiempo surge entre ellos una gran atracci\u00f3n que se convierte en amor.<\/p>\n<p style=\"text-align: justify;\">Pero, en virtud de ese sentimiento, Mari\u00fa deber\u00e1 desvelar su verdadera identidad y demostrar su inocencia. Emiliano, por su parte, tendr\u00e1 que tomar la decisi\u00f3n de permanecer con ella, a pesar de todo lo sucedido, o emprender un nuevo rumbo.<\/p>\n<p style=\"text-align: justify;\"><img decoding=\"async\" loading=\"lazy\" class=\"alignleft wp-image-231431 size-full\" src=\"http:\/\/www.rctvinternational.com\/wp-content\/uploads\/2020\/04\/deberias-saber-que.jpg\" alt=\"\" width=\"265\" height=\"39\" \/><\/p>\n<p>&nbsp;<\/p>\n<p style=\"text-align: justify;\"><strong>Mari\u00fa<\/strong> es una libre adaptaci\u00f3n realizada por el escritor venezolano, Julio C\u00e9sar M\u00e1rmol, de la original <strong>La mujer sin rostro<\/strong>. Esta, a su vez, es el resultado de una libre adaptaci\u00f3n que el dramaturgo hizo del cl\u00e1sico franc\u00e9s del siglo XIX, Los Miserables, de V\u00edctor Hugo.<\/p>","protected":false},"featured_media":232605,"template":"","meta":{"_et_pb_use_builder":"off","_et_pb_old_content":"<p style=\"text-align: center\">[vimeography id=\"85\"]<\/p>","_et_gb_content_width":""},"product_cat":[22],"product_tag":[312,313,467,388],"acf":[],"_links":{"self":[{"href":"http:\/\/3.144.191.25\/en\/wp-json\/wp\/v2\/product\/232585"}],"collection":[{"href":"http:\/\/3.144.191.25\/en\/wp-json\/wp\/v2\/product"}],"about":[{"href":"http:\/\/3.144.191.25\/en\/wp-json\/wp\/v2\/types\/product"}],"wp:featuredmedia":[{"embeddable":true,"href":"http:\/\/3.144.191.25\/en\/wp-json\/wp\/v2\/media\/232605"}],"wp:attachment":[{"href":"http:\/\/3.144.191.25\/en\/wp-json\/wp\/v2\/media?parent=232585"}],"wp:term":[{"taxonomy":"product_cat","embeddable":true,"href":"http:\/\/3.144.191.25\/en\/wp-json\/wp\/v2\/product_cat?post=232585"},{"taxonomy":"product_tag","embeddable":true,"href":"http:\/\/3.144.191.25\/en\/wp-json\/wp\/v2\/product_tag?post=232585"}],"curies":[{"name":"wp","href":"https:\/\/api.w.org\/{rel}","templated":true}]}}