{"id":232590,"date":"2019-01-19T14:11:00","date_gmt":"2019-01-19T14:11:00","guid":{"rendered":"http:\/\/rctvinternational.com\/?post_type=product&#038;p=232590"},"modified":"2025-05-07T23:25:13","modified_gmt":"2025-05-07T23:25:13","slug":"angelica-pecado","status":"publish","type":"product","link":"http:\/\/3.144.191.25\/en\/product\/angelica-pecado\/","title":{"rendered":"Ang\u00e9lica Pecado"},"content":{"rendered":"<p style=\"text-align: center;\"><div style=\"width: 100%; min-height: 1px;\" id=\"vimeo-wc-video-6a02223582955\" data-js=\"vimeo-wc-video\" data-atts=\"{&quot;autopause&quot;:&quot;true&quot;,&quot;autoplay&quot;:false,&quot;background&quot;:false,&quot;byline&quot;:&quot;true&quot;,&quot;color&quot;:&quot;none&quot;,&quot;controls&quot;:&quot;true&quot;,&quot;dnt&quot;:&quot;true&quot;,&quot;height&quot;:&quot;none&quot;,&quot;id&quot;:false,&quot;loop&quot;:false,&quot;maxheight&quot;:&quot;none&quot;,&quot;maxwidth&quot;:&quot;none&quot;,&quot;muted&quot;:false,&quot;pip&quot;:false,&quot;playsinline&quot;:&quot;true&quot;,&quot;portrait&quot;:&quot;true&quot;,&quot;quality&quot;:&quot;auto&quot;,&quot;responsive&quot;:&quot;true&quot;,&quot;speed&quot;:false,&quot;texttrack&quot;:&quot;none&quot;,&quot;title&quot;:&quot;true&quot;,&quot;transparent&quot;:true,&quot;url&quot;:&quot;https:\\\/\\\/vimeo.com\\\/982833393&quot;,&quot;width&quot;:&quot;none&quot;}\"><\/div><\/p>\n<p>&nbsp;<\/p>\n<p style=\"text-align: justify;\">","protected":false},"excerpt":{"rendered":"<p><img decoding=\"async\" loading=\"lazy\" class=\"alignnone wp-image-233016 size-medium\" src=\"http:\/\/www.rctvinternational.com\/wp-content\/uploads\/2019\/01\/claqueta-36-36-35-225x300.png\" alt=\"\" width=\"225\" height=\"300\" \/><\/p>\n<p><img decoding=\"async\" loading=\"lazy\" class=\"alignnone wp-image-232350 size-full\" src=\"http:\/\/www.rctvinternational.com\/wp-content\/uploads\/2020\/10\/Sinopsis.png\" alt=\"\" width=\"125\" height=\"57\" \/><\/p>\n<p style=\"text-align: justify;\">Ang\u00e9lica Rodr\u00edguez (Daniela Alvarado) fija una mirada col\u00e9rica sobre Marcelo C\u00f3rdova (Sim\u00f3n Pestana) un llanero que le rob\u00f3 un beso, luego de ganar una competencia de toros coleados en un festival. Lo que ella ignora es que \u00e9l es el nuevo due\u00f1o de la finca el Desaf\u00edo y que tambi\u00e9n se apropiar\u00e1 de su coraz\u00f3n.<\/p>\n<p style=\"text-align: justify;\">Marcelo interrumpe su participaci\u00f3n en el festival, pues debe asistir a una reuni\u00f3n familiar en la que se definir\u00e1 el nuevo administrador del Hotel \u00c1vila. Todos los asistentes dan por sentado el nombramiento de Marcelo como el pr\u00f3ximo regente del negocio familiar, pero su padre es asesinado minutos antes de la ceremonia.<\/p>\n<p style=\"text-align: justify;\">Este homicidio desata una gran lucha de poderes entre los aspirantes al patrimonio. De esta manera, paralelo a esta historia de amor se despierta el inter\u00e9s por saber qui\u00e9n es el asesino.<\/p>\n<p style=\"text-align: justify;\">Los familiares a\u00fan no sal\u00edan del asombro cuando Erasmo, primo de Marcelo, se convierte en el administrador del hotel. Sus capacidades est\u00e1n en duda, debido a que padece de una enfermedad incurable. Por eso pretende dejar un heredero y considera que Ang\u00e9lica es la indicada.<\/p>\n<p style=\"text-align: justify;\">Pero Ang\u00e9lica espera un hijo de Marcelo, quien se cas\u00f3 con su prometida. Erasmo lo sabe y, aun as\u00ed, prosigue con sus planes. En adelante, los riesgos que le esperan a Ang\u00e9lica son enormes con el hecho de que en la familia Del \u00c1vila se encuentra un asesino que la habr\u00e1 tomado como objetivo, al ser su hijo el pr\u00f3ximo heredero de la fortuna de la familia.<\/p>\n<p style=\"text-align: justify;\"><img decoding=\"async\" loading=\"lazy\" class=\"alignnone wp-image-231431 size-full\" src=\"http:\/\/www.rctvinternational.com\/wp-content\/uploads\/2020\/04\/deberias-saber-que.jpg\" alt=\"\" width=\"265\" height=\"39\" \/><\/p>\n<p style=\"text-align: justify;\">El nombre de esta producci\u00f3n es un gui\u00f1o del escritor, ya que siete de los personajes principales de la telenovela son la encarnaci\u00f3n de los siete pecados capitales.<\/p>\n<p style=\"text-align: justify;\">En 2021 <strong>Ang\u00e9lica Pecado<\/strong> vuelve a la pantalla de la Televisi\u00f3n abierta por el canal venezolano <strong>Televen<\/strong>. Este dram\u00e1tico, escrito por Martin Hanh, dio inicio a un nuevo estilo de telenovela que combina misterio y romance.<\/p>\n<p style=\"text-align: justify;\">Apenas comenzaba el nuevo milenio le dio la vuelta al mundo y despu\u00e9s inici\u00f3 su periplo por todo el continente americano, para m\u00e1s adelante conquistar al p\u00fablico de pa\u00edses como el L\u00edbano, Grecia, Indonesia, Italia, Hungr\u00eda y Rusia entre muchos otros.<\/p>","protected":false},"featured_media":232607,"template":"","meta":{"_et_pb_use_builder":"","_et_pb_old_content":"","_et_gb_content_width":""},"product_cat":[23],"product_tag":[461,313,311],"acf":[],"_links":{"self":[{"href":"http:\/\/3.144.191.25\/en\/wp-json\/wp\/v2\/product\/232590"}],"collection":[{"href":"http:\/\/3.144.191.25\/en\/wp-json\/wp\/v2\/product"}],"about":[{"href":"http:\/\/3.144.191.25\/en\/wp-json\/wp\/v2\/types\/product"}],"wp:featuredmedia":[{"embeddable":true,"href":"http:\/\/3.144.191.25\/en\/wp-json\/wp\/v2\/media\/232607"}],"wp:attachment":[{"href":"http:\/\/3.144.191.25\/en\/wp-json\/wp\/v2\/media?parent=232590"}],"wp:term":[{"taxonomy":"product_cat","embeddable":true,"href":"http:\/\/3.144.191.25\/en\/wp-json\/wp\/v2\/product_cat?post=232590"},{"taxonomy":"product_tag","embeddable":true,"href":"http:\/\/3.144.191.25\/en\/wp-json\/wp\/v2\/product_tag?post=232590"}],"curies":[{"name":"wp","href":"https:\/\/api.w.org\/{rel}","templated":true}]}}