{"id":232672,"date":"2019-02-20T03:59:48","date_gmt":"2019-02-20T03:59:48","guid":{"rendered":"http:\/\/rctvinternational.com\/?post_type=product&#038;p=232672"},"modified":"2025-08-28T10:18:23","modified_gmt":"2025-08-28T10:18:23","slug":"la-goajirita","status":"publish","type":"product","link":"http:\/\/3.144.191.25\/en\/product\/la-goajirita\/","title":{"rendered":"La Goajirita"},"content":{"rendered":"<div style=\"width: 100%; min-height: 1px;\" id=\"vimeo-wc-video-6a021540402de\" data-js=\"vimeo-wc-video\" data-atts=\"{&quot;autopause&quot;:&quot;true&quot;,&quot;autoplay&quot;:false,&quot;background&quot;:false,&quot;byline&quot;:&quot;true&quot;,&quot;color&quot;:&quot;none&quot;,&quot;controls&quot;:&quot;true&quot;,&quot;dnt&quot;:&quot;true&quot;,&quot;height&quot;:&quot;none&quot;,&quot;id&quot;:false,&quot;loop&quot;:false,&quot;maxheight&quot;:&quot;none&quot;,&quot;maxwidth&quot;:&quot;none&quot;,&quot;muted&quot;:false,&quot;pip&quot;:false,&quot;playsinline&quot;:&quot;true&quot;,&quot;portrait&quot;:&quot;true&quot;,&quot;quality&quot;:&quot;auto&quot;,&quot;responsive&quot;:&quot;true&quot;,&quot;speed&quot;:false,&quot;texttrack&quot;:&quot;none&quot;,&quot;title&quot;:&quot;true&quot;,&quot;transparent&quot;:true,&quot;url&quot;:&quot;https:\\\/\\\/vimeo.com\\\/508986288&quot;,&quot;width&quot;:&quot;none&quot;}\"><\/div>\n<p>&nbsp;<\/p>\n<p>&nbsp;<\/p>","protected":false},"excerpt":{"rendered":"<p><img decoding=\"async\" loading=\"lazy\" class=\"alignnone wp-image-232678 size-medium\" src=\"http:\/\/www.rctvinternational.com\/wp-content\/uploads\/2021\/02\/claquetas-Corregidas-37-249x300.png\" alt=\"\" width=\"249\" height=\"300\" \/><\/p>\n<p><img decoding=\"async\" loading=\"lazy\" class=\"alignnone wp-image-232350 size-full\" src=\"http:\/\/www.rctvinternational.com\/wp-content\/uploads\/2020\/10\/Sinopsis.png\" alt=\"\" width=\"125\" height=\"57\" \/><\/p>\n<p style=\"text-align: justify;\">Anal\u00eda (<strong>Caridad Canel\u00f3n<\/strong>) deja atr\u00e1s sus ra\u00edces y costumbres ind\u00edgenas para estar cerca de \u00c1ngel (<strong>Orlando Urdaneta<\/strong>), su esposo. Es un largo viaje lleno de ilusiones para la Goajirita, que desea reencontrarse con su pareja, pero \u00e9l tiene otros planes: se comprometi\u00f3 con Jennifer, la hija del due\u00f1o de la empresa donde trabaja.<\/p>\n<p style=\"text-align: justify;\">\u00c1ngel ve en Jennifer la oportunidad de salir adelante, de obtener todo cuanto ha deseado en caso de concretar ese matrimonio, por eso hace todo lo posible por evitar que Anal\u00eda interfiera en sus planes, pero desconoce que la Goajirita espera un hijo suyo.<\/p>\n<p style=\"text-align: justify;\">A pesar de la determinaci\u00f3n de \u00c1ngel de realizar cambios dr\u00e1sticos en su vida, el rencuentro con Anal\u00eda le hace dudar, resurgen fuertes sentimientos y le asalta la duda. Pero Anal\u00eda descubre todo y el dolor se apodera de ella. Un sufrimiento que se incrementa con el continuo e incesante acoso de Jennifer.<\/p>\n<p style=\"text-align: justify;\">Pero el car\u00e1cter de la guerrera Goajira est\u00e1 por verse. Le da un giro a su actitud y cambia su vida de manera dr\u00e1stica. Con estudios y trabajo su calidad de vida mejora notablemente, al punto de que inesperadamente aparece Rogelio, un hombre que le confiesa su amor y que puede dejar a \u00c1ngel como un simple recuerdo.<\/p>\n<p><img decoding=\"async\" loading=\"lazy\" class=\"alignleft wp-image-231431 size-full\" src=\"http:\/\/www.rctvinternational.com\/wp-content\/uploads\/2020\/04\/deberias-saber-que.jpg\" alt=\"\" width=\"265\" height=\"39\" \/><\/p>\n<p>&nbsp;<\/p>\n<p style=\"text-align: justify;\"><strong>La Goajirita<\/strong> es una adaptaci\u00f3n libre realizada por Ligia Lezama de la telenovela La Galleguita. Desde febrero de 2021 puede ser disfrutada por los suscriptores de Tubi TV.<\/p>","protected":false},"featured_media":232671,"template":"","meta":{"_et_pb_use_builder":"","_et_pb_old_content":"","_et_gb_content_width":""},"product_cat":[22],"product_tag":[269,476,475,388],"acf":[],"_links":{"self":[{"href":"http:\/\/3.144.191.25\/en\/wp-json\/wp\/v2\/product\/232672"}],"collection":[{"href":"http:\/\/3.144.191.25\/en\/wp-json\/wp\/v2\/product"}],"about":[{"href":"http:\/\/3.144.191.25\/en\/wp-json\/wp\/v2\/types\/product"}],"wp:featuredmedia":[{"embeddable":true,"href":"http:\/\/3.144.191.25\/en\/wp-json\/wp\/v2\/media\/232671"}],"wp:attachment":[{"href":"http:\/\/3.144.191.25\/en\/wp-json\/wp\/v2\/media?parent=232672"}],"wp:term":[{"taxonomy":"product_cat","embeddable":true,"href":"http:\/\/3.144.191.25\/en\/wp-json\/wp\/v2\/product_cat?post=232672"},{"taxonomy":"product_tag","embeddable":true,"href":"http:\/\/3.144.191.25\/en\/wp-json\/wp\/v2\/product_tag?post=232672"}],"curies":[{"name":"wp","href":"https:\/\/api.w.org\/{rel}","templated":true}]}}