{"id":233181,"date":"2019-08-04T13:52:23","date_gmt":"2019-08-04T13:52:23","guid":{"rendered":"http:\/\/www.rctvintl.com\/?post_type=product&#038;p=233181"},"modified":"2025-05-08T00:44:29","modified_gmt":"2025-05-08T00:44:29","slug":"alma-mia","status":"publish","type":"product","link":"http:\/\/3.144.191.25\/en\/product\/alma-mia\/","title":{"rendered":"Alma M\u00eda"},"content":{"rendered":"<div style=\"width: 100%; min-height: 1px;\" id=\"vimeo-wc-video-6a0215c3ac116\" data-js=\"vimeo-wc-video\" data-atts=\"{&quot;autopause&quot;:&quot;true&quot;,&quot;autoplay&quot;:false,&quot;background&quot;:false,&quot;byline&quot;:&quot;true&quot;,&quot;color&quot;:&quot;none&quot;,&quot;controls&quot;:&quot;true&quot;,&quot;dnt&quot;:&quot;true&quot;,&quot;height&quot;:&quot;none&quot;,&quot;id&quot;:false,&quot;loop&quot;:false,&quot;maxheight&quot;:&quot;none&quot;,&quot;maxwidth&quot;:&quot;none&quot;,&quot;muted&quot;:false,&quot;pip&quot;:false,&quot;playsinline&quot;:&quot;true&quot;,&quot;portrait&quot;:&quot;true&quot;,&quot;quality&quot;:&quot;auto&quot;,&quot;responsive&quot;:&quot;true&quot;,&quot;speed&quot;:false,&quot;texttrack&quot;:&quot;none&quot;,&quot;title&quot;:&quot;true&quot;,&quot;transparent&quot;:true,&quot;url&quot;:&quot;https:\\\/\\\/vimeo.com\\\/574448038&quot;,&quot;width&quot;:&quot;none&quot;}\"><\/div>\n<p>&nbsp;<\/p>","protected":false},"excerpt":{"rendered":"<p><img decoding=\"async\" loading=\"lazy\" class=\"alignnone size-medium wp-image-233239\" src=\"http:\/\/www.rctvinternational.com\/wp-content\/uploads\/2021\/07\/claquetas-Alma-Mia-39-225x300.png\" alt=\"\" width=\"225\" height=\"300\" \/><\/p>\n<p><img decoding=\"async\" loading=\"lazy\" class=\"alignleft wp-image-232350 size-full\" src=\"http:\/\/www.rctvinternational.com\/wp-content\/uploads\/2020\/10\/Sinopsis.png\" alt=\"\" width=\"125\" height=\"57\" \/><\/p>\n<p>&nbsp;<\/p>\n<p style=\"text-align: justify;\">Alma Rosa (<strong>Nohely Arteaga<\/strong>) se casa con Alejandro Pe\u00f1alver, un viudo multimillonario, venido a menos, para poder ayudarlo en la crianza de sus cinco hijos. Pero, el mayor de ellos, Luis Gustavo (<strong>Carlos Montilla<\/strong>), est\u00e1 enamorado de su joven madrastra desde que ambos eran ni\u00f1os.<\/p>\n<p style=\"text-align: justify;\">Las dificultades para Alma Rosa no son pocas: algunos de los hijos del empresario la desaprueban como madre sustituta y se lo hacen saber, mientras que otros le dan todo su respaldo. Adem\u00e1s, la joven debe ocultar la fuerte atracci\u00f3n que siente por su hijastro Luis Gustavo, que cada vez se hace m\u00e1s evidente.<\/p>\n<p style=\"text-align: justify;\">En medio de esa conflictiva situaci\u00f3n surge <strong>Alma M\u00eda<\/strong> (<strong>Astrid Carolina Herrera<\/strong>) para cambiar el destino de la familia, se enamora de Luis Gustavo, y toma la decisi\u00f3n de conquistarlo. Pero su repentina aparici\u00f3n es todo un misterio. En realidad \u00bfQui\u00e9n es y qu\u00e9 busca? \u00bfPor qu\u00e9 nadie sab\u00eda de su existencia?<\/p>\n<p style=\"text-align: justify;\"><img decoding=\"async\" loading=\"lazy\" class=\"alignleft wp-image-231431 size-full\" src=\"http:\/\/www.rctvinternational.com\/wp-content\/uploads\/2020\/04\/deberias-saber-que.jpg\" alt=\"\" width=\"265\" height=\"39\" \/><\/p>\n<p>&nbsp;<\/p>\n<p style=\"text-align: justify;\"><strong>Alma M\u00eda<\/strong> es una de las telenovelas m\u00e1s controversiales y vistas en toda Latinoam\u00e9rica para finales de la d\u00e9cada de los 80. Esta historia de amor tuvo un excelente desempe\u00f1o en pa\u00edses como: Costa Rica, Honduras, Estados Unidos, Per\u00fa, Bolivia y Rep\u00fablica Dominicana, entre muchos otros, pero en Ecuador despert\u00f3 un inter\u00e9s extraordinario en la audiencia.<\/p>","protected":false},"featured_media":233182,"template":"","meta":{"_et_pb_use_builder":"","_et_pb_old_content":"","_et_gb_content_width":""},"product_cat":[22],"product_tag":[498,307,312,297,388],"acf":[],"_links":{"self":[{"href":"http:\/\/3.144.191.25\/en\/wp-json\/wp\/v2\/product\/233181"}],"collection":[{"href":"http:\/\/3.144.191.25\/en\/wp-json\/wp\/v2\/product"}],"about":[{"href":"http:\/\/3.144.191.25\/en\/wp-json\/wp\/v2\/types\/product"}],"wp:featuredmedia":[{"embeddable":true,"href":"http:\/\/3.144.191.25\/en\/wp-json\/wp\/v2\/media\/233182"}],"wp:attachment":[{"href":"http:\/\/3.144.191.25\/en\/wp-json\/wp\/v2\/media?parent=233181"}],"wp:term":[{"taxonomy":"product_cat","embeddable":true,"href":"http:\/\/3.144.191.25\/en\/wp-json\/wp\/v2\/product_cat?post=233181"},{"taxonomy":"product_tag","embeddable":true,"href":"http:\/\/3.144.191.25\/en\/wp-json\/wp\/v2\/product_tag?post=233181"}],"curies":[{"name":"wp","href":"https:\/\/api.w.org\/{rel}","templated":true}]}}