{"id":233335,"date":"2019-09-06T09:06:43","date_gmt":"2019-09-06T09:06:43","guid":{"rendered":"http:\/\/www.rctvintl.com\/?post_type=product&#038;p=233335"},"modified":"2025-05-07T23:07:44","modified_gmt":"2025-05-07T23:07:44","slug":"estrambotica-anastasia","status":"publish","type":"product","link":"http:\/\/3.144.191.25\/en\/product\/estrambotica-anastasia\/","title":{"rendered":"Estramb\u00f3tica Anastasia"},"content":{"rendered":"<div style=\"width: 100%; min-height: 1px;\" id=\"vimeo-wc-video-6a022fc2b0b24\" data-js=\"vimeo-wc-video\" data-atts=\"{&quot;autopause&quot;:&quot;true&quot;,&quot;autoplay&quot;:false,&quot;background&quot;:false,&quot;byline&quot;:&quot;true&quot;,&quot;color&quot;:&quot;none&quot;,&quot;controls&quot;:&quot;true&quot;,&quot;dnt&quot;:&quot;true&quot;,&quot;height&quot;:&quot;none&quot;,&quot;id&quot;:false,&quot;loop&quot;:false,&quot;maxheight&quot;:&quot;none&quot;,&quot;maxwidth&quot;:&quot;none&quot;,&quot;muted&quot;:false,&quot;pip&quot;:false,&quot;playsinline&quot;:&quot;true&quot;,&quot;portrait&quot;:&quot;true&quot;,&quot;quality&quot;:&quot;auto&quot;,&quot;responsive&quot;:&quot;true&quot;,&quot;speed&quot;:false,&quot;texttrack&quot;:&quot;none&quot;,&quot;title&quot;:&quot;true&quot;,&quot;transparent&quot;:true,&quot;url&quot;:&quot;https:\\\/\\\/vimeo.com\\\/637508201&quot;,&quot;width&quot;:&quot;none&quot;}\"><\/div>\n<p>&nbsp;<\/p>","protected":false},"excerpt":{"rendered":"<p><img decoding=\"async\" loading=\"lazy\" class=\"alignnone size-medium wp-image-233360\" src=\"http:\/\/www.rctvinternational.com\/wp-content\/uploads\/2021\/09\/claquetas-Corregidas-Estrambotica-42-1-225x300.png\" alt=\"\" width=\"225\" height=\"300\" \/><\/p>\n<p><img decoding=\"async\" loading=\"lazy\" class=\"alignnone size-full wp-image-232350\" src=\"http:\/\/www.rctvinternational.com\/wp-content\/uploads\/2020\/10\/Sinopsis.png\" alt=\"\" width=\"125\" height=\"57\" \/><\/p>\n<p style=\"text-align: justify;\">Anastasia (<strong>Norkys Batista<\/strong>), adem\u00e1s de bella, es estramb\u00f3tica y extrovertida. Precisamente por esas dotes alcanza la fama que siempre so\u00f1\u00f3 al convertirse en la imagen promocional de la joyer\u00eda Borosfky, una empresa que salva de la quiebra.<\/p>\n<p style=\"text-align: justify;\">Anastasia pronto descubre que debe pagar un alto precio por la fama y la fortuna que ostenta. Su matrimonio con Ovidio Borosfky, hijo del empresario joyero, no funciona al igual que su relaci\u00f3n con el resto de la familia. Su hija es su la \u00fanica alegr\u00eda.<\/p>\n<p style=\"text-align: justify;\">Anastasia y sus hermanas son trillizas: Alexandra es de car\u00e1cter dulce, Catalina es rebelde y Anastasia es la estramb\u00f3tica. Ellas se valen de su extraordinario parecido para intercambiar identidades y enredar la situaci\u00f3n.<\/p>\n<p style=\"text-align: justify;\">Ante el posible robo de La Cruz de los Sue\u00f1os, una extra\u00f1a joya centenaria que supuestamente tiene poderes, entre las tres deciden ocultar la gema familiar. Sin embargo, una de las hermanas desaparece junto con la reliquia, luego de una explosi\u00f3n.<\/p>\n<p style=\"text-align: justify;\">Aureliano Paz (<strong>Juan Pablo Raba<\/strong>) es el hijo no reconocido de Antonio, \u00abDon To\u00f1o\u00bb Borosfky, el due\u00f1o de la joyer\u00eda. Reaparece para limpiar su nombre de falsas acusaciones sobre el robo de La Cruz de los Sue\u00f1os. Anastasia, atra\u00edda por Aureliano, lo defiende con fervor. Entre ellos surge una relaci\u00f3n amorosa que a duras penas pueden mantener.<\/p>\n<p style=\"text-align: justify;\">En adelante, Anastasia, con la ayuda de Aureliano, no descansa hasta dar con el responsable del atentado de su hermana y con el paradero de La Cruz de los Sue\u00f1os.<\/p>\n<p><img decoding=\"async\" loading=\"lazy\" class=\"wp-image-231431 size-full alignnone\" src=\"http:\/\/www.rctvinternational.com\/wp-content\/uploads\/2020\/04\/deberias-saber-que.jpg\" alt=\"\" width=\"265\" height=\"39\" \/><\/p>\n<p style=\"text-align: justify;\">Estramb\u00f3tica Anastasia, todo un reto actoral para la actriz Norkys Batista, pr\u00e1cticamente no tuvo rival en el <em>Prime Time<\/em> de Venezuela, en el a\u00f1o 2004. Para el 2005 super\u00f3 con comodidad a sus competidores en se\u00f1al abierta, de acuerdo con los resultados de los sistemas de medici\u00f3n de la \u00e9poca, en el horario de la 1 pm, en Ecuador. Igual comportamiento reflej\u00f3 en varios pa\u00edses latinoamericanos en los distintos horarios en que fue transmitida.<\/p>","protected":false},"featured_media":233359,"template":"","meta":{"_et_pb_use_builder":"","_et_pb_old_content":"","_et_gb_content_width":""},"product_cat":[23],"product_tag":[525,281,292,388],"acf":[],"_links":{"self":[{"href":"http:\/\/3.144.191.25\/en\/wp-json\/wp\/v2\/product\/233335"}],"collection":[{"href":"http:\/\/3.144.191.25\/en\/wp-json\/wp\/v2\/product"}],"about":[{"href":"http:\/\/3.144.191.25\/en\/wp-json\/wp\/v2\/types\/product"}],"wp:featuredmedia":[{"embeddable":true,"href":"http:\/\/3.144.191.25\/en\/wp-json\/wp\/v2\/media\/233359"}],"wp:attachment":[{"href":"http:\/\/3.144.191.25\/en\/wp-json\/wp\/v2\/media?parent=233335"}],"wp:term":[{"taxonomy":"product_cat","embeddable":true,"href":"http:\/\/3.144.191.25\/en\/wp-json\/wp\/v2\/product_cat?post=233335"},{"taxonomy":"product_tag","embeddable":true,"href":"http:\/\/3.144.191.25\/en\/wp-json\/wp\/v2\/product_tag?post=233335"}],"curies":[{"name":"wp","href":"https:\/\/api.w.org\/{rel}","templated":true}]}}