{"id":233400,"date":"2019-09-05T21:54:03","date_gmt":"2019-09-05T21:54:03","guid":{"rendered":"http:\/\/www.rctvinternational.com\/?post_type=product&#038;p=233400"},"modified":"2025-05-07T23:04:49","modified_gmt":"2025-05-07T23:04:49","slug":"trapos-intimos","status":"publish","type":"product","link":"http:\/\/3.144.191.25\/en\/product\/trapos-intimos\/","title":{"rendered":"Trapos \u00cdntimos"},"content":{"rendered":"<p style=\"text-align: center;\"><div style=\"width: 100%; min-height: 1px;\" id=\"vimeo-wc-video-6a023eb7f3ee6\" data-js=\"vimeo-wc-video\" data-atts=\"{&quot;autopause&quot;:&quot;true&quot;,&quot;autoplay&quot;:false,&quot;background&quot;:false,&quot;byline&quot;:&quot;true&quot;,&quot;color&quot;:&quot;none&quot;,&quot;controls&quot;:&quot;true&quot;,&quot;dnt&quot;:&quot;true&quot;,&quot;height&quot;:&quot;none&quot;,&quot;id&quot;:false,&quot;loop&quot;:false,&quot;maxheight&quot;:&quot;none&quot;,&quot;maxwidth&quot;:&quot;none&quot;,&quot;muted&quot;:false,&quot;pip&quot;:false,&quot;playsinline&quot;:&quot;true&quot;,&quot;portrait&quot;:&quot;true&quot;,&quot;quality&quot;:&quot;auto&quot;,&quot;responsive&quot;:&quot;true&quot;,&quot;speed&quot;:false,&quot;texttrack&quot;:&quot;none&quot;,&quot;title&quot;:&quot;true&quot;,&quot;transparent&quot;:true,&quot;url&quot;:&quot;https:\\\/\\\/vimeo.com\\\/672525234&quot;,&quot;width&quot;:&quot;none&quot;}\"><\/div><\/p>\n<p>&nbsp;<\/p>","protected":false},"excerpt":{"rendered":"<p><img decoding=\"async\" loading=\"lazy\" class=\"alignnone size-medium wp-image-233438\" src=\"http:\/\/www.rctvinternational.com\/wp-content\/uploads\/2021\/10\/claquetas-Corregidas-44-44-226x300.png\" alt=\"\" width=\"226\" height=\"300\" \/><\/p>\n<p><img decoding=\"async\" loading=\"lazy\" class=\"alignnone size-full wp-image-232350\" src=\"http:\/\/www.rctvinternational.com\/wp-content\/uploads\/2020\/10\/Sinopsis.png\" alt=\"\" width=\"125\" height=\"57\" \/><\/p>\n<p style=\"text-align: justify;\">Fernando Lobo (<strong>Carlos Montilla<\/strong>) es poco sociable y de fuerte car\u00e1cter, lleva consigo el dolor y la amargura por el fallecimiento de su esposa Soledad a quien considera irremplazable hasta que conoce a Isabel Cordero (<strong>Marlene De Andrade<\/strong>), una joven dise\u00f1adora textil quien tambi\u00e9n arrastra algunas experiencias dolorosas.<\/p>\n<p style=\"text-align: justify;\">Junto con sus tres hijas, Fernando decide mudarse a la ciudad dejando atr\u00e1s su cargo como gerente petrolero para asumir las riendas de \u201cCaricia\u201d, una empresa dedicada a la confecci\u00f3n de ropa \u00edntima propiedad de su suegra Federica Andueza (<strong>Amanda Guti\u00e9rrez<\/strong>), una mujer de negocios quien considera que todo tiene un precio.<\/p>\n<p style=\"text-align: justify;\">Luc\u00eda Lobo (<strong>Gabriela Vergara<\/strong>), hermana de Fernando, est\u00e1 convencida de su religiosidad. Por eso decide entrar en un convento para convertirse en monja, pero en medio del noviciado conoce a Willy (<strong>Alfonso Medina<\/strong>), un joven sociable, atractivo y con ambiciones que la llena de incertidumbres. Aunque no le faltan pretendientes, Luc\u00eda es el pensamiento m\u00e1s recurrente de Willy.<\/p>\n<p style=\"text-align: justify;\">Los retos que deber enfrentar Fernando no son pocos. Adem\u00e1s de encargarse de sus tres hijas, est\u00e1 en la obligaci\u00f3n de encontrar la manera de moldear su f\u00e9rreo car\u00e1cter para adentrarse en el mundo de la moda, un ambiente que de entrada le es poco atractivo. Pero all\u00ed est\u00e1 Isabel Cordero, la nueva empleada que har\u00e1 cambios dr\u00e1sticos en su vida.<\/p>\n<p><img decoding=\"async\" loading=\"lazy\" class=\"wp-image-231431 size-full alignnone\" src=\"http:\/\/www.rctvinternational.com\/wp-content\/uploads\/2020\/04\/deberias-saber-que.jpg\" alt=\"\" width=\"265\" height=\"39\" \/><\/p>\n<p style=\"text-align: justify;\"><strong>Trapos \u00edntimos<\/strong> es una de las telenovelas de RCTV m\u00e1s solicitadas por la audiencia en toda Latinoam\u00e9rica. Panam\u00e1, Ecuador y Rep\u00fablica Dominicana son algunos de los pa\u00edses que quedaron encantados con esta trama, antes de que partiera hacia Europa. All\u00ed, Rusos, albaneses y espa\u00f1oles, entre otros, siguieron con fidelidad cada uno de sus episodios.<\/p>","protected":false},"featured_media":233411,"template":"","meta":{"_et_pb_use_builder":"","_et_pb_old_content":"","_et_gb_content_width":""},"product_cat":[23],"product_tag":[314,521,312,522,315,360,388,520],"acf":[],"_links":{"self":[{"href":"http:\/\/3.144.191.25\/en\/wp-json\/wp\/v2\/product\/233400"}],"collection":[{"href":"http:\/\/3.144.191.25\/en\/wp-json\/wp\/v2\/product"}],"about":[{"href":"http:\/\/3.144.191.25\/en\/wp-json\/wp\/v2\/types\/product"}],"wp:featuredmedia":[{"embeddable":true,"href":"http:\/\/3.144.191.25\/en\/wp-json\/wp\/v2\/media\/233411"}],"wp:attachment":[{"href":"http:\/\/3.144.191.25\/en\/wp-json\/wp\/v2\/media?parent=233400"}],"wp:term":[{"taxonomy":"product_cat","embeddable":true,"href":"http:\/\/3.144.191.25\/en\/wp-json\/wp\/v2\/product_cat?post=233400"},{"taxonomy":"product_tag","embeddable":true,"href":"http:\/\/3.144.191.25\/en\/wp-json\/wp\/v2\/product_tag?post=233400"}],"curies":[{"name":"wp","href":"https:\/\/api.w.org\/{rel}","templated":true}]}}