{"id":233597,"date":"2020-12-01T04:15:35","date_gmt":"2020-12-01T04:15:35","guid":{"rendered":"http:\/\/www.rctvintl.com\/?post_type=product&#038;p=233597"},"modified":"2024-05-28T19:59:14","modified_gmt":"2024-05-28T19:59:14","slug":"la-pareja-dispareja","status":"publish","type":"product","link":"http:\/\/3.144.191.25\/en\/product\/la-pareja-dispareja\/","title":{"rendered":"La Pareja Dispareja"},"content":{"rendered":"<div style=\"width: 100%; min-height: 1px;\" id=\"vimeo-wc-video-6a022fc36a2b6\" data-js=\"vimeo-wc-video\" data-atts=\"{&quot;autopause&quot;:&quot;true&quot;,&quot;autoplay&quot;:false,&quot;background&quot;:false,&quot;byline&quot;:&quot;true&quot;,&quot;color&quot;:&quot;none&quot;,&quot;controls&quot;:&quot;true&quot;,&quot;dnt&quot;:&quot;true&quot;,&quot;height&quot;:&quot;none&quot;,&quot;id&quot;:false,&quot;loop&quot;:false,&quot;maxheight&quot;:&quot;none&quot;,&quot;maxwidth&quot;:&quot;none&quot;,&quot;muted&quot;:false,&quot;pip&quot;:false,&quot;playsinline&quot;:&quot;true&quot;,&quot;portrait&quot;:&quot;true&quot;,&quot;quality&quot;:&quot;auto&quot;,&quot;responsive&quot;:&quot;true&quot;,&quot;speed&quot;:false,&quot;texttrack&quot;:&quot;none&quot;,&quot;title&quot;:&quot;true&quot;,&quot;transparent&quot;:true,&quot;url&quot;:&quot;https:\\\/\\\/vimeo.com\\\/672522970&quot;,&quot;width&quot;:&quot;none&quot;}\"><\/div>","protected":false},"excerpt":{"rendered":"<p><img decoding=\"async\" loading=\"lazy\" class=\"alignnone size-medium wp-image-233959\" src=\"http:\/\/www.rctvinternational.com\/wp-content\/uploads\/2021\/12\/Claquetas_2022-005-229x300.png\" alt=\"\" width=\"229\" height=\"300\" \/><\/p>\n<p style=\"text-align: justify;\"><img decoding=\"async\" loading=\"lazy\" class=\"alignnone wp-image-232350 size-full\" src=\"https:\/\/www.rctvinternational.com\/wp-content\/uploads\/2020\/10\/Sinopsis.png\" alt=\"\" width=\"125\" height=\"57\" \/><\/p>\n<p style=\"text-align: justify;\">Cuatro parejas de novios deben poner a prueba su amor con retos jocosos y divertidos en <strong>La Pareja Dispareja<\/strong>. Se trata de un programa de concursos conducido por <strong>Camila Canabal<\/strong> y <strong>Ram\u00f3n Castro<\/strong> donde los participantes se someten a competencias f\u00edsicas y de conocimiento, que revelan los verdaderos sentimientos que tienen el uno por el otro.<\/p>\n<p style=\"text-align: justify;\">Los enamorados deben superar los desaf\u00edos que surgen en un ambiente divertido para acumular puntos y pasar a la gran final. Antes de cada emisi\u00f3n, un miembro de la pareja tiene la oportunidad de dirigirse a la audiencia en una peque\u00f1a sesi\u00f3n grabada en la que expresa su experiencia, las afinidades y las diferencia que puede haber en su relaci\u00f3n.<\/p>\n<p style=\"text-align: justify;\">Posteriormente, se exponen estas ideas y la pareja debe enfrentar, en pleno estudio, las incomodidades que las confesiones pueden generar. <strong>Camila Canabal<\/strong> y <strong>Ram\u00f3n Castro<\/strong>, tomar\u00e1n partido en situaciones opuestas. <strong>Camila<\/strong> siempre inclinada por la integridad y el valor de tener un noviazgo estable, mientras que Ram\u00f3n apuesta por la vida alegre, audaz, pero con precauci\u00f3n.<\/p>\n<p style=\"text-align: justify;\">Cada emisi\u00f3n ser\u00e1 como un cap\u00edtulo de telenovela, ya que, en medio de risas y competencias, el p\u00fablico podr\u00e1 conmoverse con historias rom\u00e1nticas y verdaderas.<\/p>\n<p style=\"text-align: justify;\">Tres jueces califican la actuaci\u00f3n de los concursantes. &#8216;La ni\u00f1a&#8217;, es una de ellos, jam\u00e1s ha pronunciado la palabra sexo y asegura que los malos pensamientos nunca pasan por su mente. &#8216;Paula&#8217; es la &#8216;sex\u00f3loga&#8217;, suele compartir consejos sin inhibiciones y &#8216;George&#8217; quien se caracteriza por el sarcasmo y la acidez de sus comentarios, provoca m\u00e1s pol\u00e9micas entre los participantes.<\/p>\n<p><img decoding=\"async\" loading=\"lazy\" class=\"alignnone wp-image-231431 size-full\" src=\"https:\/\/www.rctvinternational.com\/wp-content\/uploads\/2020\/04\/deberias-saber-que.jpg\" alt=\"\" width=\"265\" height=\"39\" \/><\/p>\n<p style=\"text-align: justify;\">A pesar de que se trata de un programa de concurso, tiene caracter\u00edsticas propias de un <strong><em>reality<\/em> de relaciones amorosas<\/strong> y puede ser visto en la plataforma de streaming <strong>Tubi TV<\/strong>.<\/p>\n<p>&nbsp;<\/p>\n<p>&nbsp;<\/p>\n<p>&nbsp;<\/p>\n<p>&nbsp;<\/p>\n<p>&nbsp;<\/p>\n<p style=\"text-align: justify;\">","protected":false},"featured_media":233833,"template":"","meta":{"_et_pb_use_builder":"","_et_pb_old_content":"","_et_gb_content_width":""},"product_cat":[25],"product_tag":[559,573,558,560,360],"acf":[],"_links":{"self":[{"href":"http:\/\/3.144.191.25\/en\/wp-json\/wp\/v2\/product\/233597"}],"collection":[{"href":"http:\/\/3.144.191.25\/en\/wp-json\/wp\/v2\/product"}],"about":[{"href":"http:\/\/3.144.191.25\/en\/wp-json\/wp\/v2\/types\/product"}],"wp:featuredmedia":[{"embeddable":true,"href":"http:\/\/3.144.191.25\/en\/wp-json\/wp\/v2\/media\/233833"}],"wp:attachment":[{"href":"http:\/\/3.144.191.25\/en\/wp-json\/wp\/v2\/media?parent=233597"}],"wp:term":[{"taxonomy":"product_cat","embeddable":true,"href":"http:\/\/3.144.191.25\/en\/wp-json\/wp\/v2\/product_cat?post=233597"},{"taxonomy":"product_tag","embeddable":true,"href":"http:\/\/3.144.191.25\/en\/wp-json\/wp\/v2\/product_tag?post=233597"}],"curies":[{"name":"wp","href":"https:\/\/api.w.org\/{rel}","templated":true}]}}