{"id":233607,"date":"2020-12-01T14:55:44","date_gmt":"2020-12-01T14:55:44","guid":{"rendered":"http:\/\/www.rctvintl.com\/?post_type=product&#038;p=233607"},"modified":"2025-03-25T18:41:43","modified_gmt":"2025-03-25T18:41:43","slug":"pueblo-adentro","status":"publish","type":"product","link":"http:\/\/3.144.191.25\/en\/product\/pueblo-adentro\/","title":{"rendered":"Pueblo Adentro"},"content":{"rendered":"<div style=\"width: 100%; min-height: 1px;\" id=\"vimeo-wc-video-6a0215df22e1b\" data-js=\"vimeo-wc-video\" data-atts=\"{&quot;autopause&quot;:&quot;true&quot;,&quot;autoplay&quot;:false,&quot;background&quot;:false,&quot;byline&quot;:&quot;true&quot;,&quot;color&quot;:&quot;none&quot;,&quot;controls&quot;:&quot;true&quot;,&quot;dnt&quot;:&quot;true&quot;,&quot;height&quot;:&quot;none&quot;,&quot;id&quot;:false,&quot;loop&quot;:false,&quot;maxheight&quot;:&quot;none&quot;,&quot;maxwidth&quot;:&quot;none&quot;,&quot;muted&quot;:false,&quot;pip&quot;:false,&quot;playsinline&quot;:&quot;true&quot;,&quot;portrait&quot;:&quot;true&quot;,&quot;quality&quot;:&quot;auto&quot;,&quot;responsive&quot;:&quot;true&quot;,&quot;speed&quot;:false,&quot;texttrack&quot;:&quot;none&quot;,&quot;title&quot;:&quot;true&quot;,&quot;transparent&quot;:true,&quot;url&quot;:&quot;https:\\\/\\\/vimeo.com\\\/672524848&quot;,&quot;width&quot;:&quot;none&quot;}\"><\/div>","protected":false},"excerpt":{"rendered":"<p><img decoding=\"async\" loading=\"lazy\" class=\"alignnone size-medium wp-image-233861\" src=\"http:\/\/www.rctvinternational.com\/wp-content\/uploads\/2022\/03\/Claquetas_PuebloAdentro_2022-06-229x300.png\" alt=\"\" width=\"229\" height=\"300\" \/><\/p>\n<p><img decoding=\"async\" loading=\"lazy\" class=\"alignnone wp-image-232350 size-full\" src=\"https:\/\/www.rctvinternational.com\/wp-content\/uploads\/2020\/10\/Sinopsis.png\" alt=\"\" width=\"125\" height=\"57\" \/><\/p>\n<p style=\"text-align: justify;\">La ubicaci\u00f3n geogr\u00e1fica de Venezuela, es sencillamente privilegiada. Esto le ha dado una gran biodiversidad que la convierte en un gran para\u00edso en eterno descubrimiento.<\/p>\n<p style=\"text-align: justify;\">Selvas, monta\u00f1as, llanos, desiertos y mares pueden encontrarse en un solo pa\u00eds. La periodista \u00c9rika Paz decidi\u00f3 recorrerlo para conocer su gente, sus costumbres y tradiciones.<\/p>\n<p style=\"text-align: justify;\">Son episodios de 22 minutos para caminar por parajes de ensue\u00f1o, saborear comidas deliciosas, escuchar m\u00fasica t\u00edpica, divertirse con los juegos y conmoverse con la historia de los pobladores de cada regi\u00f3n.<\/p>\n<p>Es m\u00e1s que un bello programa tur\u00edstico, es una producci\u00f3n dedicada a ver el trabajo y el esfuerzo que se realiza <strong>Pueblo Adentro<\/strong>.<\/p>\n<p><img decoding=\"async\" loading=\"lazy\" class=\"alignnone wp-image-231431 size-full\" src=\"https:\/\/www.rctvinternational.com\/wp-content\/uploads\/2020\/04\/deberias-saber-que.jpg\" alt=\"\" width=\"265\" height=\"39\" \/><\/p>\n<p style=\"text-align: justify;\">Cada episodio de este programa muestra orgullosamente a Venezuela y alguno de sus\u00a0 territorios encantadores.\u00a0 Pero tambi\u00e9n nos ense\u00f1a \u00a0el\u00a0 trabajo de hombres y mujeres\u00a0 que puede estar en\u00a0 cualquier lugar de Latinoam\u00e9rica dando lo mejor de s\u00ed, para que a pesar de las circunstancias tengamos un mejor planeta.<\/p>\n<p>&nbsp;<\/p>\n<p>&nbsp;<\/p>","protected":false},"featured_media":233608,"template":"","meta":{"_et_pb_use_builder":"","_et_pb_old_content":"","_et_gb_content_width":""},"product_cat":[25],"product_tag":[572,570,571,567,569,568],"acf":[],"_links":{"self":[{"href":"http:\/\/3.144.191.25\/en\/wp-json\/wp\/v2\/product\/233607"}],"collection":[{"href":"http:\/\/3.144.191.25\/en\/wp-json\/wp\/v2\/product"}],"about":[{"href":"http:\/\/3.144.191.25\/en\/wp-json\/wp\/v2\/types\/product"}],"wp:featuredmedia":[{"embeddable":true,"href":"http:\/\/3.144.191.25\/en\/wp-json\/wp\/v2\/media\/233608"}],"wp:attachment":[{"href":"http:\/\/3.144.191.25\/en\/wp-json\/wp\/v2\/media?parent=233607"}],"wp:term":[{"taxonomy":"product_cat","embeddable":true,"href":"http:\/\/3.144.191.25\/en\/wp-json\/wp\/v2\/product_cat?post=233607"},{"taxonomy":"product_tag","embeddable":true,"href":"http:\/\/3.144.191.25\/en\/wp-json\/wp\/v2\/product_tag?post=233607"}],"curies":[{"name":"wp","href":"https:\/\/api.w.org\/{rel}","templated":true}]}}