{"id":233614,"date":"2018-03-21T16:56:05","date_gmt":"2018-03-21T16:56:05","guid":{"rendered":"http:\/\/www.rctvintl.com\/?post_type=product&#038;p=233614"},"modified":"2025-05-07T23:25:21","modified_gmt":"2025-05-07T23:25:21","slug":"por-todo-lo-alto","status":"publish","type":"product","link":"http:\/\/3.144.191.25\/en\/product\/por-todo-lo-alto\/","title":{"rendered":"Por Todo lo Alto"},"content":{"rendered":"<div style=\"width: 100%; min-height: 1px;\" id=\"vimeo-wc-video-6a022330896b4\" data-js=\"vimeo-wc-video\" data-atts=\"{&quot;autopause&quot;:&quot;true&quot;,&quot;autoplay&quot;:false,&quot;background&quot;:false,&quot;byline&quot;:&quot;true&quot;,&quot;color&quot;:&quot;none&quot;,&quot;controls&quot;:&quot;true&quot;,&quot;dnt&quot;:&quot;true&quot;,&quot;height&quot;:&quot;none&quot;,&quot;id&quot;:false,&quot;loop&quot;:false,&quot;maxheight&quot;:&quot;none&quot;,&quot;maxwidth&quot;:&quot;none&quot;,&quot;muted&quot;:false,&quot;pip&quot;:false,&quot;playsinline&quot;:&quot;true&quot;,&quot;portrait&quot;:&quot;true&quot;,&quot;quality&quot;:&quot;auto&quot;,&quot;responsive&quot;:&quot;true&quot;,&quot;speed&quot;:false,&quot;texttrack&quot;:&quot;none&quot;,&quot;title&quot;:&quot;true&quot;,&quot;transparent&quot;:true,&quot;url&quot;:&quot;https:\\\/\\\/vimeo.com\\\/672524323&quot;,&quot;width&quot;:&quot;none&quot;}\"><\/div>\n<p>&nbsp;<\/p>","protected":false},"excerpt":{"rendered":"<p><img decoding=\"async\" loading=\"lazy\" class=\"alignnone size-medium wp-image-233828\" src=\"http:\/\/www.rctvinternational.com\/wp-content\/uploads\/2022\/03\/Claqueta_PorTodoLoAlto_2022-11-229x300.png\" alt=\"\" width=\"229\" height=\"300\" \/><\/p>\n<p><img decoding=\"async\" loading=\"lazy\" class=\"alignnone wp-image-232350 size-full\" src=\"http:\/\/www.rctvinternational.com\/wp-content\/uploads\/2020\/10\/Sinopsis.png\" alt=\"\" width=\"125\" height=\"57\" \/><\/p>\n<p style=\"text-align: justify;\">Tres mujeres, muy diferentes, intentan abrirse paso en un ambiente dominado por los hombres. Anabella Marcano (<strong>Marianela Gonz\u00e1lez<\/strong>) trabaja como azafata en la Aerol\u00ednea Alas del Caribe, pero sue\u00f1a con ser piloto de una aeronave, al igual que su difunto padre, quien muri\u00f3 en un accidente en extra\u00f1as circunstancias. Aunque ya tiene novio, ser\u00e1 pretendida por Rub\u00e9n Alegr\u00eda (<strong>Winston Vallenilla<\/strong>), un aspirante a piloto. A pesar de los pocos recursos econ\u00f3micos que tiene, cuenta con el apoyo de su familia para abrirse campo en un mundo tan competitivo.<\/p>\n<p style=\"text-align: justify;\">Morana (<strong>Roxana D\u00edaz<\/strong>) es una mujer de recio car\u00e1cter, jefe de azafatas de Alas del Caribe, cuyo \u00fanico objetivo es llegar al tope del poder. Ella sostiene una relaci\u00f3n amorosa con Ignacio Urquiaga, due\u00f1o de la aerol\u00ednea rival, Lince. Para acabar con la competencia, Morana utiliza sin escr\u00fapulos a Enrique \u00c1lvarez (<strong>Sandro Finoglio<\/strong>), un piloto instructor competente y respetado, quien est\u00e1 ciegamente enamorado de ella.<\/p>\n<p style=\"text-align: justify;\">Dulce Mar\u00eda (<strong>\u00c1mbar D\u00edaz<\/strong>) es la tercera protagonista, tambi\u00e9n le gustan los aviones, pero se interesa m\u00e1s en sus componentes y en mantenerlos en perfecto estado. Ella trabaja en los talleres de la Aerol\u00ednea Lince. Por su aspecto, un tanto descuidado, pasa desapercibida, en especial para Alcides Urquiaga, (<strong>Jer\u00f3nimo Gil<\/strong>), hijo del due\u00f1o de la compa\u00f1\u00eda, conocido por sus andanzas con diversas damas.<\/p>\n<p style=\"text-align: justify;\">La pasi\u00f3n de Alcides es la m\u00fasica, pero su padre Ignacio Urquiaga quiere que siga sus pasos y se convierta en un experto piloto, aunque desconoce que su hijo sufre de v\u00e9rtigo.<\/p>\n<p style=\"text-align: justify;\">Estas tres mujeres intentar\u00e1n llegar a lo m\u00e1s alto de este medio turbulento de la aviaci\u00f3n, la competencia, la aventura y el romance.<\/p>\n<p style=\"text-align: justify;\"><img decoding=\"async\" loading=\"lazy\" class=\"alignnone wp-image-231431 size-full\" src=\"http:\/\/www.rctvinternational.com\/wp-content\/uploads\/2020\/04\/deberias-saber-que.jpg\" alt=\"\" width=\"265\" height=\"39\" \/><\/p>\n<p style=\"text-align: justify;\">Por todo lo alto, es una telenovela narrada con mucho humor y salsa que mantuvo un excelente rendimiento de rating y <em>share<\/em> en Venezuela. Actualmente, se encuentra en plataformas de streaming como Tubi TV y Vix.<\/p>\n<p>&nbsp;<\/p>","protected":false},"featured_media":233827,"template":"","meta":{"_et_pb_use_builder":"","_et_pb_old_content":"","_et_gb_content_width":""},"product_cat":[23],"product_tag":[390,553,555,251,554],"acf":[],"_links":{"self":[{"href":"http:\/\/3.144.191.25\/en\/wp-json\/wp\/v2\/product\/233614"}],"collection":[{"href":"http:\/\/3.144.191.25\/en\/wp-json\/wp\/v2\/product"}],"about":[{"href":"http:\/\/3.144.191.25\/en\/wp-json\/wp\/v2\/types\/product"}],"wp:featuredmedia":[{"embeddable":true,"href":"http:\/\/3.144.191.25\/en\/wp-json\/wp\/v2\/media\/233827"}],"wp:attachment":[{"href":"http:\/\/3.144.191.25\/en\/wp-json\/wp\/v2\/media?parent=233614"}],"wp:term":[{"taxonomy":"product_cat","embeddable":true,"href":"http:\/\/3.144.191.25\/en\/wp-json\/wp\/v2\/product_cat?post=233614"},{"taxonomy":"product_tag","embeddable":true,"href":"http:\/\/3.144.191.25\/en\/wp-json\/wp\/v2\/product_tag?post=233614"}],"curies":[{"name":"wp","href":"https:\/\/api.w.org\/{rel}","templated":true}]}}