{"id":233707,"date":"2019-05-03T15:13:23","date_gmt":"2019-05-03T15:13:23","guid":{"rendered":"http:\/\/www.rctvinternational.com\/?post_type=product&#038;p=233707"},"modified":"2025-05-07T23:19:22","modified_gmt":"2025-05-07T23:19:22","slug":"mis-3-hermanas-2","status":"publish","type":"product","link":"http:\/\/3.144.191.25\/en\/product\/mis-3-hermanas-2\/","title":{"rendered":"Mis Tres Hermanas"},"content":{"rendered":"<p style=\"text-align: center;\"><div style=\"width: 100%; min-height: 1px;\" id=\"vimeo-wc-video-6a022346d2b5e\" data-js=\"vimeo-wc-video\" data-atts=\"{&quot;autopause&quot;:&quot;true&quot;,&quot;autoplay&quot;:false,&quot;background&quot;:false,&quot;byline&quot;:&quot;true&quot;,&quot;color&quot;:&quot;none&quot;,&quot;controls&quot;:&quot;true&quot;,&quot;dnt&quot;:&quot;true&quot;,&quot;height&quot;:&quot;none&quot;,&quot;id&quot;:false,&quot;loop&quot;:false,&quot;maxheight&quot;:&quot;none&quot;,&quot;maxwidth&quot;:&quot;none&quot;,&quot;muted&quot;:false,&quot;pip&quot;:false,&quot;playsinline&quot;:&quot;true&quot;,&quot;portrait&quot;:&quot;true&quot;,&quot;quality&quot;:&quot;auto&quot;,&quot;responsive&quot;:&quot;true&quot;,&quot;speed&quot;:false,&quot;texttrack&quot;:&quot;none&quot;,&quot;title&quot;:&quot;true&quot;,&quot;transparent&quot;:true,&quot;url&quot;:&quot;https:\\\/\\\/vimeo.com\\\/709677865&quot;,&quot;width&quot;:&quot;none&quot;}\"><\/div><\/p>\n<p>&nbsp;<\/p>\n<p>&nbsp;<\/p>","protected":false},"excerpt":{"rendered":"<p><img decoding=\"async\" loading=\"lazy\" class=\"alignnone size-medium wp-image-228253\" src=\"http:\/\/www.rctvinternational.com\/wp-content\/uploads\/2019\/09\/Mis-tres-hermanas-claqueta-01-01-01-01-275x300.png\" alt=\"\" width=\"275\" height=\"300\" \/><\/p>\n<p><img decoding=\"async\" loading=\"lazy\" class=\"alignnone size-full wp-image-232350\" src=\"http:\/\/www.rctvinternational.com\/wp-content\/uploads\/2020\/10\/Sinopsis.png\" alt=\"\" width=\"125\" height=\"57\" \/><\/p>\n<p>La temprana muerte de sus padres obliga al muy joven Augusto Estrada (<strong>Carlos Cruz<\/strong>) a encargarse de la crianza de sus<strong>\u00a0tres hermanas:<\/strong>\u00a0Lisa (<strong>Scarlet Ortiz<\/strong>),\u00a0Silvia (<strong>Dad D\u00e1ger<\/strong>) y Beatriz (<strong>Chantal Baudaux<\/strong>).<\/p>\n<p>A pesar de las dificultades, con el paso de los a\u00f1os, la familia sale adelante y cada uno de los Estrada enfrenta los problemas que la vida y el amor les pone en el camino.\u00a0<strong>Augusto<\/strong>\u00a0se casa perdidamente enamorado de Margarita (<strong>Roxana D\u00edaz<\/strong>), quien finge no poder embarazarse porque est\u00e1 encaprichada con otro hombre.<\/p>\n<p><strong>Lisa<\/strong>, la m\u00e1s estudiosa y aplicada de las hermanas, se encuentra concentrada totalmente en su carrera y se niega a cualquier relaci\u00f3n amorosa hasta que conoce a Santiago\u00a0(<strong>Ricardo \u00c1lamo<\/strong>), en medio de una acalorada discusi\u00f3n.<\/p>\n<p><strong>Silvia<\/strong>, la mayor de las hermanas, la apodan \u2018la generala\u2019 decide casarse con Carlos y tienen dos hijas.\u00a0<strong>Silvia<\/strong>\u00a0se convierte en el sost\u00e9n econ\u00f3mico de su hogar, mientras que su esposo, desempleado, cuida a las ni\u00f1as. La inversi\u00f3n de roles se convierte en un gran conflicto.<\/p>\n<p><strong>Beatriz<\/strong>, la m\u00e1s peque\u00f1a del clan, es estudiante de secundaria y se debate entre dos pretendientes: Francisco, tildado de maleante, pero de buenos sentimientos, y Roberto, un traficante de autos robados que trabaja en la pizzer\u00eda de su pap\u00e1 para evitar sospechas. Ella es el centro de atenci\u00f3n de sus hermanos.<\/p>\n<p>Mientras cada uno sortea las buenas y malas, una sorpresa del pasado remover\u00e1 sentimientos que\u00a0<strong>Augusto<\/strong>\u00a0y sus\u00a0<strong>3 hermanas<\/strong>\u00a0creyeron haber superado.<\/p>\n<p><img decoding=\"async\" loading=\"lazy\" class=\"alignnone size-full wp-image-231431\" src=\"http:\/\/www.rctvinternational.com\/wp-content\/uploads\/2020\/04\/deberias-saber-que.jpg\" alt=\"\" width=\"265\" height=\"39\" \/><\/p>\n<p>Luego del abrumador \u00e9xito obtenido en Latinoam\u00e9rica y Europa, esta producci\u00f3n de\u00a0<strong>RCTV<\/strong>\u00a0incursiona dentro del mercado africano y se apodera de la teleaudiencia en el\u00a0<em>prime time<\/em>\u00a0de lunes a viernes.<\/p>\n<p>Los cap\u00edtulos fueron repetidos en el horario vespertino de los s\u00e1bados. Fue un total \u00e9xito: Los telespectadores buscaban la oportunidad de ponerse al d\u00eda con las incidencias del dram\u00e1tico venezolano en transmisi\u00f3n de dos horas (de 3:00 pm a 5:00 pm).<\/p>","protected":false},"featured_media":233762,"template":"","meta":{"_et_pb_use_builder":"","_et_pb_old_content":"","_et_gb_content_width":""},"product_cat":[23],"product_tag":[250,264,253,56,249,251,252],"acf":[],"_links":{"self":[{"href":"http:\/\/3.144.191.25\/en\/wp-json\/wp\/v2\/product\/233707"}],"collection":[{"href":"http:\/\/3.144.191.25\/en\/wp-json\/wp\/v2\/product"}],"about":[{"href":"http:\/\/3.144.191.25\/en\/wp-json\/wp\/v2\/types\/product"}],"wp:featuredmedia":[{"embeddable":true,"href":"http:\/\/3.144.191.25\/en\/wp-json\/wp\/v2\/media\/233762"}],"wp:attachment":[{"href":"http:\/\/3.144.191.25\/en\/wp-json\/wp\/v2\/media?parent=233707"}],"wp:term":[{"taxonomy":"product_cat","embeddable":true,"href":"http:\/\/3.144.191.25\/en\/wp-json\/wp\/v2\/product_cat?post=233707"},{"taxonomy":"product_tag","embeddable":true,"href":"http:\/\/3.144.191.25\/en\/wp-json\/wp\/v2\/product_tag?post=233707"}],"curies":[{"name":"wp","href":"https:\/\/api.w.org\/{rel}","templated":true}]}}