{"id":233806,"date":"2020-11-01T20:58:58","date_gmt":"2020-11-01T20:58:58","guid":{"rendered":"http:\/\/www.rctvinternational.com\/?post_type=product&#038;p=233806"},"modified":"2024-05-28T20:11:27","modified_gmt":"2024-05-28T20:11:27","slug":"mochileros","status":"publish","type":"product","link":"http:\/\/3.144.191.25\/en\/product\/mochileros\/","title":{"rendered":"Mochileros"},"content":{"rendered":"<div style=\"width: 100%; min-height: 1px;\" id=\"vimeo-wc-video-6a022fc7dc0c7\" data-js=\"vimeo-wc-video\" data-atts=\"{&quot;autopause&quot;:&quot;true&quot;,&quot;autoplay&quot;:false,&quot;background&quot;:false,&quot;byline&quot;:&quot;true&quot;,&quot;color&quot;:&quot;none&quot;,&quot;controls&quot;:&quot;true&quot;,&quot;dnt&quot;:&quot;true&quot;,&quot;height&quot;:&quot;none&quot;,&quot;id&quot;:false,&quot;loop&quot;:false,&quot;maxheight&quot;:&quot;none&quot;,&quot;maxwidth&quot;:&quot;none&quot;,&quot;muted&quot;:false,&quot;pip&quot;:false,&quot;playsinline&quot;:&quot;true&quot;,&quot;portrait&quot;:&quot;true&quot;,&quot;quality&quot;:&quot;auto&quot;,&quot;responsive&quot;:&quot;true&quot;,&quot;speed&quot;:false,&quot;texttrack&quot;:&quot;none&quot;,&quot;title&quot;:&quot;true&quot;,&quot;transparent&quot;:true,&quot;url&quot;:&quot;https:\\\/\\\/vimeo.com\\\/696662254&quot;,&quot;width&quot;:&quot;none&quot;}\"><\/div>","protected":false},"excerpt":{"rendered":"<p><img decoding=\"async\" loading=\"lazy\" class=\"alignnone size-medium wp-image-233962\" src=\"http:\/\/www.rctvinternational.com\/wp-content\/uploads\/2022\/03\/Claquetas_2022-004-04-229x300.png\" alt=\"\" width=\"229\" height=\"300\" \/><\/p>\n<p><img decoding=\"async\" loading=\"lazy\" class=\"alignnone wp-image-232350 size-full\" src=\"http:\/\/www.rctvinternational.com\/wp-content\/uploads\/2020\/10\/Sinopsis.png\" alt=\"\" width=\"125\" height=\"57\" \/><\/p>\n<p>Viajar de Mochilero es una forma de hacer turismo independiente, por lo general de bajo costo y con los implementos m\u00ednimos necesarios a cuestas. Bajo esta filosof\u00eda mochilera se encuentra realizado este programa.<\/p>\n<p>Son recorridos a nuevos lugares, sin planes preconcebidos. \u00a0En ellos podr\u00e1s descubrir diversos rincones de Venezuela bajo la mirada fresca y din\u00e1mica de un tr\u00edo de j\u00f3venes que no le teme a lo inesperado.<\/p>\n<p>De viaje con Ara\u00ed, Adriana y Juan Manuel disfrutar\u00e1s de costumbres, tradiciones, mitos y leyendas de distintos poblados del pa\u00eds y de las enriquecedoras experiencias que da la convivencia en estas situaciones.<\/p>\n<p><strong>\u00a0<\/strong><\/p>\n<p><img decoding=\"async\" loading=\"lazy\" class=\"alignnone wp-image-231431 size-full\" src=\"http:\/\/www.rctvinternational.com\/wp-content\/uploads\/2020\/04\/deberias-saber-que.jpg\" alt=\"\" width=\"265\" height=\"39\" \/><\/p>\n<p>Mochileros comenz\u00f3 como un corto segmento dentro del bloque de la programaci\u00f3n vespertina de RCTV denominada <strong>La Merienda<\/strong>. Debido al \u00e9xito obtenido fue llevado a programa de media hora de televisi\u00f3n con un rotundo \u00e9xito.<\/p>\n<p>&nbsp;<\/p>\n<p>&nbsp;<\/p>","protected":false},"featured_media":233808,"template":"","meta":{"_et_pb_use_builder":"","_et_pb_old_content":"","_et_gb_content_width":""},"product_cat":[25],"product_tag":[],"acf":[],"_links":{"self":[{"href":"http:\/\/3.144.191.25\/en\/wp-json\/wp\/v2\/product\/233806"}],"collection":[{"href":"http:\/\/3.144.191.25\/en\/wp-json\/wp\/v2\/product"}],"about":[{"href":"http:\/\/3.144.191.25\/en\/wp-json\/wp\/v2\/types\/product"}],"wp:featuredmedia":[{"embeddable":true,"href":"http:\/\/3.144.191.25\/en\/wp-json\/wp\/v2\/media\/233808"}],"wp:attachment":[{"href":"http:\/\/3.144.191.25\/en\/wp-json\/wp\/v2\/media?parent=233806"}],"wp:term":[{"taxonomy":"product_cat","embeddable":true,"href":"http:\/\/3.144.191.25\/en\/wp-json\/wp\/v2\/product_cat?post=233806"},{"taxonomy":"product_tag","embeddable":true,"href":"http:\/\/3.144.191.25\/en\/wp-json\/wp\/v2\/product_tag?post=233806"}],"curies":[{"name":"wp","href":"https:\/\/api.w.org\/{rel}","templated":true}]}}