{"id":233836,"date":"2019-04-20T15:54:25","date_gmt":"2019-04-20T15:54:25","guid":{"rendered":"http:\/\/www.rctvinternational.com\/?post_type=product&#038;p=233836"},"modified":"2025-03-27T15:30:50","modified_gmt":"2025-03-27T15:30:50","slug":"expedicion","status":"publish","type":"product","link":"http:\/\/3.144.191.25\/en\/product\/expedicion\/","title":{"rendered":"Expedici\u00f3n"},"content":{"rendered":"<div style=\"width: 100%; min-height: 1px;\" id=\"vimeo-wc-video-6a020abd03a12\" data-js=\"vimeo-wc-video\" data-atts=\"{&quot;autopause&quot;:&quot;true&quot;,&quot;autoplay&quot;:false,&quot;background&quot;:false,&quot;byline&quot;:&quot;true&quot;,&quot;color&quot;:&quot;none&quot;,&quot;controls&quot;:&quot;true&quot;,&quot;dnt&quot;:&quot;true&quot;,&quot;height&quot;:&quot;none&quot;,&quot;id&quot;:false,&quot;loop&quot;:false,&quot;maxheight&quot;:&quot;none&quot;,&quot;maxwidth&quot;:&quot;none&quot;,&quot;muted&quot;:false,&quot;pip&quot;:false,&quot;playsinline&quot;:&quot;true&quot;,&quot;portrait&quot;:&quot;true&quot;,&quot;quality&quot;:&quot;auto&quot;,&quot;responsive&quot;:&quot;true&quot;,&quot;speed&quot;:false,&quot;texttrack&quot;:&quot;none&quot;,&quot;title&quot;:&quot;true&quot;,&quot;transparent&quot;:true,&quot;url&quot;:&quot;https:\\\/\\\/vimeo.com\\\/683948909&quot;,&quot;width&quot;:&quot;none&quot;}\"><\/div>","protected":false},"excerpt":{"rendered":"<p><img decoding=\"async\" loading=\"lazy\" class=\"alignnone size-medium wp-image-234710\" src=\"http:\/\/www.rctvinternational.com\/wp-content\/uploads\/2019\/04\/Claquetas_Expediciom_2022-08-291x300.png\" alt=\"\" width=\"291\" height=\"300\" \/><\/p>\n<p><img decoding=\"async\" loading=\"lazy\" class=\"alignnone wp-image-232350 size-full\" src=\"http:\/\/www.rctvinternational.com\/wp-content\/uploads\/2020\/10\/Sinopsis.png\" alt=\"\" width=\"125\" height=\"57\" \/><\/p>\n<p style=\"text-align: justify;\"><strong>Expedici\u00f3n <\/strong>es una serie documental dedicada a mostrar la diversidad ambiental y el cuidado de los ecosistemas en Am\u00e9rica. Nace con el objetivo de fomentar el desarrollo de la conciencia ecol\u00f3gica de la audiencia, dando a conocer, la riqueza extraordinaria de la flora y fauna-principalmente venezolana, la cual siempre se ha caracterizado por su llamativa variedad-.<\/p>\n<p style=\"text-align: justify;\">A partir del inter\u00e9s por mostrar la calidad de la biodiversidad y la necesidad de su preservaci\u00f3n, cada episodio hace un valioso aporte al turismo continental y documenta lugares de dif\u00edcil acceso en diversos lugares de Am\u00e9rica.<\/p>\n<p style=\"text-align: justify;\">Son recorridos llenos de aventura que invitan a conocer los p\u00e1ramos tropicales, pasando por la selva amaz\u00f3nica, la inmensidad del oc\u00e9ano Atl\u00e1ntico o la conexi\u00f3n fluvial desde el r\u00edo de la Plata, pasando por el Amazonas, hasta llegar al Orinoco. Los misterios de La isla Gal\u00e1pagos o la peligrosa selva Dari\u00e9n o la exploraci\u00f3n del lugar m\u00e1s antiguo del planeta: El macizo guayan\u00e9s, son algunas de las traves\u00edas que se pueden disfrutar.<\/p>\n<p><img decoding=\"async\" loading=\"lazy\" class=\"alignnone wp-image-231431 size-full\" src=\"http:\/\/www.rctvinternational.com\/wp-content\/uploads\/2020\/04\/deberias-saber-que.jpg\" alt=\"\" width=\"265\" height=\"39\" \/><\/p>\n<p style=\"text-align: justify;\"><strong>Expedici\u00f3n<\/strong> hizo de <strong>RCTV<\/strong> el canal pionero, entre los medios privados de Venezuela, en producir programas de tipo documental, relacionados con la exploraci\u00f3n de la naturaleza. Sus interesantes filmaciones hicieron que el canal de televisi\u00f3n por suscripci\u00f3n estadounidense, Discovery Channel, adquiriera esta serie para agregarla a su programaci\u00f3n.<\/p>\n<p style=\"text-align: justify;\">Los premios y reconocimientos para esta producci\u00f3n llegaron desde diversos pa\u00edses.<\/p>","protected":false},"featured_media":234050,"template":"","meta":{"_et_pb_use_builder":"","_et_pb_old_content":"","_et_gb_content_width":""},"product_cat":[27],"product_tag":[],"acf":[],"_links":{"self":[{"href":"http:\/\/3.144.191.25\/en\/wp-json\/wp\/v2\/product\/233836"}],"collection":[{"href":"http:\/\/3.144.191.25\/en\/wp-json\/wp\/v2\/product"}],"about":[{"href":"http:\/\/3.144.191.25\/en\/wp-json\/wp\/v2\/types\/product"}],"wp:featuredmedia":[{"embeddable":true,"href":"http:\/\/3.144.191.25\/en\/wp-json\/wp\/v2\/media\/234050"}],"wp:attachment":[{"href":"http:\/\/3.144.191.25\/en\/wp-json\/wp\/v2\/media?parent=233836"}],"wp:term":[{"taxonomy":"product_cat","embeddable":true,"href":"http:\/\/3.144.191.25\/en\/wp-json\/wp\/v2\/product_cat?post=233836"},{"taxonomy":"product_tag","embeddable":true,"href":"http:\/\/3.144.191.25\/en\/wp-json\/wp\/v2\/product_tag?post=233836"}],"curies":[{"name":"wp","href":"https:\/\/api.w.org\/{rel}","templated":true}]}}