{"id":233863,"date":"2019-12-31T16:59:35","date_gmt":"2019-12-31T16:59:35","guid":{"rendered":"http:\/\/www.rctvinternational.com\/?post_type=product&#038;p=233863"},"modified":"2025-05-08T00:34:09","modified_gmt":"2025-05-08T00:34:09","slug":"los-amores-de-anita-pena","status":"publish","type":"product","link":"http:\/\/3.144.191.25\/en\/product\/los-amores-de-anita-pena\/","title":{"rendered":"Los Amores De Anita Pe\u00f1a"},"content":{"rendered":"<div style=\"width: 100%; min-height: 1px;\" id=\"vimeo-wc-video-6a022fb8b17a6\" data-js=\"vimeo-wc-video\" data-atts=\"{&quot;autopause&quot;:&quot;true&quot;,&quot;autoplay&quot;:false,&quot;background&quot;:false,&quot;byline&quot;:&quot;true&quot;,&quot;color&quot;:&quot;none&quot;,&quot;controls&quot;:&quot;true&quot;,&quot;dnt&quot;:&quot;true&quot;,&quot;height&quot;:&quot;none&quot;,&quot;id&quot;:false,&quot;loop&quot;:false,&quot;maxheight&quot;:&quot;none&quot;,&quot;maxwidth&quot;:&quot;none&quot;,&quot;muted&quot;:false,&quot;pip&quot;:false,&quot;playsinline&quot;:&quot;true&quot;,&quot;portrait&quot;:&quot;true&quot;,&quot;quality&quot;:&quot;auto&quot;,&quot;responsive&quot;:&quot;true&quot;,&quot;speed&quot;:false,&quot;texttrack&quot;:&quot;none&quot;,&quot;title&quot;:&quot;true&quot;,&quot;transparent&quot;:true,&quot;url&quot;:&quot;https:\\\/\\\/vimeo.com\\\/672523794&quot;,&quot;width&quot;:&quot;none&quot;}\"><\/div>\n<p>&nbsp;<\/p>","protected":false},"excerpt":{"rendered":"<p><img decoding=\"async\" loading=\"lazy\" class=\"alignnone size-medium wp-image-237045\" src=\"https:\/\/www.rctvinternational.com\/wp-content\/uploads\/2019\/12\/Claqueta-los-amores-de-anita-pena-239x300.png\" alt=\"\" width=\"239\" height=\"300\" \/><\/p>\n<p><img decoding=\"async\" loading=\"lazy\" class=\"alignnone size-full wp-image-232350\" src=\"http:\/\/www.rctvinternational.com\/wp-content\/uploads\/2020\/10\/Sinopsis.png\" alt=\"\" width=\"125\" height=\"57\" \/><\/p>\n<p>Anita\u00a0Pe\u00f1a <strong>(Marialejandra Mart\u00edn)<\/strong>\u00a0se traslada a la capital para encontrar a su hijo perdido y para poner a prueba sus supuestos dotes de cantante y as\u00ed alcanzar el \u00e9xito. Se hospeda en una vieja pensi\u00f3n donde viven dos hermanos gemelos <strong>(Franklin Virg\u00fcez)<\/strong>, uno es un honrado pescador, el otro un estafador habilidoso.<\/p>\n<p>Anita\u00a0se enamora del trabajador honesto. Sin embargo, no dejar\u00e1n de suscitarse confusiones y c\u00f3micos enredos por su extraordinario parecido. Mientras que se dar\u00e1n otras hilarantes situaciones debido a la aparici\u00f3n de un fantasma que habita en la vieja casa de hospedajes.<\/p>\n<p>Por otra parte, esta protagonista, a la que le cuesta mantenerse en silencio, es un im\u00e1n para las calamidades, y justamente en medio de ellas, encuentra a su padre, un millonario extranjero, pr\u00f3fugo de la justicia con d\u00e9cadas en el pa\u00eds. As\u00ed que deja la humilde pensi\u00f3n y se va a vivir a la mansi\u00f3n de su reci\u00e9n descubierto progenitor. La mudanza no ser\u00e1 impedimento para que sigan pasando situaciones muy divertidas.<\/p>\n<p>&nbsp;<\/p>\n<p><img decoding=\"async\" loading=\"lazy\" class=\"alignnone wp-image-231431 size-full\" src=\"http:\/\/www.rctvinternational.com\/wp-content\/uploads\/2020\/04\/deberias-saber-que.jpg\" alt=\"\" width=\"265\" height=\"39\" \/><\/p>\n<p>&nbsp;<\/p>\n<p>Esta producci\u00f3n, con toques de fantas\u00eda y mucho humor,\u00a0 fue ideada como una serie corta de 12 episodios; pero, el \u00e9xito y el inter\u00e9s que despert\u00f3 en el p\u00fablico hizo que fuese extendida a 180 cap\u00edtulos.<\/p>","protected":false},"featured_media":233961,"template":"","meta":{"_et_pb_use_builder":"","_et_pb_old_content":"","_et_gb_content_width":""},"product_cat":[22],"product_tag":[],"acf":[],"_links":{"self":[{"href":"http:\/\/3.144.191.25\/en\/wp-json\/wp\/v2\/product\/233863"}],"collection":[{"href":"http:\/\/3.144.191.25\/en\/wp-json\/wp\/v2\/product"}],"about":[{"href":"http:\/\/3.144.191.25\/en\/wp-json\/wp\/v2\/types\/product"}],"wp:featuredmedia":[{"embeddable":true,"href":"http:\/\/3.144.191.25\/en\/wp-json\/wp\/v2\/media\/233961"}],"wp:attachment":[{"href":"http:\/\/3.144.191.25\/en\/wp-json\/wp\/v2\/media?parent=233863"}],"wp:term":[{"taxonomy":"product_cat","embeddable":true,"href":"http:\/\/3.144.191.25\/en\/wp-json\/wp\/v2\/product_cat?post=233863"},{"taxonomy":"product_tag","embeddable":true,"href":"http:\/\/3.144.191.25\/en\/wp-json\/wp\/v2\/product_tag?post=233863"}],"curies":[{"name":"wp","href":"https:\/\/api.w.org\/{rel}","templated":true}]}}