{"id":233891,"date":"2019-09-06T01:28:31","date_gmt":"2019-09-06T01:28:31","guid":{"rendered":"http:\/\/rctvinternational.com\/?post_type=product&#038;p=233891"},"modified":"2025-05-07T23:04:38","modified_gmt":"2025-05-07T23:04:38","slug":"mujer-con-pantalones","status":"publish","type":"product","link":"http:\/\/3.144.191.25\/en\/product\/mujer-con-pantalones\/","title":{"rendered":"Mujer Con Pantalones"},"content":{"rendered":"<div style=\"width: 100%; min-height: 1px;\" id=\"vimeo-wc-video-6a023ec68f060\" data-js=\"vimeo-wc-video\" data-atts=\"{&quot;autopause&quot;:&quot;true&quot;,&quot;autoplay&quot;:false,&quot;background&quot;:false,&quot;byline&quot;:&quot;true&quot;,&quot;color&quot;:&quot;none&quot;,&quot;controls&quot;:&quot;true&quot;,&quot;dnt&quot;:&quot;true&quot;,&quot;height&quot;:&quot;none&quot;,&quot;id&quot;:false,&quot;loop&quot;:false,&quot;maxheight&quot;:&quot;none&quot;,&quot;maxwidth&quot;:&quot;none&quot;,&quot;muted&quot;:false,&quot;pip&quot;:false,&quot;playsinline&quot;:&quot;true&quot;,&quot;portrait&quot;:&quot;true&quot;,&quot;quality&quot;:&quot;auto&quot;,&quot;responsive&quot;:&quot;true&quot;,&quot;speed&quot;:false,&quot;texttrack&quot;:&quot;none&quot;,&quot;title&quot;:&quot;true&quot;,&quot;transparent&quot;:true,&quot;url&quot;:&quot;https:\\\/\\\/vimeo.com\\\/694599715&quot;,&quot;width&quot;:&quot;none&quot;}\"><\/div>\n<p>&nbsp;<\/p>","protected":false},"excerpt":{"rendered":"<p><img decoding=\"async\" loading=\"lazy\" class=\"alignnone size-medium wp-image-233910\" src=\"http:\/\/www.rctvinternational.com\/wp-content\/uploads\/2022\/03\/Claquetas_2022-13-229x300.png\" alt=\"\" width=\"229\" height=\"300\" \/><\/p>\n<p><img decoding=\"async\" loading=\"lazy\" class=\"alignnone wp-image-232350 size-full\" src=\"http:\/\/www.rctvinternational.com\/wp-content\/uploads\/2020\/10\/Sinopsis.png\" alt=\"\" width=\"125\" height=\"57\" \/><\/p>\n<p style=\"text-align: justify;\">Micel (<strong>Marlene de Andrade<\/strong>) se propone proteger el legado familiar y descubrir quien intenta arruinarlo. As\u00ed que decide asumir una identidad secreta para infiltrarse en la f\u00e1brica de su padre y desenmascarar a quien lidera el complot.<\/p>\n<p style=\"text-align: justify;\">Bajo el nombre de Mar\u00eda Su\u00e1rez, como una empleada m\u00e1s, llega a la procesadora Aceites Torrevega sin que nadie sospeche que en realidad es la hija del due\u00f1o. All\u00ed conocer\u00e1 a tres hombres que cambiar\u00e1n su vida para siempre: Juan Jos\u00e9 Rond\u00f3n (<strong>Wiston Vallenilla<\/strong>), Neptal\u00ed Moreno (<strong>Alfonso Medina<\/strong>) y Salvador Diego Vega (<strong>Mark Tacher<\/strong>). Con ellos aprender\u00e1 tres formas distintas de vivir la vida, y tambi\u00e9n el amor.<\/p>\n<p style=\"text-align: justify;\">Entre estos galanes destaca Salvador, interpretado por el talentoso actor mexicano <strong>Mark Tacher<\/strong><strong>, <\/strong>que ser\u00e1 cautivado inmediatamente por Micel.<\/p>\n<p style=\"text-align: justify;\">Salvador es un hombre distinguido, cautivador y con un halo de misterio que resulta encantador. Su relaci\u00f3n con Micel se tornar\u00e1 en amor, pues esta afinidad, casi espont\u00e1nea, parece estar destinada a la mayor complicidad y atracci\u00f3n.<\/p>\n<p style=\"text-align: justify;\">A lo largo de la trama, los problemas se intensificar\u00e1n y saldr\u00e1n a la luz delitos que van desde el desfalco, la estafa, la extorsi\u00f3n, hasta el asesinato.\u00a0 Finalmente, Micel confirmar\u00e1 una terrible y dolorosa sospecha: su hermano Vlad\u00edmir es el principal traidor y asesino.<\/p>\n<p style=\"text-align: justify;\">Esta es la historia de una mujer no dudar\u00e1 en buscar justicia, con una tenacidad natural incansable. Micel sufrir\u00e1 una importante transformaci\u00f3n que la convertir\u00e1 en lo que siempre quiso ser: una mujer con pantalones.<\/p>\n<p><img decoding=\"async\" loading=\"lazy\" class=\"alignnone wp-image-231431 size-full\" src=\"http:\/\/www.rctvinternational.com\/wp-content\/uploads\/2020\/04\/deberias-saber-que.jpg\" alt=\"\" width=\"265\" height=\"39\" \/><\/p>\n<p style=\"text-align: justify;\">Esta telenovela es una idea original del admirado escritor Julio C\u00e9sar M\u00e1rmol, la cual fue desarrollada y escrita por su hijo, Julio C\u00e9sar M\u00e1rmol hijo.<\/p>\n<p style=\"text-align: justify;\">En su grabaci\u00f3n se incluyen escenarios de absoluta belleza como el campo de girasoles ubicado en Dakota del Norte, Estados Unidos. Sus paisajes llenos de exotismo lucen en un trabajo de fotograf\u00eda estupendo.<\/p>","protected":false},"featured_media":233909,"template":"","meta":{"_et_pb_use_builder":"","_et_pb_old_content":"","_et_gb_content_width":""},"product_cat":[23],"product_tag":[585,581,582,84,579,583,580,268],"acf":[],"_links":{"self":[{"href":"http:\/\/3.144.191.25\/en\/wp-json\/wp\/v2\/product\/233891"}],"collection":[{"href":"http:\/\/3.144.191.25\/en\/wp-json\/wp\/v2\/product"}],"about":[{"href":"http:\/\/3.144.191.25\/en\/wp-json\/wp\/v2\/types\/product"}],"wp:featuredmedia":[{"embeddable":true,"href":"http:\/\/3.144.191.25\/en\/wp-json\/wp\/v2\/media\/233909"}],"wp:attachment":[{"href":"http:\/\/3.144.191.25\/en\/wp-json\/wp\/v2\/media?parent=233891"}],"wp:term":[{"taxonomy":"product_cat","embeddable":true,"href":"http:\/\/3.144.191.25\/en\/wp-json\/wp\/v2\/product_cat?post=233891"},{"taxonomy":"product_tag","embeddable":true,"href":"http:\/\/3.144.191.25\/en\/wp-json\/wp\/v2\/product_tag?post=233891"}],"curies":[{"name":"wp","href":"https:\/\/api.w.org\/{rel}","templated":true}]}}