{"id":234005,"date":"2019-09-06T10:21:24","date_gmt":"2019-09-06T10:21:24","guid":{"rendered":"http:\/\/www.rctvinternational.com\/?post_type=product&#038;p=234005"},"modified":"2025-05-07T23:06:29","modified_gmt":"2025-05-07T23:06:29","slug":"amor-a-palos","status":"publish","type":"product","link":"http:\/\/3.144.191.25\/en\/product\/amor-a-palos\/","title":{"rendered":"Amor A Palos"},"content":{"rendered":"<div style=\"width: 100%; min-height: 1px;\" id=\"vimeo-wc-video-6a02224398119\" data-js=\"vimeo-wc-video\" data-atts=\"{&quot;autopause&quot;:&quot;true&quot;,&quot;autoplay&quot;:false,&quot;background&quot;:false,&quot;byline&quot;:&quot;true&quot;,&quot;color&quot;:&quot;none&quot;,&quot;controls&quot;:&quot;true&quot;,&quot;dnt&quot;:&quot;true&quot;,&quot;height&quot;:&quot;none&quot;,&quot;id&quot;:false,&quot;loop&quot;:false,&quot;maxheight&quot;:&quot;none&quot;,&quot;maxwidth&quot;:&quot;none&quot;,&quot;muted&quot;:false,&quot;pip&quot;:false,&quot;playsinline&quot;:&quot;true&quot;,&quot;portrait&quot;:&quot;true&quot;,&quot;quality&quot;:&quot;auto&quot;,&quot;responsive&quot;:&quot;true&quot;,&quot;speed&quot;:false,&quot;texttrack&quot;:&quot;none&quot;,&quot;title&quot;:&quot;true&quot;,&quot;transparent&quot;:true,&quot;url&quot;:&quot;https:\\\/\\\/vimeo.com\\\/790162940&quot;,&quot;width&quot;:&quot;none&quot;}\"><\/div>\n<p>&nbsp;<\/p>","protected":false},"excerpt":{"rendered":"<p><img decoding=\"async\" loading=\"lazy\" class=\"alignnone size-medium wp-image-234042\" src=\"http:\/\/www.rctvinternational.com\/wp-content\/uploads\/2022\/04\/Amor_a_palos_Claquetas_2022-15-229x300.png\" alt=\"\" width=\"229\" height=\"300\" \/><\/p>\n<p><img decoding=\"async\" loading=\"lazy\" class=\"alignnone size-full wp-image-232350\" src=\"http:\/\/www.rctvinternational.com\/wp-content\/uploads\/2020\/10\/Sinopsis.png\" alt=\"\" width=\"125\" height=\"57\" \/><\/p>\n<p style=\"text-align: justify;\">Ana Jes\u00fas Amaral <strong>(Norkys Batista)<\/strong> tiene su atenci\u00f3n enfocada en sus estudios para ser abogada, sus principios morales la definen y gu\u00edan su vida. Su vida cambia cuando tiene que colaborar en el caso de una famosa periodista, Patricia Lara. El asunto legal es de car\u00e1cter marital y para Ana se convierte en una verdadera causa por la cual luchar.<\/p>\n<p style=\"text-align: justify;\">As\u00ed se encuentra a Juan Marco Coronel <strong>(Luciano D&#8217;Alessandro)<\/strong>, alguien que conoce muy bien y a quien am\u00f3 en su ni\u00f1ez; \u00e9l es ahora abogado y representa al esposo de Patricia Lara. Como sucede con los grandes amores de la infancia, tras el reencuentro se dar\u00e1n cuenta de que a\u00fan quedan huellas de ese amor que se alimenta de recuerdos.<\/p>\n<p style=\"text-align: justify;\">Ana Jes\u00fas lucha fervientemente por defender la dignidad de las mujeres. En tanto que, Juan Marco, es un completo mujeriego que hizo una apuesta con un amigo: conquistar 70 mujeres en un a\u00f1o a cambio de una gran suma de dinero.\u00a0 As\u00ed que Ana se convierte en su v\u00edctima n\u00famero 70, no obstante, hay un problema\u2026 \u00e9l no cuenta con enamorarse de ella, menos a\u00fan con que la joven quede embarazada.<\/p>\n<p style=\"text-align: justify;\">En paralelo, tres mujeres luchar\u00e1n por conseguir al &#8216;hombre ideal&#8217;. Magdalena, a sus treinta, encontrar\u00e1 un nuevo amor tras descubrir las infidelidades de su esposo; Virginia, soltera a sus 40, encontrar\u00e1 finalmente al hombre con quien tener hijos y Greta, una adolescente que intentar\u00e1 cambiar la vida que le ha planificado su adinerada\u00a0\u00a0familia, con un joven humilde y ya comprometido.<\/p>\n<p style=\"text-align: justify;\">Pese a las calumnias y sinverg\u00fcenzuras que nuestra aguerrida protagonista encuentra en el gal\u00e1n, consigue motivar, con su ejemplar comportamiento y sincero afecto, la transformaci\u00f3n emocional y mental de su amado. Este amor a palos har\u00e1 que se manifieste la mejor versi\u00f3n de cada hombre merecedor de una gran y exitosa mujer.<\/p>\n<p style=\"text-align: justify;\"><img decoding=\"async\" loading=\"lazy\" class=\"alignnone wp-image-231431 size-full\" src=\"http:\/\/www.rctvinternational.com\/wp-content\/uploads\/2020\/04\/deberias-saber-que.jpg\" alt=\"\" width=\"265\" height=\"39\" \/><\/p>\n<p>La protagonista, Ana de Jes\u00fas, es interpretada por Norkys Batista, qui\u00e9n realmente qued\u00f3 embarazada en el transcurso de la grabaci\u00f3n de los primeros cap\u00edtulos de la telenovela. Durante su transmisi\u00f3n en Venezuela, el cap\u00edtulo con m\u00e1s rating, fue el del parto de la talentosa actriz.<\/p>\n<p><strong>Amor a palos\u00a0<\/strong>ha sido transmitida en m\u00e1s de 20 pa\u00edses con mucho \u00e9xito.<\/p>","protected":false},"featured_media":234006,"template":"","meta":{"_et_pb_use_builder":"","_et_pb_old_content":"","_et_gb_content_width":""},"product_cat":[23],"product_tag":[],"acf":[],"_links":{"self":[{"href":"http:\/\/3.144.191.25\/en\/wp-json\/wp\/v2\/product\/234005"}],"collection":[{"href":"http:\/\/3.144.191.25\/en\/wp-json\/wp\/v2\/product"}],"about":[{"href":"http:\/\/3.144.191.25\/en\/wp-json\/wp\/v2\/types\/product"}],"wp:featuredmedia":[{"embeddable":true,"href":"http:\/\/3.144.191.25\/en\/wp-json\/wp\/v2\/media\/234006"}],"wp:attachment":[{"href":"http:\/\/3.144.191.25\/en\/wp-json\/wp\/v2\/media?parent=234005"}],"wp:term":[{"taxonomy":"product_cat","embeddable":true,"href":"http:\/\/3.144.191.25\/en\/wp-json\/wp\/v2\/product_cat?post=234005"},{"taxonomy":"product_tag","embeddable":true,"href":"http:\/\/3.144.191.25\/en\/wp-json\/wp\/v2\/product_tag?post=234005"}],"curies":[{"name":"wp","href":"https:\/\/api.w.org\/{rel}","templated":true}]}}