{"id":234010,"date":"2019-04-26T15:13:43","date_gmt":"2019-04-26T15:13:43","guid":{"rendered":"http:\/\/www.rctvinternational.com\/?post_type=product&#038;p=234010"},"modified":"2024-05-28T19:42:32","modified_gmt":"2024-05-28T19:42:32","slug":"esto-es-lo-que-hay","status":"publish","type":"product","link":"http:\/\/3.144.191.25\/en\/product\/esto-es-lo-que-hay\/","title":{"rendered":"Esto Es Lo Que Hay"},"content":{"rendered":"<p style=\"text-align: center;\"><div style=\"width: 100%; min-height: 1px;\" id=\"vimeo-wc-video-6a020b5e53cb4\" data-js=\"vimeo-wc-video\" data-atts=\"{&quot;autopause&quot;:&quot;true&quot;,&quot;autoplay&quot;:false,&quot;background&quot;:false,&quot;byline&quot;:&quot;true&quot;,&quot;color&quot;:&quot;none&quot;,&quot;controls&quot;:&quot;true&quot;,&quot;dnt&quot;:&quot;true&quot;,&quot;height&quot;:&quot;none&quot;,&quot;id&quot;:false,&quot;loop&quot;:false,&quot;maxheight&quot;:&quot;none&quot;,&quot;maxwidth&quot;:&quot;none&quot;,&quot;muted&quot;:false,&quot;pip&quot;:false,&quot;playsinline&quot;:&quot;true&quot;,&quot;portrait&quot;:&quot;true&quot;,&quot;quality&quot;:&quot;auto&quot;,&quot;responsive&quot;:&quot;true&quot;,&quot;speed&quot;:false,&quot;texttrack&quot;:&quot;none&quot;,&quot;title&quot;:&quot;true&quot;,&quot;transparent&quot;:true,&quot;url&quot;:&quot;https:\\\/\\\/vimeo.com\\\/696542343&quot;,&quot;width&quot;:&quot;none&quot;}\"><\/div><\/p>\n<p>&nbsp;<\/p>\n<p>&nbsp;<\/p>","protected":false},"excerpt":{"rendered":"<p><img decoding=\"async\" loading=\"lazy\" class=\"alignnone size-medium wp-image-234041\" src=\"http:\/\/www.rctvinternational.com\/wp-content\/uploads\/2022\/04\/Esto_es_lo_que_hay_Claquetas_2022-14-229x300.png\" alt=\"\" width=\"229\" height=\"300\" \/><\/p>\n<p><img decoding=\"async\" loading=\"lazy\" class=\"alignnone size-full wp-image-232350\" src=\"http:\/\/www.rctvinternational.com\/wp-content\/uploads\/2020\/10\/Sinopsis.png\" alt=\"\" width=\"125\" height=\"57\" \/><\/p>\n<p style=\"text-align: justify;\">Yolanda (<strong>Norkys Batista<\/strong>) y Ram\u00f3n (<strong>Alfonso Medina<\/strong>) deber\u00e1n enfrentarse al mundo real al regresar de su luna de miel.\u00a0\u00a0As\u00ed que la primera gran meta matrimonial que se trazan es encontrar su \u2018nidito de amor\u2019. Por eso, Ram\u00f3n intenta multiplicar el dinero que les regalaron el d\u00eda de su boda para poder adquirir una vivienda propia.<\/p>\n<p style=\"text-align: justify;\">El gran negocio termina siendo un fiasco y se pierde toda la inversi\u00f3n, mientras Yolanda es despedida de su trabajo.\u00a0La soluci\u00f3n es aceptar la oferta de Do\u00f1a Carmen (la madre de Yolanda), quien les dijo que les dejar\u00eda su casa y ella se ir\u00eda\u00a0a vivir lejos de la capital para llevar una vida m\u00e1s tranquila.<\/p>\n<p style=\"text-align: justify;\">Yolanda decide montar un sal\u00f3n de belleza casero para percibir ingresos mientras la situaci\u00f3n econ\u00f3mica mejora. Pero, su madre decide no mudarse, raz\u00f3n por la cual tendr\u00e1n que vivir todos juntos: La entrometida y \u00e1cida suegra, el yerno bonach\u00f3n e impulsivo que no mide las consecuencias de sus actos y la decidida y emprendedora esposa.<\/p>\n<p style=\"text-align: justify;\">Las risas no se har\u00e1n esperar con los equ\u00edvocos y confusiones que vivir\u00e1 el joven matrimonio ahora que saben que \u2018Esto es lo que hay\u2019.<\/p>\n<p><img decoding=\"async\" loading=\"lazy\" class=\"alignnone wp-image-231431 size-full\" src=\"http:\/\/www.rctvinternational.com\/wp-content\/uploads\/2020\/04\/deberias-saber-que.jpg\" alt=\"\" width=\"265\" height=\"39\" \/><\/p>\n<p style=\"text-align: justify;\">Este <em><strong>sitcom<\/strong><\/em> cuenta con actuaciones estelares de grandes figuras dram\u00e1ticas de la televisi\u00f3n venezolana, que demuestran que saben hacer llorar, pero tambi\u00e9n tienen un gran talento para la comedia.<\/p>\n<p>&nbsp;<\/p>","protected":false},"featured_media":234011,"template":"","meta":{"_et_pb_use_builder":"","_et_pb_old_content":"","_et_gb_content_width":""},"product_cat":[27],"product_tag":[],"acf":[],"_links":{"self":[{"href":"http:\/\/3.144.191.25\/en\/wp-json\/wp\/v2\/product\/234010"}],"collection":[{"href":"http:\/\/3.144.191.25\/en\/wp-json\/wp\/v2\/product"}],"about":[{"href":"http:\/\/3.144.191.25\/en\/wp-json\/wp\/v2\/types\/product"}],"wp:featuredmedia":[{"embeddable":true,"href":"http:\/\/3.144.191.25\/en\/wp-json\/wp\/v2\/media\/234011"}],"wp:attachment":[{"href":"http:\/\/3.144.191.25\/en\/wp-json\/wp\/v2\/media?parent=234010"}],"wp:term":[{"taxonomy":"product_cat","embeddable":true,"href":"http:\/\/3.144.191.25\/en\/wp-json\/wp\/v2\/product_cat?post=234010"},{"taxonomy":"product_tag","embeddable":true,"href":"http:\/\/3.144.191.25\/en\/wp-json\/wp\/v2\/product_tag?post=234010"}],"curies":[{"name":"wp","href":"https:\/\/api.w.org\/{rel}","templated":true}]}}