{"id":234178,"date":"2019-08-08T22:00:47","date_gmt":"2019-08-08T22:00:47","guid":{"rendered":"http:\/\/www.rctvinternational.com\/?post_type=product&#038;p=234178"},"modified":"2025-05-07T23:16:28","modified_gmt":"2025-05-07T23:16:28","slug":"luisa-fernanda","status":"publish","type":"product","link":"http:\/\/3.144.191.25\/en\/product\/luisa-fernanda\/","title":{"rendered":"Luisa Fernanda"},"content":{"rendered":"<div style=\"width: 100%; min-height: 1px;\" id=\"vimeo-wc-video-6a02222c6d1df\" data-js=\"vimeo-wc-video\" data-atts=\"{&quot;autopause&quot;:&quot;true&quot;,&quot;autoplay&quot;:false,&quot;background&quot;:false,&quot;byline&quot;:&quot;true&quot;,&quot;color&quot;:&quot;none&quot;,&quot;controls&quot;:&quot;true&quot;,&quot;dnt&quot;:&quot;true&quot;,&quot;height&quot;:&quot;none&quot;,&quot;id&quot;:false,&quot;loop&quot;:false,&quot;maxheight&quot;:&quot;none&quot;,&quot;maxwidth&quot;:&quot;none&quot;,&quot;muted&quot;:false,&quot;pip&quot;:false,&quot;playsinline&quot;:&quot;true&quot;,&quot;portrait&quot;:&quot;true&quot;,&quot;quality&quot;:&quot;auto&quot;,&quot;responsive&quot;:&quot;true&quot;,&quot;speed&quot;:false,&quot;texttrack&quot;:&quot;none&quot;,&quot;title&quot;:&quot;true&quot;,&quot;transparent&quot;:true,&quot;url&quot;:&quot;https:\\\/\\\/vimeo.com\\\/728234254&quot;,&quot;width&quot;:&quot;none&quot;}\"><\/div>\n<p>&nbsp;<\/p>","protected":false},"excerpt":{"rendered":"<p><img decoding=\"async\" loading=\"lazy\" class=\"alignnone size-medium wp-image-234183\" src=\"http:\/\/www.rctvinternational.com\/wp-content\/uploads\/2022\/07\/Luisa_FernandaClaquetas_2022-16-229x300.png\" alt=\"\" width=\"229\" height=\"300\" \/><\/p>\n<p><img decoding=\"async\" loading=\"lazy\" class=\"alignnone size-full wp-image-232350\" src=\"http:\/\/www.rctvinternational.com\/wp-content\/uploads\/2020\/10\/Sinopsis.png\" alt=\"\" width=\"125\" height=\"57\" \/><\/p>\n<div>Esta es la historia de tres consentidas universitarias: Luisa Fernanda, Alejandra y Mirian. El romance parece ser uno m\u00e1s de sus caprichos, pero sus decisiones ingenuas acabar\u00e1n teniendo inesperadas consecuencias que cambiar\u00e1n sus vidas de manera irreparable.<\/div>\n<div><\/div>\n<div><\/div>\n<div><strong>Luisa Fernanda (Scarlet Ortiz)<\/strong> es una mujer adinerada, menospreciada por su padre, un exitoso abogado con problemas de alcoholismo. Ella est\u00e1 acostumbrada a tomarse las emociones y sentimientos de forma ligera.<\/div>\n<div><\/div>\n<div><\/div>\n<div>Hasta que a manera de juego, decide conquistar a un apuesto profesor, Rodolfo Arismendi <strong>(Guillermo P\u00e9rez)<\/strong>, quien es novio de una profesora llamada Alicia, una mujer malintencionada que act\u00faa ben\u00e9volamente frente a Rodolfo mientras que odia y envidia a Luisa Fernanda.<\/div>\n<div><\/div>\n<div><\/div>\n<div>Un d\u00eda, para vengarse de Alicia, Luisa Fernanda se propone seducir a Rodolfo, el \u00fanico problema es que terminar\u00e1 enamor\u00e1ndose. La pasi\u00f3n de esta joven crecer\u00e1, lo que la har\u00e1 caer en un tri\u00e1ngulo amoroso inevitable. En este contexto, la rivalidad con Alicia ser\u00e1 un impedimento para que Luisa Fernanda pueda vivir su historia de amor con Rodolfo, quien deber\u00e1 escoger si atreverse a seguir adelante con lo que dicta su coraz\u00f3n o cumplir con el deber que siente que le corresponde.<\/div>\n<div><\/div>\n<div><\/div>\n<div>La mejor amiga de Luisa Fernanda es la muy apasionada Alejandra, quien siente una gran atracci\u00f3n por Fabi\u00e1n. Cree haber conseguido al pr\u00edncipe de sus sue\u00f1os, pero ignora que se trata de un hombre casado. Con el paso del tiempo, Alejandra y Fabi\u00e1n vivir\u00e1n un amor il\u00edcito que pondr\u00e1 en juego el destino de Alejandra.<\/div>\n<div><\/div>\n<div><\/div>\n<div>Mientras Mirian aparenta ser una adinerada mujer, pero la realidad es que sus padres, unos humildes campesinos que viven en el interior del pa\u00eds, hacen grandes sacrificios para costear su educaci\u00f3n. Para mantener las apariencias, Mirian ser\u00e1 capaz de mentir y enga\u00f1ar sin medir las consecuencias de sus acciones; algo que a la larga pagar\u00e1 caro. Deber\u00e1 aprender de una manera muy dura que fingir puede generar m\u00e1s angustia que felicidad.<\/div>\n<div><\/div>\n<div><\/div>\n<div><img decoding=\"async\" loading=\"lazy\" class=\"alignnone wp-image-231431 size-full\" src=\"http:\/\/www.rctvinternational.com\/wp-content\/uploads\/2020\/04\/deberias-saber-que.jpg\" alt=\"\" width=\"265\" height=\"39\" \/><\/div>\n<div><\/div>\n<div>\n<div>Esta telenovela est\u00e1 basada en Abigail, ic\u00f3nica producci\u00f3n de RCTV, transmitida en m\u00e1s de 25 pa\u00edses, con \u00e9xito rotundo de sinton\u00eda.<\/div>\n<div><\/div>\n<div>Luisa Fernanda fue transmitida internacionalmente recibiendo gran aceptaci\u00f3n del p\u00fablico en las pantallas tradicionales de TV y actualmente se encuentra disponible en varias plataformas de streaming.<\/div>\n<\/div>\n<div><\/div>","protected":false},"featured_media":234179,"template":"","meta":{"_et_pb_use_builder":"","_et_pb_old_content":"","_et_gb_content_width":""},"product_cat":[23],"product_tag":[678,252],"acf":[],"_links":{"self":[{"href":"http:\/\/3.144.191.25\/en\/wp-json\/wp\/v2\/product\/234178"}],"collection":[{"href":"http:\/\/3.144.191.25\/en\/wp-json\/wp\/v2\/product"}],"about":[{"href":"http:\/\/3.144.191.25\/en\/wp-json\/wp\/v2\/types\/product"}],"wp:featuredmedia":[{"embeddable":true,"href":"http:\/\/3.144.191.25\/en\/wp-json\/wp\/v2\/media\/234179"}],"wp:attachment":[{"href":"http:\/\/3.144.191.25\/en\/wp-json\/wp\/v2\/media?parent=234178"}],"wp:term":[{"taxonomy":"product_cat","embeddable":true,"href":"http:\/\/3.144.191.25\/en\/wp-json\/wp\/v2\/product_cat?post=234178"},{"taxonomy":"product_tag","embeddable":true,"href":"http:\/\/3.144.191.25\/en\/wp-json\/wp\/v2\/product_tag?post=234178"}],"curies":[{"name":"wp","href":"https:\/\/api.w.org\/{rel}","templated":true}]}}