{"id":234184,"date":"2019-05-31T20:04:51","date_gmt":"2019-05-31T20:04:51","guid":{"rendered":"http:\/\/www.rctvinternational.com\/?post_type=product&#038;p=234184"},"modified":"2025-08-29T16:27:22","modified_gmt":"2025-08-29T16:27:22","slug":"mujer-secreta","status":"publish","type":"product","link":"http:\/\/3.144.191.25\/en\/product\/mujer-secreta\/","title":{"rendered":"Mujer Secreta"},"content":{"rendered":"<div style=\"width: 100%; min-height: 1px;\" id=\"vimeo-wc-video-6a022233579d5\" data-js=\"vimeo-wc-video\" data-atts=\"{&quot;autopause&quot;:&quot;true&quot;,&quot;autoplay&quot;:false,&quot;background&quot;:false,&quot;byline&quot;:&quot;true&quot;,&quot;color&quot;:&quot;none&quot;,&quot;controls&quot;:&quot;true&quot;,&quot;dnt&quot;:&quot;true&quot;,&quot;height&quot;:&quot;none&quot;,&quot;id&quot;:false,&quot;loop&quot;:false,&quot;maxheight&quot;:&quot;none&quot;,&quot;maxwidth&quot;:&quot;none&quot;,&quot;muted&quot;:false,&quot;pip&quot;:false,&quot;playsinline&quot;:&quot;true&quot;,&quot;portrait&quot;:&quot;true&quot;,&quot;quality&quot;:&quot;auto&quot;,&quot;responsive&quot;:&quot;true&quot;,&quot;speed&quot;:false,&quot;texttrack&quot;:&quot;none&quot;,&quot;title&quot;:&quot;true&quot;,&quot;transparent&quot;:true,&quot;url&quot;:&quot;https:\\\/\\\/vimeo.com\\\/720896584&quot;,&quot;width&quot;:&quot;none&quot;}\"><\/div>\n<p>&nbsp;<\/p>\n<p>&nbsp;<\/p>\n<p>&nbsp;<\/p>","protected":false},"excerpt":{"rendered":"<p><img decoding=\"async\" loading=\"lazy\" class=\"alignnone size-medium wp-image-234185\" src=\"http:\/\/www.rctvinternational.com\/wp-content\/uploads\/2022\/07\/Mujer_Secreta_Claquetas_2022-17-229x300.png\" alt=\"\" width=\"229\" height=\"300\" \/><\/p>\n<p><img decoding=\"async\" loading=\"lazy\" class=\"alignnone size-full wp-image-232350\" src=\"http:\/\/www.rctvinternational.com\/wp-content\/uploads\/2020\/10\/Sinopsis.png\" alt=\"\" width=\"125\" height=\"57\" \/><\/p>\n<p>Eugenia (<strong>Carolina Tejera<\/strong>) es una joven dulce e inteligente que vive un verdadero infierno, bajo el dominio de su esposo Gustavo (<strong>Luis Fern\u00e1ndez<\/strong>), un hombre maltratador y alcoh\u00f3lico.<\/p>\n<p>Su historia cambia al conocer a Bernardo Valladares (<strong>Juan Carlos Vivas<\/strong>), primo de Gustavo, y a Jos\u00e9 Manuel Valladares (<strong>Mariano \u00c1lvarez<\/strong>), padre de Bernardo, quienes llegan del exterior con la intenci\u00f3n de llevar a cabo un importante proyecto bancario.<\/p>\n<p>Ambos hombres se enamoran de Eugenia y ella se sentir\u00e1 atra\u00edda por<strong>\u00a0<\/strong>Bernardo. Pero, a pesar de su triste situaci\u00f3n, la joven no puede dejar a su esposo Gustavo; ya que se encuentra amenazada y manipulada por su marido.<\/p>\n<p>Ante esto, Bernardo regresar\u00e1 al exterior y su padre se quedar\u00e1 para manejar el proyecto financiero. Una noche Jos\u00e9 Manuel y Eugenia est\u00e1n conversando y Gustavo aparece sorpresivamente, al verlos se llena de ira y de celos, se enfrenta a su propio primo y en la disputa acaba muerto.<\/p>\n<p>Jos\u00e9 Manuel se aprovecha de las circunstancias para chantajear a la joven viuda. Ella no tiene otra salida m\u00e1s que contraer nupcias con \u00e9l, pues Jos\u00e9 Manuel tiene todos los medios para hacerla ver culpable.<\/p>\n<p>Eugenia sigue sumida en la desdicha hasta que se reencuentra con Bernardo cuando este regresa del extranjero, convertido en un gran director de teatro, una pasi\u00f3n que ambos comparten. Tras bambalinas vivir\u00e1n un romance inevitable y secreto.<\/p>\n<p>Eugenia se transformar\u00e1 en una persona fuerte y valiente y adoptar\u00e1 una doble identidad. Ser\u00e1 la \u201cmujer secreta\u201d que revelar\u00e1 la verdad de la crisis bancaria que Jos\u00e9 Manuel ha creado en el pa\u00eds. Al mismo tiempo buscar\u00e1 la felicidad junto a Bernardo, su gran y verdadero amor.<\/p>\n<p style=\"text-align: justify;\"><img decoding=\"async\" loading=\"lazy\" class=\"alignnone wp-image-231431 size-full\" src=\"http:\/\/www.rctvinternational.com\/wp-content\/uploads\/2020\/04\/deberias-saber-que.jpg\" alt=\"\" width=\"265\" height=\"39\" \/><\/p>\n<p style=\"text-align: justify;\">Esta telenovela de 125 episodios fue emitida con \u00e9xito en al menos 22 pa\u00edses de Europa y alcanz\u00f3 una cantidad destacada de rating en EEUU.<\/p>\n<p style=\"text-align: justify;\">Para la protagonista Carolina Tejera, este fue su primer papel protag\u00f3nico con tan solo 23 a\u00f1os de edad.<\/p>","protected":false},"featured_media":234186,"template":"","meta":{"_et_pb_use_builder":"","_et_pb_old_content":"","_et_gb_content_width":""},"product_cat":[23],"product_tag":[400,669,667,583,670,671,668],"acf":[],"_links":{"self":[{"href":"http:\/\/3.144.191.25\/en\/wp-json\/wp\/v2\/product\/234184"}],"collection":[{"href":"http:\/\/3.144.191.25\/en\/wp-json\/wp\/v2\/product"}],"about":[{"href":"http:\/\/3.144.191.25\/en\/wp-json\/wp\/v2\/types\/product"}],"wp:featuredmedia":[{"embeddable":true,"href":"http:\/\/3.144.191.25\/en\/wp-json\/wp\/v2\/media\/234186"}],"wp:attachment":[{"href":"http:\/\/3.144.191.25\/en\/wp-json\/wp\/v2\/media?parent=234184"}],"wp:term":[{"taxonomy":"product_cat","embeddable":true,"href":"http:\/\/3.144.191.25\/en\/wp-json\/wp\/v2\/product_cat?post=234184"},{"taxonomy":"product_tag","embeddable":true,"href":"http:\/\/3.144.191.25\/en\/wp-json\/wp\/v2\/product_tag?post=234184"}],"curies":[{"name":"wp","href":"https:\/\/api.w.org\/{rel}","templated":true}]}}