{"id":234207,"date":"2019-09-05T23:50:02","date_gmt":"2019-09-05T23:50:02","guid":{"rendered":"http:\/\/www.rctvinternational.com\/?post_type=product&#038;p=234207"},"modified":"2025-05-07T23:08:28","modified_gmt":"2025-05-07T23:08:28","slug":"la-cuaima","status":"publish","type":"product","link":"http:\/\/3.144.191.25\/en\/product\/la-cuaima\/","title":{"rendered":"Carmencita, La Cuaima"},"content":{"rendered":"<div style=\"width: 100%; min-height: 1px;\" id=\"vimeo-wc-video-6a022fc15869f\" data-js=\"vimeo-wc-video\" data-atts=\"{&quot;autopause&quot;:&quot;true&quot;,&quot;autoplay&quot;:false,&quot;background&quot;:false,&quot;byline&quot;:&quot;true&quot;,&quot;color&quot;:&quot;none&quot;,&quot;controls&quot;:&quot;true&quot;,&quot;dnt&quot;:&quot;true&quot;,&quot;height&quot;:&quot;none&quot;,&quot;id&quot;:false,&quot;loop&quot;:false,&quot;maxheight&quot;:&quot;none&quot;,&quot;maxwidth&quot;:&quot;none&quot;,&quot;muted&quot;:false,&quot;pip&quot;:false,&quot;playsinline&quot;:&quot;true&quot;,&quot;portrait&quot;:&quot;true&quot;,&quot;quality&quot;:&quot;auto&quot;,&quot;responsive&quot;:&quot;true&quot;,&quot;speed&quot;:false,&quot;texttrack&quot;:&quot;none&quot;,&quot;title&quot;:&quot;true&quot;,&quot;transparent&quot;:true,&quot;url&quot;:&quot;https:\\\/\\\/vimeo.com\\\/739037980&quot;,&quot;width&quot;:&quot;none&quot;}\"><\/div>\n<p>&nbsp;<\/p>","protected":false},"excerpt":{"rendered":"<p><img decoding=\"async\" loading=\"lazy\" class=\"alignnone size-medium wp-image-234212\" src=\"http:\/\/www.rctvinternational.com\/wp-content\/uploads\/2022\/07\/Claqueta-La-Cuima-2022-18-229x300.png\" alt=\"\" width=\"229\" height=\"300\" \/><\/p>\n<p><img decoding=\"async\" loading=\"lazy\" class=\"alignnone size-full wp-image-232350\" src=\"http:\/\/www.rctvinternational.com\/wp-content\/uploads\/2020\/10\/Sinopsis.png\" alt=\"\" width=\"125\" height=\"57\" \/><\/p>\n<p style=\"font-weight: 400; text-align: justify;\">Carmencita Mel\u00e9ndez\u00a0<strong>(Catherine Correia)\u00a0<\/strong>es una atenta y adorable chica de campo a la que el desamor y una enfermedad hereditaria la transformar\u00e1n en lo que el mundo moderno define como una \u201ccuaima\u201d: una mujer \u00e1gil y dominante que tan solo busca obtener poder.<\/p>\n<p style=\"font-weight: 400; text-align: justify;\">La joven vive bajo el estigma de tener poca belleza, pero una insuperable inteligencia, de la cual algunos hombres intentan aprovecharse. Al llegar a la capital del pa\u00eds a estudiar para convertirse en una gran profesional, conoce a Sim\u00f3n Alvarenga (<strong>Jonathan Montenegro<\/strong>), un prestigioso alumno, que pertenece a la rica familia due\u00f1a de la universidad en donde estudian.<\/p>\n<p style=\"font-weight: 400; text-align: justify;\">El caprichoso hombre decide conquistar a la ingenua chica para aprovecharse de su inusual talento con las matem\u00e1ticas para graduarse y poder heredar la Universidad. Sin embargo, Carmencita comenzar\u00e1 a sufrir de serios trastornos neurol\u00f3gicos como resultado de una enfermedad que tambi\u00e9n padeci\u00f3 su reci\u00e9n fallecida madre y que la hacen actuar como una mujer atrevida y p\u00edcara, interesada en arrebatarle a Sim\u00f3n todo lo que tiene.<\/p>\n<p style=\"font-weight: 400;\">Ambos caer\u00e1n v\u00edctimas de su propio juego, pero terminar\u00e1n irremediablemente enamorados. Vivir\u00e1n una rom\u00e1ntica historia llena de altos y bajos; deber\u00e1n tomar conciencia de que la verdad y bondad ser\u00e1 la clave para tener el final feliz que como enamorados so\u00f1aron vivir.<\/p>\n<p style=\"font-weight: 400; text-align: justify;\">\u201cLa Cuaima\u201d es una telenovela que revela a una mujer que ha debido enfrentarse a diferentes problemas para obtener todo lo que no ten\u00eda. Pretender\u00e1 ser alguien diferente, conseguir\u00e1 la estabilidad mental y emocional que le permitir\u00e1n ser la verdadera mujer exitosa que siempre quiso.<\/p>\n<p style=\"text-align: justify;\"><img decoding=\"async\" loading=\"lazy\" class=\"alignnone wp-image-231431 size-full\" src=\"http:\/\/www.rctvinternational.com\/wp-content\/uploads\/2020\/04\/deberias-saber-que.jpg\" alt=\"\" width=\"265\" height=\"39\" \/><\/p>\n<p style=\"font-weight: 400; text-align: justify;\">Coloquialmente en Venezuela, \u201ccuaima\u201d es una palabra que define a una mujer celosa, que hay que tenerle cuidado, as\u00ed, se asocia con la serpiente del mismo nombre por su letalidad. Tambi\u00e9n es una palabra que hace referencia a una mujer resuelta y muy lista; esta acepci\u00f3n es la que se quiso resaltar en esta telenovela.<\/p>","protected":false},"featured_media":234240,"template":"","meta":{"_et_pb_use_builder":"","_et_pb_old_content":"","_et_gb_content_width":""},"product_cat":[23],"product_tag":[326,264,515,304,682,580,683,670],"acf":[],"_links":{"self":[{"href":"http:\/\/3.144.191.25\/en\/wp-json\/wp\/v2\/product\/234207"}],"collection":[{"href":"http:\/\/3.144.191.25\/en\/wp-json\/wp\/v2\/product"}],"about":[{"href":"http:\/\/3.144.191.25\/en\/wp-json\/wp\/v2\/types\/product"}],"wp:featuredmedia":[{"embeddable":true,"href":"http:\/\/3.144.191.25\/en\/wp-json\/wp\/v2\/media\/234240"}],"wp:attachment":[{"href":"http:\/\/3.144.191.25\/en\/wp-json\/wp\/v2\/media?parent=234207"}],"wp:term":[{"taxonomy":"product_cat","embeddable":true,"href":"http:\/\/3.144.191.25\/en\/wp-json\/wp\/v2\/product_cat?post=234207"},{"taxonomy":"product_tag","embeddable":true,"href":"http:\/\/3.144.191.25\/en\/wp-json\/wp\/v2\/product_tag?post=234207"}],"curies":[{"name":"wp","href":"https:\/\/api.w.org\/{rel}","templated":true}]}}