{"id":234241,"date":"2023-04-13T19:23:15","date_gmt":"2023-04-13T19:23:15","guid":{"rendered":"http:\/\/www.rctvinternational.com\/?post_type=product&#038;p=234241"},"modified":"2025-03-13T13:10:52","modified_gmt":"2025-03-13T13:10:52","slug":"diente-por-diente","status":"publish","type":"product","link":"http:\/\/3.144.191.25\/en\/product\/diente-por-diente\/","title":{"rendered":"Diente por Diente"},"content":{"rendered":"<div style=\"width: 100%; min-height: 1px;\" id=\"vimeo-wc-video-6a021eda50047\" data-js=\"vimeo-wc-video\" data-atts=\"{&quot;autopause&quot;:&quot;true&quot;,&quot;autoplay&quot;:false,&quot;background&quot;:false,&quot;byline&quot;:&quot;true&quot;,&quot;color&quot;:&quot;none&quot;,&quot;controls&quot;:&quot;true&quot;,&quot;dnt&quot;:&quot;true&quot;,&quot;height&quot;:&quot;none&quot;,&quot;id&quot;:false,&quot;loop&quot;:false,&quot;maxheight&quot;:&quot;none&quot;,&quot;maxwidth&quot;:&quot;none&quot;,&quot;muted&quot;:false,&quot;pip&quot;:false,&quot;playsinline&quot;:&quot;true&quot;,&quot;portrait&quot;:&quot;true&quot;,&quot;quality&quot;:&quot;auto&quot;,&quot;responsive&quot;:&quot;true&quot;,&quot;speed&quot;:false,&quot;texttrack&quot;:&quot;none&quot;,&quot;title&quot;:&quot;true&quot;,&quot;transparent&quot;:true,&quot;url&quot;:&quot;https:\\\/\\\/vimeo.com\\\/739002233&quot;,&quot;width&quot;:&quot;none&quot;}\"><\/div>","protected":false},"excerpt":{"rendered":"<p><img decoding=\"async\" loading=\"lazy\" class=\"alignnone size-medium wp-image-234661\" src=\"http:\/\/www.rctvinternational.com\/wp-content\/uploads\/2022\/08\/Diente_por_Diente_Claquetas_2022-20-229x300.png\" alt=\"\" width=\"229\" height=\"300\" \/><\/p>\n<p><img decoding=\"async\" loading=\"lazy\" class=\"alignnone size-full wp-image-232350\" src=\"http:\/\/www.rctvinternational.com\/wp-content\/uploads\/2020\/10\/Sinopsis.png\" alt=\"\" width=\"125\" height=\"57\" \/><\/p>\n<p>Entre bromas y desaf\u00edos, as\u00ed se desarrolla este programa de muy divertidas competencias donde los participantes deb\u00edan poner a prueba sus capacidades. Al final del concurso, uno solo de los participantes compite contra el resto.<\/p>\n<p>El reto final var\u00eda tanto como los ocurrentes retos que los concursantes deben superar. En cada cap\u00edtulo algo nunca faltar\u00e1: las provocaciones del p\u00fablico y de la animadora que aumentan el entusiasmo en este particular juego.<\/p>\n<p>Con comentarios afilados, la conductora Erika de La Vega destaca el estilo de humor ocurrente del programa y revela los desaf\u00edos que deben atreverse a pasar los participantes.\u00a0 Solo superando a los dem\u00e1s en las pruebas establecidas se puede llegar hasta el final para recibir el premio y convertirse en el gran ganador.<\/p>\n<p><img decoding=\"async\" loading=\"lazy\" class=\"alignnone size-full wp-image-231431\" src=\"http:\/\/www.rctvinternational.com\/wp-content\/uploads\/2020\/04\/deberias-saber-que.jpg\" alt=\"\" width=\"265\" height=\"39\" \/><\/p>\n<p style=\"text-align: justify;\">La irreverencia y espontaneidad, adem\u00e1s de los divertidos retos que contiene el programa lo hizo uno de los m\u00e1s famosos entre el p\u00fablico, llev\u00f3 los \u00edndices de rating al m\u00e1ximo, superando a las producciones de comedia que se transmit\u00edan en el mismo horario.<\/p>","protected":false},"featured_media":234242,"template":"","meta":{"_et_pb_use_builder":"","_et_pb_old_content":"","_et_gb_content_width":""},"product_cat":[25],"product_tag":[805,807,806,669,808,804],"acf":[],"_links":{"self":[{"href":"http:\/\/3.144.191.25\/en\/wp-json\/wp\/v2\/product\/234241"}],"collection":[{"href":"http:\/\/3.144.191.25\/en\/wp-json\/wp\/v2\/product"}],"about":[{"href":"http:\/\/3.144.191.25\/en\/wp-json\/wp\/v2\/types\/product"}],"wp:featuredmedia":[{"embeddable":true,"href":"http:\/\/3.144.191.25\/en\/wp-json\/wp\/v2\/media\/234242"}],"wp:attachment":[{"href":"http:\/\/3.144.191.25\/en\/wp-json\/wp\/v2\/media?parent=234241"}],"wp:term":[{"taxonomy":"product_cat","embeddable":true,"href":"http:\/\/3.144.191.25\/en\/wp-json\/wp\/v2\/product_cat?post=234241"},{"taxonomy":"product_tag","embeddable":true,"href":"http:\/\/3.144.191.25\/en\/wp-json\/wp\/v2\/product_tag?post=234241"}],"curies":[{"name":"wp","href":"https:\/\/api.w.org\/{rel}","templated":true}]}}