{"id":234243,"date":"2023-04-13T19:30:01","date_gmt":"2023-04-13T19:30:01","guid":{"rendered":"http:\/\/www.rctvinternational.com\/?post_type=product&#038;p=234243"},"modified":"2025-03-13T13:09:07","modified_gmt":"2025-03-13T13:09:07","slug":"super-diente-por-diente","status":"publish","type":"product","link":"http:\/\/3.144.191.25\/en\/product\/super-diente-por-diente\/","title":{"rendered":"Super Diente Por Diente"},"content":{"rendered":"<div style=\"width: 100%; min-height: 1px;\" id=\"vimeo-wc-video-6a022baf12479\" data-js=\"vimeo-wc-video\" data-atts=\"{&quot;autopause&quot;:&quot;true&quot;,&quot;autoplay&quot;:false,&quot;background&quot;:false,&quot;byline&quot;:&quot;true&quot;,&quot;color&quot;:&quot;none&quot;,&quot;controls&quot;:&quot;true&quot;,&quot;dnt&quot;:&quot;true&quot;,&quot;height&quot;:&quot;none&quot;,&quot;id&quot;:false,&quot;loop&quot;:false,&quot;maxheight&quot;:&quot;none&quot;,&quot;maxwidth&quot;:&quot;none&quot;,&quot;muted&quot;:false,&quot;pip&quot;:false,&quot;playsinline&quot;:&quot;true&quot;,&quot;portrait&quot;:&quot;true&quot;,&quot;quality&quot;:&quot;auto&quot;,&quot;responsive&quot;:&quot;true&quot;,&quot;speed&quot;:false,&quot;texttrack&quot;:&quot;none&quot;,&quot;title&quot;:&quot;true&quot;,&quot;transparent&quot;:true,&quot;url&quot;:&quot;https:\\\/\\\/vimeo.com\\\/739037377&quot;,&quot;width&quot;:&quot;none&quot;}\"><\/div>","protected":false},"excerpt":{"rendered":"<p><img decoding=\"async\" loading=\"lazy\" class=\"alignnone size-medium wp-image-234657\" src=\"http:\/\/www.rctvinternational.com\/wp-content\/uploads\/2023\/01\/Super_Diente_por_Diente_Claquetas_2022-21-229x300.png\" alt=\"\" width=\"229\" height=\"300\" \/><\/p>\n<p><img decoding=\"async\" loading=\"lazy\" class=\"alignnone size-full wp-image-232350\" src=\"http:\/\/www.rctvinternational.com\/wp-content\/uploads\/2020\/10\/Sinopsis.png\" alt=\"\" width=\"125\" height=\"57\" \/><\/p>\n<p style=\"text-align: justify;\">Un programa entretenido de concursos que pone a prueba las habilidades de los competidores, exponiendo las debilidades y fortalezas de cada concursante. Para obtener el premio, que consiste una recompensa monetaria, cada participante se convierte en un rival, enfrent\u00e1ndose entre s\u00ed. El objetivo es ir eliminando a la competencia y as\u00ed, gana el participante que se enfrenta al banquillo de perdedores al final del evento.<\/p>\n<p style=\"text-align: justify;\">Para destacar en el programa se debe probar las aptitudes f\u00edsicas que se posee, pero tambi\u00e9n quien es el m\u00e1s listo de todos con conocimientos en trivias sobre geograf\u00eda, matem\u00e1ticas, historia y cultura general. Todo en un ambiente muy c\u00f3mico, donde el p\u00fablico participa con entusiasmo gritando frases jocosas para favorecer o desfavorecer a los competidores.<\/p>\n<p style=\"text-align: justify;\">El programa, caracterizado por la espontaneidad del ambiente en que se desenvolv\u00edan los participantes y los chistosos comentarios de la animadora, se convirti\u00f3 en uno de los programas de concursos m\u00e1s frescos de la televisi\u00f3n venezolana. Ning\u00fan episodio est\u00e1 desprovisto de comedia, y entre risas, <strong>Super Diente Por Diente<\/strong> nos regala un momento donde triunfa indiscutiblemente la diversi\u00f3n.<\/p>\n<p><img decoding=\"async\" loading=\"lazy\" class=\"alignnone size-full wp-image-231431\" src=\"http:\/\/www.rctvinternational.com\/wp-content\/uploads\/2020\/04\/deberias-saber-que.jpg\" alt=\"\" width=\"265\" height=\"39\" \/><\/p>\n<p style=\"text-align: justify;\"><strong>Super Diente Por Diente<\/strong> es una versi\u00f3n del famoso programa <strong>Diente Por Diente<\/strong>, el cual fue por mucho tiempo el favorito de la audiencia venezolana entre los programas de concursos debido a su autenticidad y formato sencillo pero cargado de diversi\u00f3n y entretenimiento.<\/p>","protected":false},"featured_media":234244,"template":"","meta":{"_et_pb_use_builder":"","_et_pb_old_content":"","_et_gb_content_width":""},"product_cat":[25],"product_tag":[578,805,669,804,803],"acf":[],"_links":{"self":[{"href":"http:\/\/3.144.191.25\/en\/wp-json\/wp\/v2\/product\/234243"}],"collection":[{"href":"http:\/\/3.144.191.25\/en\/wp-json\/wp\/v2\/product"}],"about":[{"href":"http:\/\/3.144.191.25\/en\/wp-json\/wp\/v2\/types\/product"}],"wp:featuredmedia":[{"embeddable":true,"href":"http:\/\/3.144.191.25\/en\/wp-json\/wp\/v2\/media\/234244"}],"wp:attachment":[{"href":"http:\/\/3.144.191.25\/en\/wp-json\/wp\/v2\/media?parent=234243"}],"wp:term":[{"taxonomy":"product_cat","embeddable":true,"href":"http:\/\/3.144.191.25\/en\/wp-json\/wp\/v2\/product_cat?post=234243"},{"taxonomy":"product_tag","embeddable":true,"href":"http:\/\/3.144.191.25\/en\/wp-json\/wp\/v2\/product_tag?post=234243"}],"curies":[{"name":"wp","href":"https:\/\/api.w.org\/{rel}","templated":true}]}}